{"id":7418,"date":"2015-12-01T04:44:59","date_gmt":"2015-12-01T03:44:59","guid":{"rendered":"https:\/\/bartart.it\/commissioni-2\/"},"modified":"2026-05-05T12:30:37","modified_gmt":"2026-05-05T10:30:37","slug":"comisiones","status":"publish","type":"page","link":"https:\/\/bartart.it\/es\/comisiones\/","title":{"rendered":"comisiones"},"content":{"rendered":"<div class=\"wpb-content-wrapper\"><p>[vc_row full_width=\u00bbstretch_row\u00bb css=\u00bb.vc_custom_1761666244105{background-color: #000000 !important;}\u00bb][vc_column][vc_custom_heading text=\u00bbEsculturas de arcilla personalizadas | bArtArt\u00bb font_container=\u00bbtag:h1|text_align:left\u00bb css=\u00bb\u00bb el_class=\u00bbvisually-hidden\u00bb][vc_empty_space height=\u00bb50px\u00bb][vc_custom_heading text=\u00bbTRABAJOS POR ENCARGO.<br \/>\nCONT\u00c1CTAME PARA UN PRESUPUESTO PERSONALIZADO.\u00bb font_container=\u00bbtag:h2|font_size:28|text_align:center|color:%23FFFFFF\u00bb use_theme_fonts=\u00bbyes\u00bb css=\u00bb\u00bb tm_font_weight=\u00bb800&#8243;][vc_empty_space height=\u00bb50px\u00bb][\/vc_column][\/vc_row][vc_row full_width=\u00bbstretch_row\u00bb css=\u00bb.vc_custom_1776417981018{padding-bottom: 10px !important;background-color: #000000 !important;}\u00bb][vc_column width=\u00bb1\/2&#8243; offset=\u00bbvc_col-lg-3&#8243; css=\u00bb.vc_custom_1448617657102{margin-bottom: 40px !important;}\u00bb][thememove_pricing_box package_heading=\u00bbMuebles de Pared\u00bb package_price=\u00bbMP\u00bb package_btn_text=\u00bbOBRAS CREADAS PARA REVESTIMIENTO DE PAREDES\u00bb package_link=\u00bburl:https%3A%2F%2Fbartart.it%2Fes%2Fopere-a-muro%2F|title:Godzilla\u00bb package_image=\u00bb5824&#8243; el_class=\u00bbzoomable-box\u00bb]<\/p>\n<p style=\"text-align: center;\">ada creaci\u00f3n puede exhibirse en la pared como un cuadro o integrarse como objeto decorativo, seg\u00fan su narrativa y forma. En los detalles de cada pieza, descubrir\u00e1s las variaciones y maneras en que fue concebida para mimetizarse con su entorno de forma sutil.<\/p>\n<p>[\/thememove_pricing_box][\/vc_column][vc_column width=\u00bb1\/2&#8243; offset=\u00bbvc_col-lg-3&#8243; css=\u00bb.vc_custom_1448617666890{margin-bottom: 40px !important;}\u00bb][thememove_pricing_box package_heading=\u00bbIluminaci\u00f3n Art\u00edstica\u00bb package_price=\u00bbIA\u00bb package_btn_text=\u00bbOBRAS CREADAS TAMBI\u00c9N PARA ILUMINACI\u00d3N\u00bb package_link=\u00bburl:https%3A%2F%2Fbartart.it%2Fes%2Filluminazione-dautore%2F|title:Alien\u00bb package_image=\u00bb6767&#8243;]<\/p>\n<p style=\"text-align: center;\">Cada pieza puede adaptarse para convertirse en una elegante fuente de luz o en un original elemento decorativo. La fuente de luz, que puede variar desde una vela hasta un sistema LED ofrece atm\u00f3sferas diferentes y evocadoras efectos incluso en la oscuridad.<\/p>\n<p>[\/thememove_pricing_box][\/vc_column][vc_column width=\u00bb1\/2&#8243; offset=\u00bbvc_col-lg-3&#8243; css=\u00bb.vc_custom_1448617677536{margin-bottom: 40px !important;}\u00bb][thememove_pricing_box package_heading=\u00bbDecoraci\u00f3n Alternativa\u00bb package_price=\u00bbDA\u00bb package_btn_text=\u00bbOBRAS CREADAS PARA EL MOBILIARIO\u00bb package_link=\u00bburl:https%3A%2F%2Fbartart.it%2Fes%2Fcomisiones-de-mobiliario%2F|title:Ippopotamo\u00bb package_image=\u00bb5826&#8243;]<\/p>\n<p style=\"text-align: center;\">Mis obras est\u00e1n dise\u00f1adas para enriquecer el ambiente del hogar como aut\u00e9nticos elementos decorativos. La posibilidad de personalizarlas les a\u00f1ade valor: una forma \u00fanica de armonizar colores, formas y sensaciones con el estilo y el gusto de quienes las reciben.<\/p>\n<p>[\/thememove_pricing_box][\/vc_column][vc_column width=\u00bb1\/2&#8243; offset=\u00bbvc_col-lg-3&#8243; css=\u00bb.vc_custom_1448617686533{margin-bottom: 40px !important;}\u00bb][thememove_pricing_box package_heading=\u00bbRecepci\u00f3n Tiendas\u00bb package_price=\u00bbNR\u00bb package_btn_text=\u00bbOBRAS CREADAS PARA ESPACIOS P\u00daBLICOS\u00bb package_link=\u00bburl:https%3A%2F%2Fbartart.it%2Fes%2Fclienti-e-spazi%2F|title:Clienti%20e%20spazi\u00bb package_image=\u00bb5829&#8243;]<\/p>\n<p style=\"text-align: center;\">Estos objetos son ideales no solo para entornos privados, sino tambi\u00e9n para espacios p\u00fablicos. Mis creaciones aportan car\u00e1cter y singularidad a vest\u00edbulos de hoteles, galer\u00edas de arte, tiendas y cualquier lugar que desee destacar con un toque de estilo original y personalizado.<\/p>\n<p>[\/thememove_pricing_box][\/vc_column][\/vc_row][vc_row full_width=\u00bbstretch_row\u00bb css=\u00bb.vc_custom_1776418037404{padding-bottom: 60px !important;background-color: #000000 !important;border-color: #000000 !important;}\u00bb row_bg_overlay=\u00bb#000000&#8243;][vc_column width=\u00bb1\/4&#8243;][vc_btn title=\u00bbMUEBLES DE PARED\u00bb color=\u00bbwarning\u00bb css=\u00bb\u00bb link=\u00bburl:https%3A%2F%2Fbartart.it%2Fes%2Fencargos-para-obras-murales%2F|\u00bb][\/vc_column][vc_column width=\u00bb1\/4&#8243;][vc_btn title=\u00bbILUMINACI\u00d3N DE EFECTOS\u00bb color=\u00bbwarning\u00bb css=\u00bb\u00bb link=\u00bburl:https%3A%2F%2Fbartart.it%2Fes%2Fencargos-de-muebles-y-lamparas-de-diseno%2F|\u00bb][\/vc_column][vc_column width=\u00bb1\/4&#8243;][vc_btn title=\u00bbMUEBLES ALTERNATIVOS\u00bb color=\u00bbwarning\u00bb css=\u00bb\u00bb link=\u00bburl:https%3A%2F%2Fbartart.it%2Fes%2Fcomisiones-de-mobiliario%2F|\u00bb][\/vc_column][vc_column width=\u00bb1\/4&#8243;][vc_btn title=\u00bbMEJORA DE LOS ESPACIOS P\u00daBLICOS\u00bb color=\u00bbwarning\u00bb css=\u00bb\u00bb link=\u00bburl:https%3A%2F%2Fbartart.it%2Fes%2Fcomisiones-para-espacios-publicos%2F|\u00bb][\/vc_column][\/vc_row][vc_row full_width=\u00bbstretch_row\u00bb css=\u00bb.vc_custom_1761666316793{background-color: #000000 !important;}\u00bb][vc_column][vc_raw_js]JTNDc2NyaXB0JTNFJTBBZG9jdW1lbnQuYWRkRXZlbnRMaXN0ZW5lciUyOCUyN0RPTUNvbnRlbnRMb2FkZWQlMjclMkMlMjBmdW5jdGlvbiUyOCUyOSUyMCU3QiUwQSUyMCUyMCUyRiUyRiUyMGNyZWElMjBvdmVybGF5JTBBJTIwJTIwY29uc3QlMjBvdmVybGF5JTIwJTNEJTIwZG9jdW1lbnQuY3JlYXRlRWxlbWVudCUyOCUyN2RpdiUyNyUyOSUzQiUwQSUyMCUyMG92ZXJsYXkuY2xhc3NMaXN0LmFkZCUyOCUyN2xpZ2h0Ym94LW92ZXJsYXklMjclMjklM0IlMEElMjAlMjBjb25zdCUyMGltZyUyMCUzRCUyMGRvY3VtZW50LmNyZWF0ZUVsZW1lbnQlMjglMjdpbWclMjclMjklM0IlMEElMjAlMjBvdmVybGF5LmFwcGVuZENoaWxkJTI4aW1nJTI5JTNCJTBBJTIwJTIwZG9jdW1lbnQuYm9keS5hcHBlbmRDaGlsZCUyOG92ZXJsYXklMjklM0IlMEElMEElMjAlMjAlMkYlMkYlMjBjaGl1c3VyYSUwQSUyMCUyMG92ZXJsYXkuYWRkRXZlbnRMaXN0ZW5lciUyOCUyN2NsaWNrJTI3JTJDJTIwJTI4JTI5JTIwJTNEJTNFJTIwb3ZlcmxheS5jbGFzc0xpc3QucmVtb3ZlJTI4JTI3YWN0aXZlJTI3JTI5JTI5JTNCJTBBJTBBJTIwJTIwJTJGJTJGJTIwYXR0aXZhemlvbmUlMEElMjAlMjBkb2N1bWVudC5xdWVyeVNlbGVjdG9yQWxsJTI4JTI3Lnpvb21hYmxlJTI3JTI5LmZvckVhY2glMjhlbCUyMCUzRCUzRSUyMCU3QiUwQSUyMCUyMCUyMCUyMGVsLmFkZEV2ZW50TGlzdGVuZXIlMjglMjdjbGljayUyNyUyQyUyMGUlMjAlM0QlM0UlMjAlN0IlMEElMjAlMjAlMjAlMjAlMjAlMjBlLnByZXZlbnREZWZhdWx0JTI4JTI5JTNCJTBBJTIwJTIwJTIwJTIwJTIwJTIwaW1nLnNyYyUyMCUzRCUyMGVsLmdldEF0dHJpYnV0ZSUyOCUyN2hyZWYlMjclMjklM0IlMEElMjAlMjAlMjAlMjAlMjAlMjBvdmVybGF5LmNsYXNzTGlzdC5hZGQlMjglMjdhY3RpdmUlMjclMjklM0IlMEElMjAlMjAlMjAlMjAlN0QlMjklM0IlMEElMjAlMjAlN0QlMjklM0IlMEElN0QlMjklM0IlMEElM0MlMkZzY3JpcHQlM0UlMEE=[\/vc_raw_js][\/vc_column][\/vc_row][vc_row full_width=\u00bbstretch_row\u00bb css=\u00bb.vc_custom_1765465571644{background-color: #000000 !important;}\u00bb][vc_column][vc_custom_heading text=\u00bbPUESTA EN MARCHA, COMUNICACI\u00d3N Y TIEMPOS\u00bb font_container=\u00bbtag:h3|font_size:28|text_align:center\u00bb use_theme_fonts=\u00bbyes\u00bb css=\u00bb.vc_custom_1768923201649{background-color: #000000 !important;}\u00bb tm_font_weight=\u00bb800&#8243;][vc_column_text css=\u00bb\u00bb]<\/p>\n<p data-start=\"132\" data-end=\"159\">La comisi\u00f3n incluye:<\/p>\n<ul data-start=\"161\" data-end=\"562\">\n<li data-start=\"161\" data-end=\"332\">\n<p data-start=\"163\" data-end=\"332\">una entrevista inicial, apoyada por cualquier material o aportaci\u00f3n proporcionada por el cliente, para comprender mejor la idea y la visi\u00f3n del trabajo que se va a crear;<\/p>\n<\/li>\n<li data-start=\"333\" data-end=\"422\">\n<p data-start=\"335\" data-end=\"422\">una estimaci\u00f3n aproximada, que indica un l\u00edmite de gasto m\u00ednimo y m\u00e1ximo;<\/p>\n<\/li>\n<li data-start=\"423\" data-end=\"517\">\n<p data-start=\"425\" data-end=\"517\">un n\u00famero limitado de cambios posibles y factibles en comparaci\u00f3n con el concepto inicial;<\/p>\n<\/li>\n<li data-start=\"518\" data-end=\"562\">\n<p data-start=\"520\" data-end=\"562\">la creaci\u00f3n del producto final.<\/p>\n<\/li>\n<\/ul>\n<p style=\"text-align: justify;\" data-end=\"753\">La comisi\u00f3n no incluye embalaje, env\u00edo ni seguro*. La comunicaci\u00f3n se realizar\u00e1 por correo electr\u00f3nico, videollamadas, llamadas telef\u00f3nicas o mensajes de texto. Los plazos de producci\u00f3n var\u00edan seg\u00fan la complejidad del trabajo y los cambios solicitados durante el proceso; por lo general, no superan un mes. *Las obras, por su naturaleza, son delicadas; por lo tanto, se prefiere la entrega en mano. Para facilitar esto, la obra se almacenar\u00e1 en nuestras instalaciones hasta que el cliente pueda recogerla.<\/p>\n<p>[\/vc_column_text][\/vc_column][\/vc_row][vc_row full_width=\u00bbstretch_row\u00bb css=\u00bb.vc_custom_1761922232666{background-color: #000000 !important;}\u00bb][vc_column][vc_custom_heading text=\u00bbSE REALIZA UN N\u00daMERO LIMITADO DE ENCARGOS AL A\u00d1O.\u00bb font_container=\u00bbtag:h4|font_size:28|text_align:center|color:%23FFFFFF\u00bb use_theme_fonts=\u00bbyes\u00bb css=\u00bb\u00bb tm_text_transform=\u00bbcapitalize\u00bb tm_font_weight=\u00bb800&#8243;][\/vc_column][\/vc_row][vc_row full_width=\u00bbstretch_row\u00bb css=\u00bb.vc_custom_1762531474192{background-color: #000000 !important;}\u00bb][vc_column][vc_empty_space height=\u00bb45px\u00bb css=\u00bb.vc_custom_1762531482378{background-color: #000000 !important;}\u00bb][\/vc_column][\/vc_row][vc_row full_width=\u00bbstretch_row\u00bb css=\u00bb.vc_custom_1762351878207{background-color: #000000 !important;}\u00bb][vc_column][vc_column_text css=\u00bb\u00bb]<\/p>\n<p style=\"text-align: justify;\" data-start=\"269\" data-end=\"574\">Para lograr una mayor libertad expresiva, opt\u00e9 por una decisi\u00f3n t\u00e9cnica espec\u00edfica: no cocer las obras finales. En mi forma de trabajar con arcilla, la complejidad de las formas y los vol\u00famenes puede generar microvac\u00edos internos que, durante la cocci\u00f3n, podr\u00edan comprometer la integridad de la obra. Pero esta elecci\u00f3n no es meramente una necesidad pr\u00e1ctica. Es el resultado de un proceso de investigaci\u00f3n que me ha llevado a favorecer una representaci\u00f3n m\u00e1s directa y sincera del gesto. Sin cocci\u00f3n, el material conserva con mayor pureza la impronta de las manos, la tensi\u00f3n del modelado, la esencia misma de la idea que lo gener\u00f3. Por otro lado, la obra mantiene una fragilidad declarada. Una condici\u00f3n que no considero una limitaci\u00f3n, sino parte integral de su significado: un delicado equilibrio entre forma, material e intenci\u00f3n.<\/p>\n<p>[\/vc_column_text][\/vc_column][\/vc_row][vc_row][vc_column][\/vc_column][\/vc_row][vc_row][vc_column][\/vc_column][\/vc_row]<\/p>\n<\/div>","protected":false},"excerpt":{"rendered":"<p>[vc_row full_width=\u00bbstretch_row\u00bb css=\u00bb.vc_custom_1761666244105{background-color: #000000 !important;}\u00bb][vc_column][vc_custom_heading text=\u00bbEsculturas de arcilla personalizadas | bArtArt\u00bb font_container=\u00bbtag:h1|text_align:left\u00bb css=\u00bb\u00bb el_class=\u00bbvisually-hidden\u00bb][vc_empty_space height=\u00bb50px\u00bb][vc_custom_heading text=\u00bbTRABAJOS POR ENCARGO. CONT\u00c1CTAME PARA UN PRESUPUESTO PERSONALIZADO.\u00bb font_container=\u00bbtag:h2|font_size:28|text_align:center|color:%23FFFFFF\u00bb use_theme_fonts=\u00bbyes\u00bb css=\u00bb\u00bb tm_font_weight=\u00bb800&#8243;][vc_empty_space height=\u00bb50px\u00bb][\/vc_column][\/vc_row][vc_row full_width=\u00bbstretch_row\u00bb css=\u00bb.vc_custom_1776417981018{padding-bottom: 10px !important;background-color: #000000 !important;}\u00bb][vc_column width=\u00bb1\/2&#8243; offset=\u00bbvc_col-lg-3&#8243; css=\u00bb.vc_custom_1448617657102{margin-bottom: 40px !important;}\u00bb][thememove_pricing_box package_heading=\u00bbMuebles de Pared\u00bb package_price=\u00bbMP\u00bb package_btn_text=\u00bbOBRAS CREADAS PARA REVESTIMIENTO DE PAREDES\u00bb package_link=\u00bburl:https%3A%2F%2Fbartart.it%2Fes%2Fopere-a-muro%2F|title:Godzilla\u00bb package_image=\u00bb5824&#8243; el_class=\u00bbzoomable-box\u00bb] ada creaci\u00f3n puede [&hellip;]<\/p>\n","protected":false},"author":2,"featured_media":0,"parent":0,"menu_order":0,"comment_status":"closed","ping_status":"closed","template":"","meta":{"footnotes":""},"class_list":["post-7418","page","type-page","status-publish","hentry"],"yoast_head":"<!-- This site is optimized with the Yoast SEO plugin v26.8 - https:\/\/yoast.com\/product\/yoast-seo-wordpress\/ -->\n<title>comisiones | Bartart<\/title>\n<meta name=\"description\" content=\"Encargos personalizados con plazos de entrega definidos, contacto directo y creaciones \u00fanicas nacidas de un aut\u00e9ntico proceso art\u00edstico.\" \/>\n<meta name=\"robots\" content=\"index, follow, max-snippet:-1, max-image-preview:large, max-video-preview:-1\" \/>\n<link rel=\"canonical\" href=\"https:\/\/bartart.it\/es\/comisiones\/\" \/>\n<meta property=\"og:locale\" content=\"es_ES\" \/>\n<meta property=\"og:type\" content=\"article\" \/>\n<meta property=\"og:title\" content=\"comisiones | Bartart\" \/>\n<meta property=\"og:description\" content=\"Encargos personalizados con plazos de entrega definidos, contacto directo y creaciones \u00fanicas nacidas de un aut\u00e9ntico proceso art\u00edstico.\" \/>\n<meta property=\"og:url\" content=\"https:\/\/bartart.it\/es\/comisiones\/\" \/>\n<meta property=\"og:site_name\" content=\"Bartart\" \/>\n<meta property=\"article:publisher\" content=\"https:\/\/www.facebook.com\/profile.php?id=61582712773000&amp;sk=photos\" \/>\n<meta property=\"article:modified_time\" content=\"2026-05-05T10:30:37+00:00\" \/>\n<meta property=\"og:image\" content=\"https:\/\/bartart.it\/wp-content\/uploads\/2025\/10\/freepik__the-style-is-candid-image-photography-with-natural__46614.jpeg\" \/>\n\t<meta property=\"og:image:width\" content=\"896\" \/>\n\t<meta property=\"og:image:height\" content=\"1152\" \/>\n\t<meta property=\"og:image:type\" content=\"image\/jpeg\" \/>\n<meta name=\"twitter:card\" content=\"summary_large_image\" \/>\n<meta name=\"twitter:label1\" content=\"Tiempo de lectura\" \/>\n\t<meta name=\"twitter:data1\" content=\"3 minutos\" \/>\n<script type=\"application\/ld+json\" class=\"yoast-schema-graph\">{\"@context\":\"https:\/\/schema.org\",\"@graph\":[{\"@type\":\"WebPage\",\"@id\":\"https:\/\/bartart.it\/es\/comisiones\/\",\"url\":\"https:\/\/bartart.it\/es\/comisiones\/\",\"name\":\"comisiones | Bartart\",\"isPartOf\":{\"@id\":\"https:\/\/bartart.it\/es\/#website\"},\"datePublished\":\"2015-12-01T03:44:59+00:00\",\"dateModified\":\"2026-05-05T10:30:37+00:00\",\"description\":\"Encargos personalizados con plazos de entrega definidos, contacto directo y creaciones \u00fanicas nacidas de un aut\u00e9ntico proceso art\u00edstico.\",\"breadcrumb\":{\"@id\":\"https:\/\/bartart.it\/es\/comisiones\/#breadcrumb\"},\"inLanguage\":\"es\",\"potentialAction\":[{\"@type\":\"ReadAction\",\"target\":[\"https:\/\/bartart.it\/es\/comisiones\/\"]}]},{\"@type\":\"BreadcrumbList\",\"@id\":\"https:\/\/bartart.it\/es\/comisiones\/#breadcrumb\",\"itemListElement\":[{\"@type\":\"ListItem\",\"position\":1,\"name\":\"Home\",\"item\":\"https:\/\/bartart.it\/es\/\"},{\"@type\":\"ListItem\",\"position\":2,\"name\":\"Comisiones\"}]},{\"@type\":\"WebSite\",\"@id\":\"https:\/\/bartart.it\/es\/#website\",\"url\":\"https:\/\/bartart.it\/es\/\",\"name\":\"bArtArt\",\"description\":\"Scultura in Creta su Misura\",\"publisher\":{\"@id\":\"https:\/\/bartart.it\/es\/#\/schema\/person\/9b4776c2ef49b485779b948861bbfcaf\"},\"alternateName\":\"Sculture in Creta Personalizzate | bArtArt\",\"potentialAction\":[{\"@type\":\"SearchAction\",\"target\":{\"@type\":\"EntryPoint\",\"urlTemplate\":\"https:\/\/bartart.it\/es\/?s={search_term_string}\"},\"query-input\":{\"@type\":\"PropertyValueSpecification\",\"valueRequired\":true,\"valueName\":\"search_term_string\"}}],\"inLanguage\":\"es\"},{\"@type\":[\"Person\",\"Organization\"],\"@id\":\"https:\/\/bartart.it\/es\/#\/schema\/person\/9b4776c2ef49b485779b948861bbfcaf\",\"name\":\"Daniele Bartoli\",\"image\":{\"@type\":\"ImageObject\",\"inLanguage\":\"es\",\"@id\":\"https:\/\/bartart.it\/es\/#\/schema\/person\/image\/\",\"url\":\"https:\/\/bartart.it\/wp-content\/uploads\/2025\/05\/Logo200x200ca-3.jpg\",\"contentUrl\":\"https:\/\/bartart.it\/wp-content\/uploads\/2025\/05\/Logo200x200ca-3.jpg\",\"width\":180,\"height\":76,\"caption\":\"Daniele Bartoli\"},\"logo\":{\"@id\":\"https:\/\/bartart.it\/es\/#\/schema\/person\/image\/\"},\"sameAs\":[\"http:\/\/bartart.it\",\"https:\/\/www.facebook.com\/profile.php?id=61582712773000&sk=photos\",\"https:\/\/www.instagram.com\/bartoli.daniele\/\",\"https:\/\/it.pinterest.com\/bartartscultureincretapersonal\/\",\"https:\/\/studio.youtube.com\/channel\/UC6ShOq_jGblxgQFWzYJNbrQ\"]}]}<\/script>\n<!-- \/ Yoast SEO plugin. -->","yoast_head_json":{"title":"comisiones | Bartart","description":"Encargos personalizados con plazos de entrega definidos, contacto directo y creaciones \u00fanicas nacidas de un aut\u00e9ntico proceso art\u00edstico.","robots":{"index":"index","follow":"follow","max-snippet":"max-snippet:-1","max-image-preview":"max-image-preview:large","max-video-preview":"max-video-preview:-1"},"canonical":"https:\/\/bartart.it\/es\/comisiones\/","og_locale":"es_ES","og_type":"article","og_title":"comisiones | Bartart","og_description":"Encargos personalizados con plazos de entrega definidos, contacto directo y creaciones \u00fanicas nacidas de un aut\u00e9ntico proceso art\u00edstico.","og_url":"https:\/\/bartart.it\/es\/comisiones\/","og_site_name":"Bartart","article_publisher":"https:\/\/www.facebook.com\/profile.php?id=61582712773000&sk=photos","article_modified_time":"2026-05-05T10:30:37+00:00","og_image":[{"width":896,"height":1152,"url":"https:\/\/bartart.it\/wp-content\/uploads\/2025\/10\/freepik__the-style-is-candid-image-photography-with-natural__46614.jpeg","type":"image\/jpeg"}],"twitter_card":"summary_large_image","twitter_misc":{"Tiempo de lectura":"3 minutos"},"schema":{"@context":"https:\/\/schema.org","@graph":[{"@type":"WebPage","@id":"https:\/\/bartart.it\/es\/comisiones\/","url":"https:\/\/bartart.it\/es\/comisiones\/","name":"comisiones | Bartart","isPartOf":{"@id":"https:\/\/bartart.it\/es\/#website"},"datePublished":"2015-12-01T03:44:59+00:00","dateModified":"2026-05-05T10:30:37+00:00","description":"Encargos personalizados con plazos de entrega definidos, contacto directo y creaciones \u00fanicas nacidas de un aut\u00e9ntico proceso art\u00edstico.","breadcrumb":{"@id":"https:\/\/bartart.it\/es\/comisiones\/#breadcrumb"},"inLanguage":"es","potentialAction":[{"@type":"ReadAction","target":["https:\/\/bartart.it\/es\/comisiones\/"]}]},{"@type":"BreadcrumbList","@id":"https:\/\/bartart.it\/es\/comisiones\/#breadcrumb","itemListElement":[{"@type":"ListItem","position":1,"name":"Home","item":"https:\/\/bartart.it\/es\/"},{"@type":"ListItem","position":2,"name":"Comisiones"}]},{"@type":"WebSite","@id":"https:\/\/bartart.it\/es\/#website","url":"https:\/\/bartart.it\/es\/","name":"bArtArt","description":"Scultura in Creta su Misura","publisher":{"@id":"https:\/\/bartart.it\/es\/#\/schema\/person\/9b4776c2ef49b485779b948861bbfcaf"},"alternateName":"Sculture in Creta Personalizzate | bArtArt","potentialAction":[{"@type":"SearchAction","target":{"@type":"EntryPoint","urlTemplate":"https:\/\/bartart.it\/es\/?s={search_term_string}"},"query-input":{"@type":"PropertyValueSpecification","valueRequired":true,"valueName":"search_term_string"}}],"inLanguage":"es"},{"@type":["Person","Organization"],"@id":"https:\/\/bartart.it\/es\/#\/schema\/person\/9b4776c2ef49b485779b948861bbfcaf","name":"Daniele Bartoli","image":{"@type":"ImageObject","inLanguage":"es","@id":"https:\/\/bartart.it\/es\/#\/schema\/person\/image\/","url":"https:\/\/bartart.it\/wp-content\/uploads\/2025\/05\/Logo200x200ca-3.jpg","contentUrl":"https:\/\/bartart.it\/wp-content\/uploads\/2025\/05\/Logo200x200ca-3.jpg","width":180,"height":76,"caption":"Daniele Bartoli"},"logo":{"@id":"https:\/\/bartart.it\/es\/#\/schema\/person\/image\/"},"sameAs":["http:\/\/bartart.it","https:\/\/www.facebook.com\/profile.php?id=61582712773000&sk=photos","https:\/\/www.instagram.com\/bartoli.daniele\/","https:\/\/it.pinterest.com\/bartartscultureincretapersonal\/","https:\/\/studio.youtube.com\/channel\/UC6ShOq_jGblxgQFWzYJNbrQ"]}]}},"_links":{"self":[{"href":"https:\/\/bartart.it\/es\/wp-json\/wp\/v2\/pages\/7418","targetHints":{"allow":["GET"]}}],"collection":[{"href":"https:\/\/bartart.it\/es\/wp-json\/wp\/v2\/pages"}],"about":[{"href":"https:\/\/bartart.it\/es\/wp-json\/wp\/v2\/types\/page"}],"author":[{"embeddable":true,"href":"https:\/\/bartart.it\/es\/wp-json\/wp\/v2\/users\/2"}],"replies":[{"embeddable":true,"href":"https:\/\/bartart.it\/es\/wp-json\/wp\/v2\/comments?post=7418"}],"version-history":[{"count":16,"href":"https:\/\/bartart.it\/es\/wp-json\/wp\/v2\/pages\/7418\/revisions"}],"predecessor-version":[{"id":8056,"href":"https:\/\/bartart.it\/es\/wp-json\/wp\/v2\/pages\/7418\/revisions\/8056"}],"wp:attachment":[{"href":"https:\/\/bartart.it\/es\/wp-json\/wp\/v2\/media?parent=7418"}],"curies":[{"name":"wp","href":"https:\/\/api.w.org\/{rel}","templated":true}]}}