{"id":7476,"date":"2015-09-08T03:49:24","date_gmt":"2015-09-08T01:49:24","guid":{"rendered":"https:\/\/bartart.it\/faq-preguntas-frecuentes\/"},"modified":"2026-05-05T12:30:06","modified_gmt":"2026-05-05T10:30:06","slug":"faq-preguntas-frecuentes","status":"publish","type":"page","link":"https:\/\/bartart.it\/es\/faq-preguntas-frecuentes\/","title":{"rendered":"(FAQ) Preguntas frecuentes"},"content":{"rendered":"<div class=\"wpb-content-wrapper\"><p>[vc_row full_width=\u00bbstretch_row\u00bb css=\u00bb.vc_custom_1769422343128{background-color: #000000 !important;border-color: #000000 !important;}\u00bb][vc_column css=\u00bb.vc_custom_1769422333669{background-color: #000000 !important;border-color: #000000 !important;}\u00bb][vc_custom_heading text=\u00bbDudas, perplejidades\u2026 preguntas.\u00bb font_container=\u00bbtag:h1|font_size:28|text_align:left|color:%23FFFFFF\u00bb use_theme_fonts=\u00bbyes\u00bb css=\u00bb.vc_custom_1769422169236{padding-top: 40px !important;padding-bottom: 40px !important;border-color: #000000 !important;}\u00bb][\/vc_column][\/vc_row][vc_row full_width=\u00bbstretch_row\u00bb css=\u00bb.vc_custom_1769422190478{background-color: #000000 !important;border-color: #000000 !important;}\u00bb][vc_column][vc_column_text css=\u00bb.vc_custom_1769422806592{background-color: #000000 !important;border-color: #000000 !important;}\u00bb]<\/p>\n<h3 data-start=\"512\" data-end=\"568\"><strong data-start=\"516\" data-end=\"568\">\u00bfQu\u00e9 material utilizas para tus esculturas de arcilla?<\/strong><\/h3>\n<p data-start=\"569\" data-end=\"943\">Mis esculturas est\u00e1n hechas principalmente de arcilla moldeada a mano, un material que permite una gran precisi\u00f3n en los detalles y un fuerte impacto expresivo.<br data-start=\"734\" data-end=\"737\" \/>Dependiendo del proyecto, puedo integrar materiales alternativos como madera o pl\u00e1stico para partes espec\u00edficas (como dientes u ojos), cuando esto garantiza un mejor resultado est\u00e9tico o estructural.<\/p>\n<hr data-start=\"945\" data-end=\"948\" \/>\n<h3 data-start=\"950\" data-end=\"989\"><strong data-start=\"954\" data-end=\"989\">\u00bfCada escultura es \u00fanica?<\/strong><\/h3>\n<p data-start=\"990\" data-end=\"1235\">S\u00ed. Cada obra es \u00fanica e irrepetible.<br data-start=\"1032\" data-end=\"1035\" \/>Incluso partiendo de un tema similar, el trabajo manual y las decisiones art\u00edsticas hacen imposible crear dos esculturas id\u00e9nticas. Es precisamente esta singularidad la que caracteriza mi trabajo artesanal.<\/p>\n<hr data-start=\"1237\" data-end=\"1240\" \/>\n<h3 data-start=\"1242\" data-end=\"1301\"><strong data-start=\"1246\" data-end=\"1301\">\u00bfEs posible encargar una escultura personalizada?<\/strong><\/h3>\n<p data-start=\"1302\" data-end=\"1571\">Por supuesto. Creo esculturas de arcilla por encargo, partiendo de tu idea, una referencia o un tema espec\u00edfico.<br data-start=\"1432\" data-end=\"1435\" \/>La personalizaci\u00f3n es un aspecto clave de mi trabajo y lo que distingue mis piezas de las producidas en masa o convencionales.<\/p>\n<hr data-start=\"1573\" data-end=\"1576\" \/>\n<h3 data-start=\"1578\" data-end=\"1639\"><strong data-start=\"1582\" data-end=\"1639\">\u00bfC\u00f3mo funciona el proceso de encargo de una obra de arte?<\/strong><\/h3>\n<p data-start=\"1640\" data-end=\"1939\">El proceso comienza con una conversaci\u00f3n sobre la forma, las dimensiones, el acabado y el m\u00e9todo de entrega.<br data-start=\"1734\" data-end=\"1737\" \/>Tras un acuerdo inicial, se requiere un dep\u00f3sito para comenzar el trabajo.<br data-start=\"1821\" data-end=\"1824\" \/>Durante el proceso, comparto im\u00e1genes del trabajo para garantizar la transparencia y la coherencia antes de la etapa final.<\/p>\n<hr data-start=\"1941\" data-end=\"1944\" \/>\n<h3 data-start=\"1946\" data-end=\"2010\"><strong data-start=\"1950\" data-end=\"2010\">\u00bfPor qu\u00e9 se expresa el presupuesto como un rango de precios?<\/strong><\/h3>\n<p data-start=\"2011\" data-end=\"2322\">La creaci\u00f3n de una escultura art\u00edstica no es un proceso estandarizado.<br data-start=\"2087\" data-end=\"2090\" \/>El tama\u00f1o, la complejidad, el nivel de detalle y el acabado influyen en el tiempo y el costo.<br data-start=\"2177\" data-end=\"2180\" \/>Por ello, el presupuesto se expresa como un rango de precios realista, que se define con precisi\u00f3n durante la ejecuci\u00f3n del trabajo.<\/p>\n<hr data-start=\"2324\" data-end=\"2327\" \/>\n<h3 data-start=\"2329\" data-end=\"2394\"><strong data-start=\"2333\" data-end=\"2394\">\u00bfCu\u00e1les son las dimensiones m\u00ednimas y m\u00e1ximas de las esculturas?<\/strong><\/h3>\n<p data-start=\"2395\" data-end=\"2614\">Las obras terminadas suelen tener un tama\u00f1o aproximado de entre 12 cm y 30-35 cm.<br data-start=\"2478\" data-end=\"2481\" \/>Para encargos especiales, las dimensiones se pueden acordar en funci\u00f3n del proyecto y el uso previsto.<\/p>\n<hr data-start=\"2616\" data-end=\"2619\" \/>\n<h3 data-start=\"2621\" data-end=\"2676\"><strong data-start=\"2625\" data-end=\"2676\">\u00bfCu\u00e1nto tiempo se tarda en hacer una escultura?<\/strong><\/h3>\n<p data-start=\"2677\" data-end=\"2887\">El plazo depende de la complejidad del tema, pero generalmente no supera un mes.<br data-start=\"2768\" data-end=\"2771\" \/>Durante el proceso, es posible que tenga que empezar de cero si el resultado no cumple con mis est\u00e1ndares de calidad.<\/p>\n<hr data-start=\"2889\" data-end=\"2892\" \/>\n<h3 data-start=\"2894\" data-end=\"2964\"><strong data-start=\"2898\" data-end=\"2964\">\u00bfEs posible visualizar c\u00f3mo encajar\u00eda la escultura en mi entorno?<\/strong><\/h3>\n<p data-start=\"2965\" data-end=\"3200\">S\u00ed. Si me env\u00edas una o m\u00e1s fotos de tu espacio, puedo crear una simulaci\u00f3n visual de la escultura, integr\u00e1ndola en el lugar con las proporciones y la iluminaci\u00f3n adecuadas.<br data-start=\"3135\" data-end=\"3138\" \/>Esto ayuda a evaluar el impacto final antes de la entrega.<\/p>\n<hr data-start=\"3202\" data-end=\"3205\" \/>\n<h3 data-start=\"3207\" data-end=\"3251\"><strong data-start=\"3211\" data-end=\"3251\">\u00bfLas esculturas est\u00e1n pintadas o coloreadas?<\/strong><\/h3>\n<p data-start=\"3252\" data-end=\"3543\">Depende del trabajo.<br data-start=\"3271\" data-end=\"3274\" \/>Algunas esculturas requieren pintura art\u00edstica detallada, otras, coloraci\u00f3n uniforme.<br data-start=\"3375\" data-end=\"3378\" \/>La pintura es m\u00e1s compleja y tiene un mayor impacto en el costo, mientras que la coloraci\u00f3n permite una vista previa gr\u00e1fica antes de la creaci\u00f3n final.<\/p>\n<hr data-start=\"3545\" data-end=\"3548\" \/>\n<h3 data-start=\"3550\" data-end=\"3602\"><strong data-start=\"3554\" data-end=\"3602\">\u00bfMe puedes recomendar el color m\u00e1s adecuado?<\/strong><\/h3>\n<p data-start=\"3603\" data-end=\"3823\">S\u00ed. El gusto es personal, pero puedo sugerir soluciones que se ajusten al tema y al entorno.<br data-start=\"3700\" data-end=\"3703\" \/>Si lo desea, puedo crear simulaciones digitales para comparar diferentes opciones de color antes de tomar una decisi\u00f3n final.<\/p>\n<hr data-start=\"3825\" data-end=\"3828\" \/>\n<h3 data-start=\"3830\" data-end=\"3885\"><strong data-start=\"3834\" data-end=\"3885\">\u00bfQu\u00e9 ocurre si no estoy satisfecho con el trabajo finalizado?<\/strong><\/h3>\n<p data-start=\"3886\" data-end=\"4074\">Tiene la opci\u00f3n de no pagar el saldo final.<br data-start=\"3942\" data-end=\"3945\" \/>En este caso, el dep\u00f3sito inicial no es reembolsable, ya que cubre el tiempo y la mano de obra, y el trabajo sigue siendo de mi propiedad.<\/p>\n<hr data-start=\"4076\" data-end=\"4079\" \/>\n<h3 data-start=\"4081\" data-end=\"4139\"><strong data-start=\"4085\" data-end=\"4139\">\u00bfCu\u00e1nto cuesta una escultura de arcilla hecha a medida?<\/strong><\/h3>\n<p data-start=\"4140\" data-end=\"4329\">El coste var\u00eda en funci\u00f3n del tama\u00f1o, la complejidad y el acabado.<br data-start=\"4204\" data-end=\"4207\" \/>Los precios oscilan entre 150 \u20ac y 600 \u20ac aproximadamente, con un presupuesto personalizado para cada proyecto.<\/p>\n<hr data-start=\"4331\" data-end=\"4334\" \/>\n<h3 data-start=\"4336\" data-end=\"4380\"><strong data-start=\"4340\" data-end=\"4380\">\u00bfC\u00f3mo se entrega el trabajo?<\/strong><\/h3>\n<p data-start=\"4381\" data-end=\"4606\">El env\u00edo se realiza con embalaje protector, seguro y seguimiento, teniendo en cuenta la fragilidad de la obra.<br data-start=\"4517\" data-end=\"4520\" \/>El coste se comunicar\u00e1 antes del pago final, en funci\u00f3n del tama\u00f1o y el destino.<\/p>\n<hr data-start=\"4608\" data-end=\"4611\" \/>\n<h3 data-start=\"4613\" data-end=\"4655\"><strong data-start=\"4617\" data-end=\"4655\">\u00bfTiene alguna pregunta o petici\u00f3n especial?<\/strong><\/h3>\n<p data-start=\"4656\" data-end=\"4840\">Si algo no est\u00e1 claro o quieres proponer una idea diferente, no dudes en contactarme.<br data-start=\"4742\" data-end=\"4745\" \/>El di\u00e1logo es fundamental en el proceso creativo y contribuye a obtener un mejor resultado.<\/p>\n<p>[\/vc_column_text][vc_empty_space css=\u00bb.vc_custom_1773392646826{background-color: #000000 !important;border-color: #000000 !important;}\u00bb][\/vc_column][\/vc_row][vc_row full_width=\u00bbstretch_row\u00bb el_class=\u00bbheli-faq\u00bb css=\u00bb.vc_custom_1761735328231{padding-bottom: 50px !important;background-color: #000000 !important;}\u00bb][vc_column width=\u00bb1\/2&#8243; offset=\u00bbvc_col-md-6&#8243;][vc_custom_heading text=\u00bb\u00bfQuieres algo m\u00e1s?\u00bb font_container=\u00bbtag:h3|font_size:32|text_align:right|color:%23F1F1F1|line_height:1&#8243; use_theme_fonts=\u00bbyes\u00bb css=\u00bb.vc_custom_1768923081995{margin-bottom: 10px !important;}\u00bb tm_text_transform=\u00bbuppercase\u00bb][vc_column_text css=\u00bb\u00bb]<\/p>\n<p style=\"text-align: right;\">\u00bfHay algo que a\u00fan no te quede claro?<\/p>\n<p style=\"text-align: right;\">\u00bfQuieres saber m\u00e1s sobre c\u00f3mo funciona una vez que encargues el trabajo?<\/p>\n<p style=\"text-align: right;\">\u00bfTienes curiosidad por saber c\u00f3mo se crean las obras?<\/p>\n<p style=\"text-align: right;\">\u00bfQuieres saber m\u00e1s?<\/p>\n<p>&nbsp;<\/p>\n<p>&nbsp;<\/p>\n<p style=\"text-align: right;\">Esta secci\u00f3n de preguntas frecuentes se puede mejorar. \u00bfTienes alguna sugerencia?<\/p>\n<p style=\"text-align: right;\">Cont\u00e1ctame y escr\u00edbeme tus peticiones.<\/p>\n<p>[\/vc_column_text][\/vc_column][vc_column width=\u00bb1\/2&#8243;][vc_single_image image=\u00bb7475&#8243; img_size=\u00bbfull\u00bb css=\u00bb\u00bb][\/vc_column][\/vc_row][vc_row full_width=\u00bbstretch_row\u00bb css=\u00bb.vc_custom_1764860790289{background-color: #000000 !important;}\u00bb][vc_column][vc_btn title=\u00bbCont\u00e1ctame\u00bb style=\u00bbflat\u00bb color=\u00bbwarning\u00bb align=\u00bbcenter\u00bb css=\u00bb\u00bb link=\u00bburl:https%3A%2F%2Fbartart.it%2Fes%2Fcontatti-2%2F|title:https%3A%2F%2Fbartart.it%2Fes%2Fcontatti-2%2F|\u00bb el_class=\u00bbhidden-sm-down\u00bb][\/vc_column][\/vc_row][vc_row full_width=\u00bbstretch_row\u00bb css=\u00bb.vc_custom_1764861354506{background-color: #000000 !important;}\u00bb][vc_column css=\u00bb.vc_custom_1764861366886{background-color: #000000 !important;}\u00bb][vc_empty_space css=\u00bb.vc_custom_1768492137067{background-color: #000000 !important;}\u00bb el_id=\u00bb<\/p>\n<h2>Sculture in creta personalizzate: arte su misura per i tuoi spazi<\/h2>\n<p>\u00ab][vc_custom_heading text=\u00bbel proceso, las posibilidades art\u00edsticas, los m\u00e9todos utilizados, la comunicaci\u00f3n\u00bb css=\u00bb\u00bb el_class=\u00bbvisually-hidden\u00bb][\/vc_column][\/vc_row][vc_row][vc_column][vc_raw_html css=\u00bb\u00bb]PHNjcmlwdCB0eXBlPSJhcHBsaWNhdGlvbi9sZCtqc29uIj57CiAgIkBjb250ZXh0IjogImh0dHBzOi8vc2NoZW1hLm9yZyIsCiAgIkB0eXBlIjogIkZBUVBhZ2UiLAogICJtYWluRW50aXR5IjogWwogICAgewogICAgICAiQHR5cGUiOiAiUXVlc3Rpb24iLAogICAgICAibmFtZSI6ICJDaGUgbWF0ZXJpYWxlIHV0aWxpenppIHBlciBsZSBzY3VsdHVyZT8iLAogICAgICAiYWNjZXB0ZWRBbnN3ZXIiOiB7CiAgICAgICAgIkB0eXBlIjogIkFuc3dlciIsCiAgICAgICAgInRleHQiOiAiUmVhbGl6em8gdHV0dGUgbGUgc2N1bHR1cmUgYSBtYW5vIGluIGNyZXRhLiBJbiBhbGN1bmUgcGFydGkgdXRpbGl6em8gbWF0ZXJpYWxpIGNvbXBsZW1lbnRhcmkgY29tZSBsZWdubyBvIHBsYXN0aWNhIHBlciBtaWdsaW9yYXJlIHJlc2EgZXN0ZXRpY2EgZSByZWFsaXNtby4iCiAgICAgIH0KICAgIH0sCiAgICB7CiAgICAgICJAdHlwZSI6ICJRdWVzdGlvbiIsCiAgICAgICJuYW1lIjogIk9nbmkgc2N1bHR1cmEgw6ggdW4gcGV6em8gdW5pY28\/IiwKICAgICAgImFjY2VwdGVkQW5zd2VyIjogewogICAgICAgICJAdHlwZSI6ICJBbnN3ZXIiLAogICAgICAgICJ0ZXh0IjogIlPDrCwgb2duaSBzY3VsdHVyYSDDqCB1bidvcGVyYSB1bmljYSBlIGlycmlwZXRpYmlsZS4gQW5jaGUgc29nZ2V0dGkgc2ltaWxpIHZlbmdvbm8gcmVpbnRlcnByZXRhdGkgb2duaSB2b2x0YSBjb24gZm9ybWUgZSBkZXR0YWdsaSBkaXZlcnNpLiIKICAgICAgfQogICAgfSwKICAgIHsKICAgICAgIkB0eXBlIjogIlF1ZXN0aW9uIiwKICAgICAgIm5hbWUiOiAiw4ggcG9zc2liaWxlIHJpY2hpZWRlcmUgdW5hIHNjdWx0dXJhIHBlcnNvbmFsaXp6YXRhPyIsCiAgICAgICJhY2NlcHRlZEFuc3dlciI6IHsKICAgICAgICAiQHR5cGUiOiAiQW5zd2VyIiwKICAgICAgICAidGV4dCI6ICJTw6wsIHJlYWxpenpvIHNjdWx0dXJlIGluIGNyZXRhIHBlcnNvbmFsaXp6YXRlIHN1IGNvbW1pc3Npb25lIHBhcnRlbmRvIGRhIHVuJ2lkZWEsIHVuIHNvZ2dldHRvIG8gaW1tYWdpbmkgZGkgcmlmZXJpbWVudG8uIgogICAgICB9CiAgICB9LAogICAgewogICAgICAiQHR5cGUiOiAiUXVlc3Rpb24iLAogICAgICAibmFtZSI6ICJDb21lIGZ1bnppb25hIGxhIGNvbW1pc3Npb25lIGRpIHVu4oCZb3BlcmE\/IiwKICAgICAgImFjY2VwdGVkQW5zd2VyIjogewogICAgICAgICJAdHlwZSI6ICJBbnN3ZXIiLAogICAgICAgICJ0ZXh0IjogIkRvcG8gYXZlciBjb25jb3JkYXRvIHNvZ2dldHRvLCBkaW1lbnNpb25pIGUgZmluaXR1cmEsIHZpZW5lIHJpY2hpZXN0byB1biBhY2NvbnRvLiBEdXJhbnRlIGxhIGxhdm9yYXppb25lIGludmlvIGZvdG8gcGVyIGNvbmZlcm1hIHByaW1hIGRlbGxhIGZpbmFsaXp6YXppb25lIGUgc3BlZGl6aW9uZS4iCiAgICAgIH0KICAgIH0sCiAgICB7CiAgICAgICJAdHlwZSI6ICJRdWVzdGlvbiIsCiAgICAgICJuYW1lIjogIlBlcmNow6kgaWwgcHJldmVudGl2byDDqCBpbmRpY2F0byBjb21lIHJhbmdlIGRpIHByZXp6bz8iLAogICAgICAiYWNjZXB0ZWRBbnN3ZXIiOiB7CiAgICAgICAgIkB0eXBlIjogIkFuc3dlciIsCiAgICAgICAgInRleHQiOiAiSWwgcHJlenpvIGRpcGVuZGUgZGEgZGltZW5zaW9uaSwgY29tcGxlc3NpdMOgIGUgbGl2ZWxsbyBkaSBkZXR0YWdsaW8uIER1cmFudGUgbGEgbGF2b3JhemlvbmUgcG9zc29ubyBlbWVyZ2VyZSB2YXJpYWJpbGkgYXJ0aXN0aWNoZSBub24gcHJldmVkaWJpbGkgYSBwcmlvcmkuIgogICAgICB9CiAgICB9LAogICAgewogICAgICAiQHR5cGUiOiAiUXVlc3Rpb24iLAogICAgICAibmFtZSI6ICJRdWFsaSBzb25vIGxlIGRpbWVuc2lvbmkgZGVsbGUgc2N1bHR1cmU\/IiwKICAgICAgImFjY2VwdGVkQW5zd2VyIjogewogICAgICAgICJAdHlwZSI6ICJBbnN3ZXIiLAogICAgICAgICJ0ZXh0IjogIkxlIHNjdWx0dXJlIHZhcmlhbm8gaW5kaWNhdGl2YW1lbnRlIGRhIDEyIGNtIGEgMzMgY20uIFN1IGNvbW1pc3Npb25lIGxlIGRpbWVuc2lvbmkgcG9zc29ubyBlc3NlcmUgYWRhdHRhdGUgYWwgcHJvZ2V0dG8uIgogICAgICB9CiAgICB9LAogICAgewogICAgICAiQHR5cGUiOiAiUXVlc3Rpb24iLAogICAgICAibmFtZSI6ICJRdWFudG8gdGVtcG8gc2VydmUgcGVyIHJlYWxpenphcmUgdW5hIHNjdWx0dXJhPyIsCiAgICAgICJhY2NlcHRlZEFuc3dlciI6IHsKICAgICAgICAiQHR5cGUiOiAiQW5zd2VyIiwKICAgICAgICAidGV4dCI6ICJJIHRlbXBpIGRpIHJlYWxpenphemlvbmUgdmFyaWFubyBpbiBiYXNlIGFsbGEgY29tcGxlc3NpdMOgLCBtYSBnZW5lcmFsbWVudGUgbm9uIHN1cGVyYW5vIHVuIG1lc2UuIgogICAgICB9CiAgICB9LAogICAgewogICAgICAiQHR5cGUiOiAiUXVlc3Rpb24iLAogICAgICAibmFtZSI6ICJMZSBzY3VsdHVyZSBzb25vIGRpcGludGUgbyBjb2xvcmF0ZT8iLAogICAgICAiYWNjZXB0ZWRBbnN3ZXIiOiB7CiAgICAgICAgIkB0eXBlIjogIkFuc3dlciIsCiAgICAgICAgInRleHQiOiAiQWxjdW5lIHNjdWx0dXJlIHNvbm8gZGlwaW50ZSBhIG1hbm8gcGVyIG90dGVuZXJlIG1hZ2dpb3JlIHJlYWxpc21vLCBhbHRyZSB2ZW5nb25vIGNvbG9yYXRlIGluIG1vZG8gcGnDuSBlc3NlbnppYWxlLCBhIHNlY29uZGEgZGVsIHByb2dldHRvLiIKICAgICAgfQogICAgfSwKICAgIHsKICAgICAgIkB0eXBlIjogIlF1ZXN0aW9uIiwKICAgICAgIm5hbWUiOiAiUXVhbnRvIGNvc3RhIHVuYSBzY3VsdHVyYSBpbiBjcmV0YT8iLAogICAgICAiYWNjZXB0ZWRBbnN3ZXIiOiB7CiAgICAgICAgIkB0eXBlIjogIkFuc3dlciIsCiAgICAgICAgInRleHQiOiAiSWwgY29zdG8gZGkgdW5hIHNjdWx0dXJhIHBlcnNvbmFsaXp6YXRhIHZhcmlhIGluZGljYXRpdmFtZW50ZSBkYSAxNTAg4oKsIGEgNjAwIOKCrCwgaW4gYmFzZSBhIGRpbWVuc2lvbmksIGNvbXBsZXNzaXTDoCBlIGZpbml0dXJhLiIKICAgICAgfQogICAgfQogIF0KfQo8L3NjcmlwdD4=[\/vc_raw_html][\/vc_column][\/vc_row]<\/p>\n<\/div>","protected":false},"excerpt":{"rendered":"<p>[vc_row full_width=\u00bbstretch_row\u00bb css=\u00bb.vc_custom_1769422343128{background-color: #000000 !important;border-color: #000000 !important;}\u00bb][vc_column css=\u00bb.vc_custom_1769422333669{background-color: #000000 !important;border-color: #000000 !important;}\u00bb][vc_custom_heading text=\u00bbDudas, perplejidades\u2026 preguntas.\u00bb font_container=\u00bbtag:h1|font_size:28|text_align:left|color:%23FFFFFF\u00bb use_theme_fonts=\u00bbyes\u00bb css=\u00bb.vc_custom_1769422169236{padding-top: 40px !important;padding-bottom: 40px !important;border-color: #000000 !important;}\u00bb][\/vc_column][\/vc_row][vc_row full_width=\u00bbstretch_row\u00bb css=\u00bb.vc_custom_1769422190478{background-color: #000000 !important;border-color: #000000 !important;}\u00bb][vc_column][vc_column_text css=\u00bb.vc_custom_1769422806592{background-color: #000000 !important;border-color: #000000 !important;}\u00bb] \u00bfQu\u00e9 material utilizas para tus esculturas de arcilla? Mis esculturas est\u00e1n hechas principalmente de arcilla moldeada a mano, un material [&hellip;]<\/p>\n","protected":false},"author":2,"featured_media":0,"parent":0,"menu_order":0,"comment_status":"closed","ping_status":"closed","template":"","meta":{"footnotes":""},"class_list":["post-7476","page","type-page","status-publish","hentry"],"yoast_head":"<!-- This site is optimized with the Yoast SEO plugin v26.8 - https:\/\/yoast.com\/product\/yoast-seo-wordpress\/ -->\n<title>(FAQ) Preguntas frecuentes | Bartart<\/title>\n<meta name=\"description\" content=\"Consulta las preguntas frecuentes de bArtArt: informaci\u00f3n sobre las obras, las trayectorias art\u00edsticas, los materiales, la filosof\u00eda creativa y las formas de disfrutarlas.\" \/>\n<meta name=\"robots\" content=\"index, follow, max-snippet:-1, max-image-preview:large, max-video-preview:-1\" \/>\n<link rel=\"canonical\" href=\"https:\/\/bartart.it\/es\/faq-preguntas-frecuentes\/\" \/>\n<meta property=\"og:locale\" content=\"es_ES\" \/>\n<meta property=\"og:type\" content=\"article\" \/>\n<meta property=\"og:title\" content=\"(FAQ) Preguntas frecuentes | Bartart\" \/>\n<meta property=\"og:description\" content=\"Consulta las preguntas frecuentes de bArtArt: informaci\u00f3n sobre las obras, las trayectorias art\u00edsticas, los materiales, la filosof\u00eda creativa y las formas de disfrutarlas.\" \/>\n<meta property=\"og:url\" content=\"https:\/\/bartart.it\/es\/faq-preguntas-frecuentes\/\" \/>\n<meta property=\"og:site_name\" content=\"Bartart\" \/>\n<meta property=\"article:publisher\" content=\"https:\/\/www.facebook.com\/profile.php?id=61582712773000&amp;sk=photos\" \/>\n<meta property=\"article:modified_time\" content=\"2026-05-05T10:30:06+00:00\" \/>\n<meta property=\"og:image\" content=\"https:\/\/bartart.it\/wp-content\/uploads\/2025\/10\/freepik__the-style-is-candid-image-photography-with-natural__46614.jpeg\" \/>\n\t<meta property=\"og:image:width\" content=\"896\" \/>\n\t<meta property=\"og:image:height\" content=\"1152\" \/>\n\t<meta property=\"og:image:type\" content=\"image\/jpeg\" \/>\n<meta name=\"twitter:card\" content=\"summary_large_image\" \/>\n<meta name=\"twitter:label1\" content=\"Tiempo de lectura\" \/>\n\t<meta name=\"twitter:data1\" content=\"4 minutos\" \/>\n<script type=\"application\/ld+json\" class=\"yoast-schema-graph\">{\"@context\":\"https:\/\/schema.org\",\"@graph\":[{\"@type\":\"WebPage\",\"@id\":\"https:\/\/bartart.it\/es\/faq-preguntas-frecuentes\/\",\"url\":\"https:\/\/bartart.it\/es\/faq-preguntas-frecuentes\/\",\"name\":\"(FAQ) Preguntas frecuentes | Bartart\",\"isPartOf\":{\"@id\":\"https:\/\/bartart.it\/es\/#website\"},\"datePublished\":\"2015-09-08T01:49:24+00:00\",\"dateModified\":\"2026-05-05T10:30:06+00:00\",\"description\":\"Consulta las preguntas frecuentes de bArtArt: informaci\u00f3n sobre las obras, las trayectorias art\u00edsticas, los materiales, la filosof\u00eda creativa y las formas de disfrutarlas.\",\"breadcrumb\":{\"@id\":\"https:\/\/bartart.it\/es\/faq-preguntas-frecuentes\/#breadcrumb\"},\"inLanguage\":\"es\",\"potentialAction\":[{\"@type\":\"ReadAction\",\"target\":[\"https:\/\/bartart.it\/es\/faq-preguntas-frecuentes\/\"]}]},{\"@type\":\"BreadcrumbList\",\"@id\":\"https:\/\/bartart.it\/es\/faq-preguntas-frecuentes\/#breadcrumb\",\"itemListElement\":[{\"@type\":\"ListItem\",\"position\":1,\"name\":\"Home\",\"item\":\"https:\/\/bartart.it\/es\/\"},{\"@type\":\"ListItem\",\"position\":2,\"name\":\"Preguntas Frecuentes\"}]},{\"@type\":\"WebSite\",\"@id\":\"https:\/\/bartart.it\/es\/#website\",\"url\":\"https:\/\/bartart.it\/es\/\",\"name\":\"bArtArt\",\"description\":\"Scultura in Creta su Misura\",\"publisher\":{\"@id\":\"https:\/\/bartart.it\/es\/#\/schema\/person\/9b4776c2ef49b485779b948861bbfcaf\"},\"alternateName\":\"Sculture in Creta Personalizzate | bArtArt\",\"potentialAction\":[{\"@type\":\"SearchAction\",\"target\":{\"@type\":\"EntryPoint\",\"urlTemplate\":\"https:\/\/bartart.it\/es\/?s={search_term_string}\"},\"query-input\":{\"@type\":\"PropertyValueSpecification\",\"valueRequired\":true,\"valueName\":\"search_term_string\"}}],\"inLanguage\":\"es\"},{\"@type\":[\"Person\",\"Organization\"],\"@id\":\"https:\/\/bartart.it\/es\/#\/schema\/person\/9b4776c2ef49b485779b948861bbfcaf\",\"name\":\"Daniele Bartoli\",\"image\":{\"@type\":\"ImageObject\",\"inLanguage\":\"es\",\"@id\":\"https:\/\/bartart.it\/es\/#\/schema\/person\/image\/\",\"url\":\"https:\/\/bartart.it\/wp-content\/uploads\/2025\/05\/Logo200x200ca-3.jpg\",\"contentUrl\":\"https:\/\/bartart.it\/wp-content\/uploads\/2025\/05\/Logo200x200ca-3.jpg\",\"width\":180,\"height\":76,\"caption\":\"Daniele Bartoli\"},\"logo\":{\"@id\":\"https:\/\/bartart.it\/es\/#\/schema\/person\/image\/\"},\"sameAs\":[\"http:\/\/bartart.it\",\"https:\/\/www.facebook.com\/profile.php?id=61582712773000&sk=photos\",\"https:\/\/www.instagram.com\/bartoli.daniele\/\",\"https:\/\/it.pinterest.com\/bartartscultureincretapersonal\/\",\"https:\/\/studio.youtube.com\/channel\/UC6ShOq_jGblxgQFWzYJNbrQ\"]}]}<\/script>\n<!-- \/ Yoast SEO plugin. -->","yoast_head_json":{"title":"(FAQ) Preguntas frecuentes | Bartart","description":"Consulta las preguntas frecuentes de bArtArt: informaci\u00f3n sobre las obras, las trayectorias art\u00edsticas, los materiales, la filosof\u00eda creativa y las formas de disfrutarlas.","robots":{"index":"index","follow":"follow","max-snippet":"max-snippet:-1","max-image-preview":"max-image-preview:large","max-video-preview":"max-video-preview:-1"},"canonical":"https:\/\/bartart.it\/es\/faq-preguntas-frecuentes\/","og_locale":"es_ES","og_type":"article","og_title":"(FAQ) Preguntas frecuentes | Bartart","og_description":"Consulta las preguntas frecuentes de bArtArt: informaci\u00f3n sobre las obras, las trayectorias art\u00edsticas, los materiales, la filosof\u00eda creativa y las formas de disfrutarlas.","og_url":"https:\/\/bartart.it\/es\/faq-preguntas-frecuentes\/","og_site_name":"Bartart","article_publisher":"https:\/\/www.facebook.com\/profile.php?id=61582712773000&sk=photos","article_modified_time":"2026-05-05T10:30:06+00:00","og_image":[{"width":896,"height":1152,"url":"https:\/\/bartart.it\/wp-content\/uploads\/2025\/10\/freepik__the-style-is-candid-image-photography-with-natural__46614.jpeg","type":"image\/jpeg"}],"twitter_card":"summary_large_image","twitter_misc":{"Tiempo de lectura":"4 minutos"},"schema":{"@context":"https:\/\/schema.org","@graph":[{"@type":"WebPage","@id":"https:\/\/bartart.it\/es\/faq-preguntas-frecuentes\/","url":"https:\/\/bartart.it\/es\/faq-preguntas-frecuentes\/","name":"(FAQ) Preguntas frecuentes | Bartart","isPartOf":{"@id":"https:\/\/bartart.it\/es\/#website"},"datePublished":"2015-09-08T01:49:24+00:00","dateModified":"2026-05-05T10:30:06+00:00","description":"Consulta las preguntas frecuentes de bArtArt: informaci\u00f3n sobre las obras, las trayectorias art\u00edsticas, los materiales, la filosof\u00eda creativa y las formas de disfrutarlas.","breadcrumb":{"@id":"https:\/\/bartart.it\/es\/faq-preguntas-frecuentes\/#breadcrumb"},"inLanguage":"es","potentialAction":[{"@type":"ReadAction","target":["https:\/\/bartart.it\/es\/faq-preguntas-frecuentes\/"]}]},{"@type":"BreadcrumbList","@id":"https:\/\/bartart.it\/es\/faq-preguntas-frecuentes\/#breadcrumb","itemListElement":[{"@type":"ListItem","position":1,"name":"Home","item":"https:\/\/bartart.it\/es\/"},{"@type":"ListItem","position":2,"name":"Preguntas Frecuentes"}]},{"@type":"WebSite","@id":"https:\/\/bartart.it\/es\/#website","url":"https:\/\/bartart.it\/es\/","name":"bArtArt","description":"Scultura in Creta su Misura","publisher":{"@id":"https:\/\/bartart.it\/es\/#\/schema\/person\/9b4776c2ef49b485779b948861bbfcaf"},"alternateName":"Sculture in Creta Personalizzate | bArtArt","potentialAction":[{"@type":"SearchAction","target":{"@type":"EntryPoint","urlTemplate":"https:\/\/bartart.it\/es\/?s={search_term_string}"},"query-input":{"@type":"PropertyValueSpecification","valueRequired":true,"valueName":"search_term_string"}}],"inLanguage":"es"},{"@type":["Person","Organization"],"@id":"https:\/\/bartart.it\/es\/#\/schema\/person\/9b4776c2ef49b485779b948861bbfcaf","name":"Daniele Bartoli","image":{"@type":"ImageObject","inLanguage":"es","@id":"https:\/\/bartart.it\/es\/#\/schema\/person\/image\/","url":"https:\/\/bartart.it\/wp-content\/uploads\/2025\/05\/Logo200x200ca-3.jpg","contentUrl":"https:\/\/bartart.it\/wp-content\/uploads\/2025\/05\/Logo200x200ca-3.jpg","width":180,"height":76,"caption":"Daniele Bartoli"},"logo":{"@id":"https:\/\/bartart.it\/es\/#\/schema\/person\/image\/"},"sameAs":["http:\/\/bartart.it","https:\/\/www.facebook.com\/profile.php?id=61582712773000&sk=photos","https:\/\/www.instagram.com\/bartoli.daniele\/","https:\/\/it.pinterest.com\/bartartscultureincretapersonal\/","https:\/\/studio.youtube.com\/channel\/UC6ShOq_jGblxgQFWzYJNbrQ"]}]}},"_links":{"self":[{"href":"https:\/\/bartart.it\/es\/wp-json\/wp\/v2\/pages\/7476","targetHints":{"allow":["GET"]}}],"collection":[{"href":"https:\/\/bartart.it\/es\/wp-json\/wp\/v2\/pages"}],"about":[{"href":"https:\/\/bartart.it\/es\/wp-json\/wp\/v2\/types\/page"}],"author":[{"embeddable":true,"href":"https:\/\/bartart.it\/es\/wp-json\/wp\/v2\/users\/2"}],"replies":[{"embeddable":true,"href":"https:\/\/bartart.it\/es\/wp-json\/wp\/v2\/comments?post=7476"}],"version-history":[{"count":8,"href":"https:\/\/bartart.it\/es\/wp-json\/wp\/v2\/pages\/7476\/revisions"}],"predecessor-version":[{"id":8044,"href":"https:\/\/bartart.it\/es\/wp-json\/wp\/v2\/pages\/7476\/revisions\/8044"}],"wp:attachment":[{"href":"https:\/\/bartart.it\/es\/wp-json\/wp\/v2\/media?parent=7476"}],"curies":[{"name":"wp","href":"https:\/\/api.w.org\/{rel}","templated":true}]}}