{"id":7481,"date":"2016-06-06T02:16:17","date_gmt":"2016-06-06T00:16:17","guid":{"rendered":"https:\/\/bartart.it\/hogar\/"},"modified":"2026-05-05T16:32:22","modified_gmt":"2026-05-05T14:32:22","slug":"hogar","status":"publish","type":"page","link":"https:\/\/bartart.it\/es\/","title":{"rendered":"Hogar"},"content":{"rendered":"<div class=\"wpb-content-wrapper\"><p>[vc_row][vc_column][vc_custom_heading text=\u00bbAqu\u00ed puedes encargar una escultura de arcilla personalizada y hecha a mano.\u00bb font_container=\u00bbtag:h1|text_align:left\u00bb css=\u00bb\u00bb el_class=\u00bbvisually-hidden\u00bb][vc_custom_heading text=\u00bbEsculturas de arcilla personalizadas, cada pieza es \u00fanica, dise\u00f1ada con el cliente y acabada hasta el m\u00e1s m\u00ednimo detalle, de la forma al color final\u00bb css=\u00bb\u00bb el_class=\u00bbvisually-hidden\u00bb][\/vc_column][\/vc_row][vc_row full_width=\u00bbstretch_row\u00bb css=\u00bb.vc_custom_1761666882635{background-color: #000000 !important;}\u00bb][vc_column css=\u00bb.vc_custom_1748534331896{background-color: #000000 !important;}\u00bb][vc_empty_space height=\u00bb11px\u00bb el_id=\u00bb<\/p>\n<h1>Sculture in creta personalizzate fatte a mano<\/h1>\n<p>\u00ab][rev_slider_vc alias=\u00bbbArtArt_Slider_ENG\u00bb el_class=\u00bb`{`rev_slider alias=\u00abbArtArt_Slider1\u00ab`}\u00ab{`\/rev_slider`}`\u00bb][vc_empty_space height=\u00bb6px\u00bb][\/vc_column][\/vc_row][vc_row full_width=\u00bbstretch_row\u00bb css=\u00bb.vc_custom_1761406893188{background-color: #000000 !important;}\u00bb][vc_column el_class=\u00bbwow fadeInUp\u00bb][vc_custom_heading text=\u00bbCreo esculturas de arcilla \u00fanicas y originales por encargo.<br \/>\nbArtArt\u00bb font_container=\u00bbtag:h3|font_size:32|text_align:left|color:%23FFFEFE|line_height:1.0&#8243; use_theme_fonts=\u00bbyes\u00bb css=\u00bb\u00bb][vc_column_text css=\u00bb\u00bb]<\/p>\n<ul>\n<li>Agradezco sus solicitudes, eval\u00fao la viabilidad, propongo alternativas y realizo<\/li>\n<li>\n<p data-start=\"77\" data-end=\"285\">Ofrezco un servicio de creaci\u00f3n de esculturas de arcilla personalizadas, hechas por encargo.<\/p>\n<\/li>\n<li>\n<p data-start=\"77\" data-end=\"285\">Cada obra es una pieza \u00fanica e irrepetible, dise\u00f1ada para interactuar con un espacio espec\u00edfico y realzarlo.<\/p>\n<\/li>\n<li>\n<p data-start=\"77\" data-end=\"285\">Mi trabajo se gu\u00eda por una visi\u00f3n que combina dinamismo, materia primordial y asombro, dando forma a esculturas que expresan emociones e identidades.<\/p>\n<\/li>\n<\/ul>\n<p>[\/vc_column_text][vc_empty_space][\/vc_column][\/vc_row][vc_row full_width=\u00bbstretch_row\u00bb css=\u00bb.vc_custom_1770734287425{background-color: #000000 !important;border-color: #000000 !important;}\u00bb row_bg_overlay=\u00bb#000000&#8243;][vc_column][vc_btn title=\u00bbCont\u00e1ctame\u00bb color=\u00bbwarning\u00bb size=\u00bblg\u00bb align=\u00bbcenter\u00bb css=\u00bb.vc_custom_1776698353922{background-color: #000000 !important;border-color: #000000 !important;}\u00bb link=\u00bburl:https%3A%2F%2Fbartart.it%2Fes%2Fcontatti-2%2F|\u00bb][vc_empty_space css=\u00bb.vc_custom_1770734414202{background-color: #000000 !important;border-color: #000000 !important;}\u00bb][\/vc_column][\/vc_row][vc_row full_width=\u00bbstretch_row_content_no_spaces\u00bb equal_height=\u00bbyes\u00bb css=\u00bb.vc_custom_1748615658111{margin-top: 0px !important;margin-bottom: 0px !important;padding-right: 15px !important;padding-left: 15px !important;background-color: #000000 !important;}\u00bb][vc_column width=\u00bb1\/3&#8243; el_class=\u00bbwow fadeInUp\u00bb][vc_row_inner content_placement=\u00bbmiddle\u00bb css=\u00bb.vc_custom_1465292310685{margin-right: 15px !important;margin-bottom: 30px !important;margin-left: 15px !important;padding-top: 10px !important;padding-bottom: 10px !important;background-image: url(https:\/\/bartart.it\/wp-content\/uploads\/2016\/05\/newhome_2.jpg?id=3009) !important;background-position: center !important;background-repeat: no-repeat !important;background-size: cover !important;}\u00bb el_class=\u00bbheli-icon-box2&#8243;][vc_column_inner el_class=\u00bbwow fadeInUp\u00bb][thememove_icon type=\u00bbpe7stroke\u00bb icon_pe7stroke=\u00bbpe-7s-mouse\u00bb align=\u00bbcenter\u00bb size=\u00bb90px\u00bb custom_color=\u00bb#ffffff\u00bb][vc_custom_heading text=\u00bbPRIMERA FASE\u00bb font_container=\u00bbtag:div|font_size:16|text_align:center|color:%23ffffff\u00bb use_theme_fonts=\u00bbyes\u00bb css=\u00bb.vc_custom_1747149587704{margin-top: 10px !important;}\u00bb tm_font_weight=\u00bb400&#8243; tm_letter_spacing=\u00bb1&#8243;][vc_custom_heading text=\u00bbSe realiza un estudio preliminar de viabilidad del proyecto solicitado, y se solicita la mayor cantidad de informaci\u00f3n posible: planos, fotograf\u00edas, p\u00e1ginas web.\u00bb font_container=\u00bbtag:div|font_size:16|text_align:center|color:%23ffffff\u00bb use_theme_fonts=\u00bbyes\u00bb css=\u00bb.vc_custom_1747150494222{padding-top: 20px !important;padding-right: 70px !important;padding-left: 70px !important;}\u00bb tm_font_weight=\u00bb300&#8243; tm_letter_spacing=\u00bb1.6&#8243; el_class=\u00bbhide-text\u00bb][\/vc_column_inner][\/vc_row_inner][\/vc_column][vc_column width=\u00bb1\/3&#8243; el_class=\u00bbwow fadeInUp delay-300&#8243;][vc_row_inner content_placement=\u00bbmiddle\u00bb css=\u00bb.vc_custom_1465292360819{margin-right: 15px !important;margin-bottom: 30px !important;margin-left: 15px !important;padding-top: 10px !important;padding-bottom: 10px !important;background-image: url(https:\/\/bartart.it\/wp-content\/uploads\/2016\/05\/newhome_2.jpg?id=3009) !important;background-position: center !important;background-repeat: no-repeat !important;background-size: cover !important;}\u00bb el_class=\u00bbheli-icon-box2&#8243;][vc_column_inner el_class=\u00bbwow fadeInUp\u00bb][thememove_icon type=\u00bbpe7stroke\u00bb icon_pe7stroke=\u00bbpe-7s-tools\u00bb align=\u00bbcenter\u00bb size=\u00bb90px\u00bb custom_color=\u00bb#ffffff\u00bb][vc_custom_heading text=\u00bbREALIZACI\u00d3N\u00bb font_container=\u00bbtag:div|font_size:16|text_align:center|color:%23ffffff\u00bb use_theme_fonts=\u00bbyes\u00bb css=\u00bb.vc_custom_1747149630989{margin-top: 10px !important;}\u00bb tm_font_weight=\u00bb400&#8243; tm_letter_spacing=\u00bb1&#8243;][vc_custom_heading text=\u00bbModelado y pintura reales.\u00bb font_container=\u00bbtag:div|font_size:16|text_align:center|color:%23ffffff\u00bb use_theme_fonts=\u00bbyes\u00bb css=\u00bb.vc_custom_1760879971244{padding-top: 20px !important;padding-right: 70px !important;padding-left: 70px !important;}\u00bb tm_font_weight=\u00bb300&#8243; tm_letter_spacing=\u00bb1.6&#8243; el_class=\u00bbhide-text\u00bb][\/vc_column_inner][\/vc_row_inner][\/vc_column][vc_column width=\u00bb1\/3&#8243; el_class=\u00bbwow fadeInUp delay-500&#8243;][vc_row_inner content_placement=\u00bbmiddle\u00bb css=\u00bb.vc_custom_1465292374958{margin-right: 15px !important;margin-bottom: 30px !important;margin-left: 15px !important;padding-top: 10px !important;padding-bottom: 10px !important;background-image: url(https:\/\/bartart.it\/wp-content\/uploads\/2016\/05\/newhome_2.jpg?id=3009) !important;background-position: center !important;background-repeat: no-repeat !important;background-size: cover !important;}\u00bb el_class=\u00bbheli-icon-box2&#8243;][vc_column_inner el_class=\u00bbwow fadeInUp\u00bb][thememove_icon type=\u00bbpe7stroke\u00bb icon_pe7stroke=\u00bbpe-7s-diamond\u00bb align=\u00bbcenter\u00bb size=\u00bb90px\u00bb custom_color=\u00bb#ffffff\u00bb][vc_custom_heading text=\u00bbPRESENTACI\u00d3N Y ENTREGA\u00bb font_container=\u00bbtag:div|font_size:16|text_align:center|color:%23ffffff\u00bb use_theme_fonts=\u00bbyes\u00bb css=\u00bb.vc_custom_1747149714007{margin-top: 10px !important;}\u00bb tm_font_weight=\u00bb400&#8243; tm_letter_spacing=\u00bb1&#8243;][vc_custom_heading text=\u00bbSe muestra la obra y se eval\u00faa el m\u00e9todo de env\u00edo\/entrega m\u00e1s adecuado para el cliente, con el fin de garantizar que se preserve su integridad.\u00bb font_container=\u00bbtag:div|font_size:16|text_align:center|color:%23ffffff\u00bb use_theme_fonts=\u00bbyes\u00bb css=\u00bb.vc_custom_1760880049563{padding-top: 20px !important;padding-right: 70px !important;padding-left: 70px !important;}\u00bb tm_font_weight=\u00bb300&#8243; tm_letter_spacing=\u00bb1.6&#8243; el_class=\u00bbhide-text\u00bb][\/vc_column_inner][\/vc_row_inner][\/vc_column][\/vc_row][vc_row full_width=\u00bbstretch_row\u00bb css=\u00bb.vc_custom_1764861088744{background-color: #000000 !important;}\u00bb][vc_column][vc_empty_space css=\u00bb.vc_custom_1764860978812{background-color: #000000 !important;}\u00bb][\/vc_column][\/vc_row][vc_row][vc_column][\/vc_column][\/vc_row]<\/p>\n<\/div>","protected":false},"excerpt":{"rendered":"<p>[vc_row][vc_column][vc_custom_heading text=\u00bbAqu\u00ed puedes encargar una escultura de arcilla personalizada y hecha a mano.\u00bb font_container=\u00bbtag:h1|text_align:left\u00bb css=\u00bb\u00bb el_class=\u00bbvisually-hidden\u00bb][vc_custom_heading text=\u00bbEsculturas de arcilla personalizadas, cada pieza es \u00fanica, dise\u00f1ada con el cliente y acabada hasta el m\u00e1s m\u00ednimo detalle, de la forma al color final\u00bb css=\u00bb\u00bb el_class=\u00bbvisually-hidden\u00bb][\/vc_column][\/vc_row][vc_row full_width=\u00bbstretch_row\u00bb css=\u00bb.vc_custom_1761666882635{background-color: #000000 !important;}\u00bb][vc_column css=\u00bb.vc_custom_1748534331896{background-color: #000000 !important;}\u00bb][vc_empty_space height=\u00bb11px\u00bb el_id=\u00bb Sculture in creta [&hellip;]<\/p>\n","protected":false},"author":2,"featured_media":0,"parent":0,"menu_order":0,"comment_status":"closed","ping_status":"closed","template":"","meta":{"footnotes":""},"class_list":["post-7481","page","type-page","status-publish","hentry"],"yoast_head":"<!-- This site is optimized with the Yoast SEO plugin v26.8 - https:\/\/yoast.com\/product\/yoast-seo-wordpress\/ -->\n<title>Hogar | Bartart<\/title>\n<meta name=\"description\" content=\"Encarga tu pieza para exhibirla en la sala de estar como l\u00e1mpara, adorno o decoraci\u00f3n de pared. Creo objetos de arcilla \u00fanicos y originales.\" \/>\n<meta name=\"robots\" content=\"index, follow, max-snippet:-1, max-image-preview:large, max-video-preview:-1\" \/>\n<link rel=\"canonical\" href=\"https:\/\/bartart.it\/es\/\" \/>\n<meta property=\"og:locale\" content=\"es_ES\" \/>\n<meta property=\"og:type\" content=\"article\" \/>\n<meta property=\"og:title\" content=\"Hogar | Bartart\" \/>\n<meta property=\"og:description\" content=\"Encarga tu pieza para exhibirla en la sala de estar como l\u00e1mpara, adorno o decoraci\u00f3n de pared. Creo objetos de arcilla \u00fanicos y originales.\" \/>\n<meta property=\"og:url\" content=\"https:\/\/bartart.it\/es\/\" \/>\n<meta property=\"og:site_name\" content=\"Bartart\" \/>\n<meta property=\"article:publisher\" content=\"https:\/\/www.facebook.com\/profile.php?id=61582712773000&amp;sk=photos\" \/>\n<meta property=\"article:modified_time\" content=\"2026-05-05T14:32:22+00:00\" \/>\n<meta property=\"og:image\" content=\"https:\/\/bartart.it\/wp-content\/uploads\/2025\/10\/freepik__the-style-is-candid-image-photography-with-natural__46614.jpeg\" \/>\n\t<meta property=\"og:image:width\" content=\"896\" \/>\n\t<meta property=\"og:image:height\" content=\"1152\" \/>\n\t<meta property=\"og:image:type\" content=\"image\/jpeg\" \/>\n<meta name=\"twitter:card\" content=\"summary_large_image\" \/>\n<meta name=\"twitter:label1\" content=\"Tiempo de lectura\" \/>\n\t<meta name=\"twitter:data1\" content=\"2 minutos\" \/>\n<script type=\"application\/ld+json\" class=\"yoast-schema-graph\">{\"@context\":\"https:\/\/schema.org\",\"@graph\":[{\"@type\":\"WebPage\",\"@id\":\"https:\/\/bartart.it\/es\/\",\"url\":\"https:\/\/bartart.it\/es\/\",\"name\":\"Hogar | Bartart\",\"isPartOf\":{\"@id\":\"https:\/\/bartart.it\/es\/#website\"},\"datePublished\":\"2016-06-06T00:16:17+00:00\",\"dateModified\":\"2026-05-05T14:32:22+00:00\",\"description\":\"Encarga tu pieza para exhibirla en la sala de estar como l\u00e1mpara, adorno o decoraci\u00f3n de pared. Creo objetos de arcilla \u00fanicos y originales.\",\"breadcrumb\":{\"@id\":\"https:\/\/bartart.it\/es\/#breadcrumb\"},\"inLanguage\":\"es\",\"potentialAction\":[{\"@type\":\"ReadAction\",\"target\":[\"https:\/\/bartart.it\/es\/\"]}]},{\"@type\":\"BreadcrumbList\",\"@id\":\"https:\/\/bartart.it\/es\/#breadcrumb\",\"itemListElement\":[{\"@type\":\"ListItem\",\"position\":1,\"name\":\"Home\",\"item\":\"https:\/\/bartart.it\/es\/\"},{\"@type\":\"ListItem\",\"position\":2,\"name\":\"Hogar \u2013 Esculturas de Arcilla Personalizadas y Arte Decorativo\"}]},{\"@type\":\"WebSite\",\"@id\":\"https:\/\/bartart.it\/es\/#website\",\"url\":\"https:\/\/bartart.it\/es\/\",\"name\":\"bArtArt\",\"description\":\"Scultura in Creta su Misura\",\"publisher\":{\"@id\":\"https:\/\/bartart.it\/es\/#\/schema\/person\/9b4776c2ef49b485779b948861bbfcaf\"},\"alternateName\":\"Sculture in Creta Personalizzate | bArtArt\",\"potentialAction\":[{\"@type\":\"SearchAction\",\"target\":{\"@type\":\"EntryPoint\",\"urlTemplate\":\"https:\/\/bartart.it\/es\/?s={search_term_string}\"},\"query-input\":{\"@type\":\"PropertyValueSpecification\",\"valueRequired\":true,\"valueName\":\"search_term_string\"}}],\"inLanguage\":\"es\"},{\"@type\":[\"Person\",\"Organization\"],\"@id\":\"https:\/\/bartart.it\/es\/#\/schema\/person\/9b4776c2ef49b485779b948861bbfcaf\",\"name\":\"Daniele Bartoli\",\"image\":{\"@type\":\"ImageObject\",\"inLanguage\":\"es\",\"@id\":\"https:\/\/bartart.it\/es\/#\/schema\/person\/image\/\",\"url\":\"https:\/\/bartart.it\/wp-content\/uploads\/2025\/05\/Logo200x200ca-3.jpg\",\"contentUrl\":\"https:\/\/bartart.it\/wp-content\/uploads\/2025\/05\/Logo200x200ca-3.jpg\",\"width\":180,\"height\":76,\"caption\":\"Daniele Bartoli\"},\"logo\":{\"@id\":\"https:\/\/bartart.it\/es\/#\/schema\/person\/image\/\"},\"sameAs\":[\"http:\/\/bartart.it\",\"https:\/\/www.facebook.com\/profile.php?id=61582712773000&sk=photos\",\"https:\/\/www.instagram.com\/bartoli.daniele\/\",\"https:\/\/it.pinterest.com\/bartartscultureincretapersonal\/\",\"https:\/\/studio.youtube.com\/channel\/UC6ShOq_jGblxgQFWzYJNbrQ\"]}]}<\/script>\n<!-- \/ Yoast SEO plugin. -->","yoast_head_json":{"title":"Hogar | Bartart","description":"Encarga tu pieza para exhibirla en la sala de estar como l\u00e1mpara, adorno o decoraci\u00f3n de pared. Creo objetos de arcilla \u00fanicos y originales.","robots":{"index":"index","follow":"follow","max-snippet":"max-snippet:-1","max-image-preview":"max-image-preview:large","max-video-preview":"max-video-preview:-1"},"canonical":"https:\/\/bartart.it\/es\/","og_locale":"es_ES","og_type":"article","og_title":"Hogar | Bartart","og_description":"Encarga tu pieza para exhibirla en la sala de estar como l\u00e1mpara, adorno o decoraci\u00f3n de pared. Creo objetos de arcilla \u00fanicos y originales.","og_url":"https:\/\/bartart.it\/es\/","og_site_name":"Bartart","article_publisher":"https:\/\/www.facebook.com\/profile.php?id=61582712773000&sk=photos","article_modified_time":"2026-05-05T14:32:22+00:00","og_image":[{"width":896,"height":1152,"url":"https:\/\/bartart.it\/wp-content\/uploads\/2025\/10\/freepik__the-style-is-candid-image-photography-with-natural__46614.jpeg","type":"image\/jpeg"}],"twitter_card":"summary_large_image","twitter_misc":{"Tiempo de lectura":"2 minutos"},"schema":{"@context":"https:\/\/schema.org","@graph":[{"@type":"WebPage","@id":"https:\/\/bartart.it\/es\/","url":"https:\/\/bartart.it\/es\/","name":"Hogar | Bartart","isPartOf":{"@id":"https:\/\/bartart.it\/es\/#website"},"datePublished":"2016-06-06T00:16:17+00:00","dateModified":"2026-05-05T14:32:22+00:00","description":"Encarga tu pieza para exhibirla en la sala de estar como l\u00e1mpara, adorno o decoraci\u00f3n de pared. Creo objetos de arcilla \u00fanicos y originales.","breadcrumb":{"@id":"https:\/\/bartart.it\/es\/#breadcrumb"},"inLanguage":"es","potentialAction":[{"@type":"ReadAction","target":["https:\/\/bartart.it\/es\/"]}]},{"@type":"BreadcrumbList","@id":"https:\/\/bartart.it\/es\/#breadcrumb","itemListElement":[{"@type":"ListItem","position":1,"name":"Home","item":"https:\/\/bartart.it\/es\/"},{"@type":"ListItem","position":2,"name":"Hogar \u2013 Esculturas de Arcilla Personalizadas y Arte Decorativo"}]},{"@type":"WebSite","@id":"https:\/\/bartart.it\/es\/#website","url":"https:\/\/bartart.it\/es\/","name":"bArtArt","description":"Scultura in Creta su Misura","publisher":{"@id":"https:\/\/bartart.it\/es\/#\/schema\/person\/9b4776c2ef49b485779b948861bbfcaf"},"alternateName":"Sculture in Creta Personalizzate | bArtArt","potentialAction":[{"@type":"SearchAction","target":{"@type":"EntryPoint","urlTemplate":"https:\/\/bartart.it\/es\/?s={search_term_string}"},"query-input":{"@type":"PropertyValueSpecification","valueRequired":true,"valueName":"search_term_string"}}],"inLanguage":"es"},{"@type":["Person","Organization"],"@id":"https:\/\/bartart.it\/es\/#\/schema\/person\/9b4776c2ef49b485779b948861bbfcaf","name":"Daniele Bartoli","image":{"@type":"ImageObject","inLanguage":"es","@id":"https:\/\/bartart.it\/es\/#\/schema\/person\/image\/","url":"https:\/\/bartart.it\/wp-content\/uploads\/2025\/05\/Logo200x200ca-3.jpg","contentUrl":"https:\/\/bartart.it\/wp-content\/uploads\/2025\/05\/Logo200x200ca-3.jpg","width":180,"height":76,"caption":"Daniele Bartoli"},"logo":{"@id":"https:\/\/bartart.it\/es\/#\/schema\/person\/image\/"},"sameAs":["http:\/\/bartart.it","https:\/\/www.facebook.com\/profile.php?id=61582712773000&sk=photos","https:\/\/www.instagram.com\/bartoli.daniele\/","https:\/\/it.pinterest.com\/bartartscultureincretapersonal\/","https:\/\/studio.youtube.com\/channel\/UC6ShOq_jGblxgQFWzYJNbrQ"]}]}},"_links":{"self":[{"href":"https:\/\/bartart.it\/es\/wp-json\/wp\/v2\/pages\/7481","targetHints":{"allow":["GET"]}}],"collection":[{"href":"https:\/\/bartart.it\/es\/wp-json\/wp\/v2\/pages"}],"about":[{"href":"https:\/\/bartart.it\/es\/wp-json\/wp\/v2\/types\/page"}],"author":[{"embeddable":true,"href":"https:\/\/bartart.it\/es\/wp-json\/wp\/v2\/users\/2"}],"replies":[{"embeddable":true,"href":"https:\/\/bartart.it\/es\/wp-json\/wp\/v2\/comments?post=7481"}],"version-history":[{"count":9,"href":"https:\/\/bartart.it\/es\/wp-json\/wp\/v2\/pages\/7481\/revisions"}],"predecessor-version":[{"id":8097,"href":"https:\/\/bartart.it\/es\/wp-json\/wp\/v2\/pages\/7481\/revisions\/8097"}],"wp:attachment":[{"href":"https:\/\/bartart.it\/es\/wp-json\/wp\/v2\/media?parent=7481"}],"curies":[{"name":"wp","href":"https:\/\/api.w.org\/{rel}","templated":true}]}}