{"id":7502,"date":"2015-11-24T04:39:04","date_gmt":"2015-11-24T03:39:04","guid":{"rendered":"https:\/\/bartart.it\/opere-in-creta-su-misura-per-il-cliente\/"},"modified":"2026-05-05T15:56:07","modified_gmt":"2026-05-05T13:56:07","slug":"obras-de-arcilla-hechas-a-medida-para-el-cliente","status":"publish","type":"page","link":"https:\/\/bartart.it\/es\/obras-de-arcilla-hechas-a-medida-para-el-cliente\/","title":{"rendered":"obras"},"content":{"rendered":"<div class=\"wpb-content-wrapper\"><p>[vc_row full_width=\u00bbstretch_row\u00bb css=\u00bb.vc_custom_1761665904590{background-color: #000000 !important;}\u00bb][vc_column][vc_custom_heading text=\u00bbGaler\u00eda de Arte en Arcilla | bArtArt\u00bb font_container=\u00bbtag:h1|text_align:left\u00bb css=\u00bb\u00bb el_class=\u00bbvisually-hidden\u00bb][vc_empty_space height=\u00bb50px\u00bb el_id=\u00bb<\/p>\n<h2>Sculture in creta personalizzate: arte su misura per i tuoi spazi<\/h2>\n<p>\u00ab][vc_custom_heading text=\u00bbObras originales, \u00fanicas | bArtArt\u00bb font_container=\u00bbtag:h2|font_size:28|text_align:center|color:%23FFFFFF\u00bb use_theme_fonts=\u00bbyes\u00bb css=\u00bb\u00bb tm_text_transform=\u00bbcapitalize\u00bb tm_font_weight=\u00bb800&#8243;][vc_column_text css=\u00bb\u00bb]<\/p>\n<p data-start=\"315\" data-end=\"704\">Esta galer\u00eda re\u00fane una selecci\u00f3n de esculturas originales realizadas en arcilla, madera y materiales mixtos. Concebidas como ejercicios estil\u00edsticos, buscan transmitir emociones intensas, a menudo contradictorias. Cada obra es fruto de una exploraci\u00f3n personal de la forma, el material y la expresividad, con especial atenci\u00f3n al detalle, la textura y la representaci\u00f3n emocional del tema.<\/p>\n<p data-start=\"706\" data-end=\"1169\">Las esculturas representan figuras animales, criaturas h\u00edbridas y rostros distorsionados, suspendidos entre im\u00e1genes fant\u00e1sticas, influencias cinematogr\u00e1ficas e interpretaci\u00f3n personal. Algunas obras exploran la tensi\u00f3n, la violencia y la inquietud; otras evocan el silencio, la expectativa o una fuerza primordial contenida. El color, a menudo intenso y texturizado, interact\u00faa con fondos minimalistas para realzar los vol\u00famenes y hacer que cada pieza sea adecuada para contextos de exposici\u00f3n contempor\u00e1neos.<\/p>\n<p data-start=\"1171\" data-end=\"1515\">Esta colecci\u00f3n incluye obras terminadas, piezas \u00fanicas y experimentales que muestran el proceso creativo y el potencial expresivo del material. Las esculturas pueden apreciarse desde diversos \u00e1ngulos, incluso mediante v\u00eddeo y animaci\u00f3n, para comprender plenamente la complejidad de sus formas y superficies.<\/p>\n<p data-start=\"1517\" data-end=\"1866\">La galer\u00eda se concibe como un espacio visual en constante evoluci\u00f3n, donde cada escultura narra una historia diferente e invita al espectador a conectar con sus propias emociones. Ya sea atracci\u00f3n, repulsi\u00f3n o simple curiosidad, el objetivo es dejar huella, demostrando el potencial narrativo y t\u00e9cnico de la escultura contempor\u00e1nea.<\/p>\n<p>[\/vc_column_text][vc_empty_space height=\u00bb50px\u00bb][vc_column_text css=\u00bb\u00bb]<\/p>\n<p style=\"text-align: center;\">Una galer\u00eda con una muestra de los trabajos realizados durante el proyecto. Para ver los trabajos con mayor detalle, haga clic en la imagen que le interese y utilice las flechas horizontales para pasar a la siguiente o anterior.<\/p>\n<p>[\/vc_column_text][\/vc_column][\/vc_row][vc_row full_width=\u00bbstretch_row\u00bb css=\u00bb.vc_custom_1761665918763{background-color: #000000 !important;}\u00bb][vc_column][vc_media_grid css=\u00bb\u00bb initial_loading_animation=\u00bbfadeInDown\u00bb grid_id=\u00bbvc_gid:1769423943790-44560ade-e6ac-7&#8243; include=\u00bb7485,7486,7487,7488,7489,7490,7491,7492,7493,7494,7495,7496,7497,7498,7499,7500,7501&#8243;][\/vc_column][\/vc_row][vc_row full_width=\u00bbstretch_row\u00bb css=\u00bb.vc_custom_1762784966968{background-color: #000000 !important;}\u00bb][vc_column][vc_empty_space css=\u00bb.vc_custom_1762784845113{background-color: #000000 !important;}\u00bb][\/vc_column][\/vc_row][vc_row full_width=\u00bbstretch_row\u00bb css=\u00bb.vc_custom_1762784916777{background-color: #000000 !important;}\u00bb][vc_column][vc_btn title=\u00bbAplicaciones l\u00fadicas de herramientas de inteligencia artificial\u00bb size=\u00bbsm\u00bb align=\u00bbcenter\u00bb css=\u00bb.vc_custom_1768696942886{background-color: #000000 !important;}\u00bb link=\u00bburl:https%3A%2F%2Fbartart.it%2Fes%2Fvideo-con-intelligenza-artificiale%2F|title:Inteligencia%20artificial|\u00bb][\/vc_column][\/vc_row][vc_row full_width=\u00bbstretch_row\u00bb css=\u00bb.vc_custom_1763036457306{background-color: #000000 !important;}\u00bb][vc_column][vc_empty_space][\/vc_column][\/vc_row][vc_row full_width=\u00bbstretch_row\u00bb css=\u00bb.vc_custom_1762784916777{background-color: #000000 !important;}\u00bb][vc_column][vc_btn title=\u00bbV\u00eddeo de 360\u00b0 de Acune Works\u00bb size=\u00bbsm\u00bb align=\u00bbcenter\u00bb css=\u00bb.vc_custom_1769423969592{background-color: #000000 !important;}\u00bb link=\u00bburl:https%3A%2F%2Fbartart.it%2Fes%2Ffuncionamiento-giratorio-de-360%2F|title:Risa|\u00bb][\/vc_column][\/vc_row][vc_row][vc_column][\/vc_column][\/vc_row]<\/p>\n<\/div>","protected":false},"excerpt":{"rendered":"<p>[vc_row full_width=\u00bbstretch_row\u00bb css=\u00bb.vc_custom_1761665904590{background-color: #000000 !important;}\u00bb][vc_column][vc_custom_heading text=\u00bbGaler\u00eda de Arte en Arcilla | bArtArt\u00bb font_container=\u00bbtag:h1|text_align:left\u00bb css=\u00bb\u00bb el_class=\u00bbvisually-hidden\u00bb][vc_empty_space height=\u00bb50px\u00bb el_id=\u00bb Sculture in creta personalizzate: arte su misura per i tuoi spazi \u00ab][vc_custom_heading text=\u00bbObras originales, \u00fanicas | bArtArt\u00bb font_container=\u00bbtag:h2|font_size:28|text_align:center|color:%23FFFFFF\u00bb use_theme_fonts=\u00bbyes\u00bb css=\u00bb\u00bb tm_text_transform=\u00bbcapitalize\u00bb tm_font_weight=\u00bb800&#8243;][vc_column_text css=\u00bb\u00bb] Esta galer\u00eda re\u00fane una selecci\u00f3n de esculturas originales realizadas en arcilla, madera y materiales mixtos. [&hellip;]<\/p>\n","protected":false},"author":2,"featured_media":0,"parent":0,"menu_order":0,"comment_status":"closed","ping_status":"closed","template":"","meta":{"footnotes":""},"class_list":["post-7502","page","type-page","status-publish","hentry"],"yoast_head":"<!-- This site is optimized with the Yoast SEO plugin v26.8 - https:\/\/yoast.com\/product\/yoast-seo-wordpress\/ -->\n<title>obras | Bartart<\/title>\n<meta name=\"description\" content=\"Descubre las obras en arcilla de bArtArt: una galer\u00eda de esculturas y obras en arcilla creadas a trav\u00e9s de la investigaci\u00f3n y la experimentaci\u00f3n con materiales.\" \/>\n<meta name=\"robots\" content=\"index, follow, max-snippet:-1, max-image-preview:large, max-video-preview:-1\" \/>\n<link rel=\"canonical\" href=\"https:\/\/bartart.it\/es\/obras-de-arcilla-hechas-a-medida-para-el-cliente\/\" \/>\n<meta property=\"og:locale\" content=\"es_ES\" \/>\n<meta property=\"og:type\" content=\"article\" \/>\n<meta property=\"og:title\" content=\"obras | Bartart\" \/>\n<meta property=\"og:description\" content=\"Descubre las obras en arcilla de bArtArt: una galer\u00eda de esculturas y obras en arcilla creadas a trav\u00e9s de la investigaci\u00f3n y la experimentaci\u00f3n con materiales.\" \/>\n<meta property=\"og:url\" content=\"https:\/\/bartart.it\/es\/obras-de-arcilla-hechas-a-medida-para-el-cliente\/\" \/>\n<meta property=\"og:site_name\" content=\"Bartart\" \/>\n<meta property=\"article:publisher\" content=\"https:\/\/www.facebook.com\/profile.php?id=61582712773000&amp;sk=photos\" \/>\n<meta property=\"article:modified_time\" content=\"2026-05-05T13:56:07+00:00\" \/>\n<meta property=\"og:image\" content=\"https:\/\/bartart.it\/wp-content\/uploads\/2025\/10\/freepik__the-style-is-candid-image-photography-with-natural__46614.jpeg\" \/>\n\t<meta property=\"og:image:width\" content=\"896\" \/>\n\t<meta property=\"og:image:height\" content=\"1152\" \/>\n\t<meta property=\"og:image:type\" content=\"image\/jpeg\" \/>\n<meta name=\"twitter:card\" content=\"summary_large_image\" \/>\n<meta name=\"twitter:label1\" content=\"Tiempo de lectura\" \/>\n\t<meta name=\"twitter:data1\" content=\"6 minutos\" \/>\n<script type=\"application\/ld+json\" class=\"yoast-schema-graph\">{\"@context\":\"https:\/\/schema.org\",\"@graph\":[{\"@type\":\"WebPage\",\"@id\":\"https:\/\/bartart.it\/es\/obras-de-arcilla-hechas-a-medida-para-el-cliente\/\",\"url\":\"https:\/\/bartart.it\/es\/obras-de-arcilla-hechas-a-medida-para-el-cliente\/\",\"name\":\"obras | Bartart\",\"isPartOf\":{\"@id\":\"https:\/\/bartart.it\/es\/#website\"},\"datePublished\":\"2015-11-24T03:39:04+00:00\",\"dateModified\":\"2026-05-05T13:56:07+00:00\",\"description\":\"Descubre las obras en arcilla de bArtArt: una galer\u00eda de esculturas y obras en arcilla creadas a trav\u00e9s de la investigaci\u00f3n y la experimentaci\u00f3n con materiales.\",\"breadcrumb\":{\"@id\":\"https:\/\/bartart.it\/es\/obras-de-arcilla-hechas-a-medida-para-el-cliente\/#breadcrumb\"},\"inLanguage\":\"es\",\"potentialAction\":[{\"@type\":\"ReadAction\",\"target\":[\"https:\/\/bartart.it\/es\/obras-de-arcilla-hechas-a-medida-para-el-cliente\/\"]}]},{\"@type\":\"BreadcrumbList\",\"@id\":\"https:\/\/bartart.it\/es\/obras-de-arcilla-hechas-a-medida-para-el-cliente\/#breadcrumb\",\"itemListElement\":[{\"@type\":\"ListItem\",\"position\":1,\"name\":\"Home\",\"item\":\"https:\/\/bartart.it\/es\/\"},{\"@type\":\"ListItem\",\"position\":2,\"name\":\"Taller digital para escultura personalizada\"}]},{\"@type\":\"WebSite\",\"@id\":\"https:\/\/bartart.it\/es\/#website\",\"url\":\"https:\/\/bartart.it\/es\/\",\"name\":\"bArtArt\",\"description\":\"Scultura in Creta su Misura\",\"publisher\":{\"@id\":\"https:\/\/bartart.it\/es\/#\/schema\/person\/9b4776c2ef49b485779b948861bbfcaf\"},\"alternateName\":\"Sculture in Creta Personalizzate | bArtArt\",\"potentialAction\":[{\"@type\":\"SearchAction\",\"target\":{\"@type\":\"EntryPoint\",\"urlTemplate\":\"https:\/\/bartart.it\/es\/?s={search_term_string}\"},\"query-input\":{\"@type\":\"PropertyValueSpecification\",\"valueRequired\":true,\"valueName\":\"search_term_string\"}}],\"inLanguage\":\"es\"},{\"@type\":[\"Person\",\"Organization\"],\"@id\":\"https:\/\/bartart.it\/es\/#\/schema\/person\/9b4776c2ef49b485779b948861bbfcaf\",\"name\":\"Daniele Bartoli\",\"image\":{\"@type\":\"ImageObject\",\"inLanguage\":\"es\",\"@id\":\"https:\/\/bartart.it\/es\/#\/schema\/person\/image\/\",\"url\":\"https:\/\/bartart.it\/wp-content\/uploads\/2025\/05\/Logo200x200ca-3.jpg\",\"contentUrl\":\"https:\/\/bartart.it\/wp-content\/uploads\/2025\/05\/Logo200x200ca-3.jpg\",\"width\":180,\"height\":76,\"caption\":\"Daniele Bartoli\"},\"logo\":{\"@id\":\"https:\/\/bartart.it\/es\/#\/schema\/person\/image\/\"},\"sameAs\":[\"http:\/\/bartart.it\",\"https:\/\/www.facebook.com\/profile.php?id=61582712773000&sk=photos\",\"https:\/\/www.instagram.com\/bartoli.daniele\/\",\"https:\/\/it.pinterest.com\/bartartscultureincretapersonal\/\",\"https:\/\/studio.youtube.com\/channel\/UC6ShOq_jGblxgQFWzYJNbrQ\"]}]}<\/script>\n<!-- \/ Yoast SEO plugin. -->","yoast_head_json":{"title":"obras | Bartart","description":"Descubre las obras en arcilla de bArtArt: una galer\u00eda de esculturas y obras en arcilla creadas a trav\u00e9s de la investigaci\u00f3n y la experimentaci\u00f3n con materiales.","robots":{"index":"index","follow":"follow","max-snippet":"max-snippet:-1","max-image-preview":"max-image-preview:large","max-video-preview":"max-video-preview:-1"},"canonical":"https:\/\/bartart.it\/es\/obras-de-arcilla-hechas-a-medida-para-el-cliente\/","og_locale":"es_ES","og_type":"article","og_title":"obras | Bartart","og_description":"Descubre las obras en arcilla de bArtArt: una galer\u00eda de esculturas y obras en arcilla creadas a trav\u00e9s de la investigaci\u00f3n y la experimentaci\u00f3n con materiales.","og_url":"https:\/\/bartart.it\/es\/obras-de-arcilla-hechas-a-medida-para-el-cliente\/","og_site_name":"Bartart","article_publisher":"https:\/\/www.facebook.com\/profile.php?id=61582712773000&sk=photos","article_modified_time":"2026-05-05T13:56:07+00:00","og_image":[{"width":896,"height":1152,"url":"https:\/\/bartart.it\/wp-content\/uploads\/2025\/10\/freepik__the-style-is-candid-image-photography-with-natural__46614.jpeg","type":"image\/jpeg"}],"twitter_card":"summary_large_image","twitter_misc":{"Tiempo de lectura":"6 minutos"},"schema":{"@context":"https:\/\/schema.org","@graph":[{"@type":"WebPage","@id":"https:\/\/bartart.it\/es\/obras-de-arcilla-hechas-a-medida-para-el-cliente\/","url":"https:\/\/bartart.it\/es\/obras-de-arcilla-hechas-a-medida-para-el-cliente\/","name":"obras | Bartart","isPartOf":{"@id":"https:\/\/bartart.it\/es\/#website"},"datePublished":"2015-11-24T03:39:04+00:00","dateModified":"2026-05-05T13:56:07+00:00","description":"Descubre las obras en arcilla de bArtArt: una galer\u00eda de esculturas y obras en arcilla creadas a trav\u00e9s de la investigaci\u00f3n y la experimentaci\u00f3n con materiales.","breadcrumb":{"@id":"https:\/\/bartart.it\/es\/obras-de-arcilla-hechas-a-medida-para-el-cliente\/#breadcrumb"},"inLanguage":"es","potentialAction":[{"@type":"ReadAction","target":["https:\/\/bartart.it\/es\/obras-de-arcilla-hechas-a-medida-para-el-cliente\/"]}]},{"@type":"BreadcrumbList","@id":"https:\/\/bartart.it\/es\/obras-de-arcilla-hechas-a-medida-para-el-cliente\/#breadcrumb","itemListElement":[{"@type":"ListItem","position":1,"name":"Home","item":"https:\/\/bartart.it\/es\/"},{"@type":"ListItem","position":2,"name":"Taller digital para escultura personalizada"}]},{"@type":"WebSite","@id":"https:\/\/bartart.it\/es\/#website","url":"https:\/\/bartart.it\/es\/","name":"bArtArt","description":"Scultura in Creta su Misura","publisher":{"@id":"https:\/\/bartart.it\/es\/#\/schema\/person\/9b4776c2ef49b485779b948861bbfcaf"},"alternateName":"Sculture in Creta Personalizzate | bArtArt","potentialAction":[{"@type":"SearchAction","target":{"@type":"EntryPoint","urlTemplate":"https:\/\/bartart.it\/es\/?s={search_term_string}"},"query-input":{"@type":"PropertyValueSpecification","valueRequired":true,"valueName":"search_term_string"}}],"inLanguage":"es"},{"@type":["Person","Organization"],"@id":"https:\/\/bartart.it\/es\/#\/schema\/person\/9b4776c2ef49b485779b948861bbfcaf","name":"Daniele Bartoli","image":{"@type":"ImageObject","inLanguage":"es","@id":"https:\/\/bartart.it\/es\/#\/schema\/person\/image\/","url":"https:\/\/bartart.it\/wp-content\/uploads\/2025\/05\/Logo200x200ca-3.jpg","contentUrl":"https:\/\/bartart.it\/wp-content\/uploads\/2025\/05\/Logo200x200ca-3.jpg","width":180,"height":76,"caption":"Daniele Bartoli"},"logo":{"@id":"https:\/\/bartart.it\/es\/#\/schema\/person\/image\/"},"sameAs":["http:\/\/bartart.it","https:\/\/www.facebook.com\/profile.php?id=61582712773000&sk=photos","https:\/\/www.instagram.com\/bartoli.daniele\/","https:\/\/it.pinterest.com\/bartartscultureincretapersonal\/","https:\/\/studio.youtube.com\/channel\/UC6ShOq_jGblxgQFWzYJNbrQ"]}]}},"_links":{"self":[{"href":"https:\/\/bartart.it\/es\/wp-json\/wp\/v2\/pages\/7502","targetHints":{"allow":["GET"]}}],"collection":[{"href":"https:\/\/bartart.it\/es\/wp-json\/wp\/v2\/pages"}],"about":[{"href":"https:\/\/bartart.it\/es\/wp-json\/wp\/v2\/types\/page"}],"author":[{"embeddable":true,"href":"https:\/\/bartart.it\/es\/wp-json\/wp\/v2\/users\/2"}],"replies":[{"embeddable":true,"href":"https:\/\/bartart.it\/es\/wp-json\/wp\/v2\/comments?post=7502"}],"version-history":[{"count":9,"href":"https:\/\/bartart.it\/es\/wp-json\/wp\/v2\/pages\/7502\/revisions"}],"predecessor-version":[{"id":7995,"href":"https:\/\/bartart.it\/es\/wp-json\/wp\/v2\/pages\/7502\/revisions\/7995"}],"wp:attachment":[{"href":"https:\/\/bartart.it\/es\/wp-json\/wp\/v2\/media?parent=7502"}],"curies":[{"name":"wp","href":"https:\/\/api.w.org\/{rel}","templated":true}]}}