{"id":7672,"date":"2015-10-30T09:26:23","date_gmt":"2015-10-30T08:26:23","guid":{"rendered":"https:\/\/bartart.it\/trabajo-en-progreso\/"},"modified":"2026-05-05T12:32:28","modified_gmt":"2026-05-05T10:32:28","slug":"trabajo-en-progreso","status":"publish","type":"page","link":"https:\/\/bartart.it\/es\/trabajo-en-progreso\/","title":{"rendered":"Trabajo en progreso"},"content":{"rendered":"<div class=\"wpb-content-wrapper\"><p>[vc_row full_width=\u00bbstretch_row\u00bb css=\u00bb.vc_custom_1761666806896{background-color: #000000 !important;}\u00bb][vc_column css=\u00bb.vc_custom_1762523062094{margin-top: 20px !important;margin-bottom: 20px !important;border-top-width: 20px !important;border-bottom-width: 20px !important;background-color: #000000 !important;}\u00bb][vc_custom_heading text=\u00bbCreta, obra en progreso | bArtArt\u00bb font_container=\u00bbtag:h1|text_align:left\u00bb css=\u00bb\u00bb el_class=\u00bbvisually-hidden\u00bb][vc_custom_heading text=\u00bbLas fases de procesamiento de las obras | bArtArt\u00bb font_container=\u00bbtag:h2|font_size:34|text_align:center|color:%23FFFFFF\u00bb use_theme_fonts=\u00bbyes\u00bb css=\u00bb\u00bb][vc_column_text css=\u00bb\u00bb]<\/p>\n<p data-start=\"323\" data-end=\"692\">Esta secci\u00f3n recoge las etapas de producci\u00f3n de las obras, ilustrando el proceso creativo previo al resultado final. Aqu\u00ed, las esculturas aparecen incompletas, esenciales, carentes de detalles definitivos, pero rebosantes de potencial expresivo. Es un espacio dedicado al proceso, a la materia prima y a las decisiones que transforman una forma inicial en una obra terminada.<\/p>\n<p data-start=\"694\" data-end=\"1056\">En la obra en proceso, la arcilla, la madera y los materiales mixtos revelan su naturaleza m\u00e1s aut\u00e9ntica. Las superficies a\u00fan son irregulares, los vol\u00famenes evolucionan y las proporciones dialogan constantemente con la idea original. Estas im\u00e1genes narran el momento en que la obra a\u00fan no est\u00e1 definida por la est\u00e9tica final, pero conserva una fuerza primitiva e instintiva.<\/p>\n<p data-start=\"1058\" data-end=\"1459\">Observar las etapas intermedias nos permite comprender mejor el lenguaje escult\u00f3rico, las decisiones t\u00e9cnicas y el nivel de control alcanzado sobre los detalles. Cada escultura comienza con una estructura simple, que se modifica, graba y dota progresivamente de tensi\u00f3n y significado. En esta fase surgen errores, correcciones e inspiraciones repentinas, elementos fundamentales del proceso creativo.<\/p>\n<p data-start=\"1461\" data-end=\"1814\">Esta p\u00e1gina est\u00e1 pensada para quienes desean adentrarse en el estudio del artista y descubrir c\u00f3mo toman forma las esculturas contempor\u00e1neas. El proceso creativo no es solo una etapa t\u00e9cnica, sino una parte esencial de la obra misma: un momento de equilibrio inestable entre idea y material, donde todo es posible y cada forma cuenta su propia historia.<\/p>\n<p>[\/vc_column_text][\/vc_column][\/vc_row][vc_row full_width=\u00bbstretch_row\u00bb css=\u00bb.vc_custom_1762614425640{background-color: #000000 !important;}\u00bb][vc_column css=\u00bb.vc_custom_1762614404728{background-color: #000000 !important;}\u00bb][vc_column_text css=\u00bb\u00bb]<\/p>\n<p style=\"text-align: center;\">Haz clic en una imagen para ampliarla y utiliza las flechas horizontales para pasar a la siguiente o a la anterior.<\/p>\n<p>[\/vc_column_text][\/vc_column][\/vc_row][vc_row full_width=\u00bbstretch_row\u00bb css=\u00bb.vc_custom_1762523109493{background-color: #000000 !important;}\u00bb][vc_column][vc_media_grid css=\u00bb\u00bb initial_loading_animation=\u00bbfadeInDown\u00bb grid_id=\u00bbvc_gid:1770735088369-a56dc5d7-9412-4&#8243; include=\u00bb7638,7639,7640,7641,7642,7643,7644,7645,7646,7647,7648,7649,7650,7651,7652,7653,7654,7655,7656,7657,7658,7659,7660,7661,7662,7663,7664,7665,7666,7667,7668,7669,7670,7671&#8243;][\/vc_column][\/vc_row][vc_row full_width=\u00bbstretch_row\u00bb css=\u00bb.vc_custom_1762784498690{background-color: #000000 !important;}\u00bb][vc_column][\/vc_column][\/vc_row][vc_row full_width=\u00bbstretch_row\u00bb content_placement=\u00bbbottom\u00bb css=\u00bb.vc_custom_1762784658128{background-color: #000000 !important;}\u00bb][vc_column css=\u00bb.vc_custom_1762784670534{background-color: #000000 !important;}\u00bb][vc_btn title=\u00bbAplicaciones l\u00fadicas de herramientas de inteligencia artificial\u00bb size=\u00bbsm\u00bb align=\u00bbcenter\u00bb css=\u00bb.vc_custom_1768696833133{background-color: #000000 !important;}\u00bb link=\u00bburl:https%3A%2F%2Fbartart.it%2Fes%2Fvideo-con-intelligenza-artificiale%2F|title:Inteligencia%20artificial|\u00bb][\/vc_column][\/vc_row][vc_row full_width=\u00bbstretch_row\u00bb css=\u00bb.vc_custom_1763036427296{background-color: #000000 !important;}\u00bb][vc_column][vc_empty_space][\/vc_column][\/vc_row][vc_row full_width=\u00bbstretch_row\u00bb content_placement=\u00bbbottom\u00bb css=\u00bb.vc_custom_1762784658128{background-color: #000000 !important;}\u00bb][vc_column css=\u00bb.vc_custom_1762784670534{background-color: #000000 !important;}\u00bb][vc_btn title=\u00bbV\u00eddeos de 360\u00b0 de algunas de las obras.\u00bb size=\u00bbsm\u00bb align=\u00bbcenter\u00bb css=\u00bb.vc_custom_1769424067788{background-color: #000000 !important;}\u00bb link=\u00bburl:https%3A%2F%2Fbartart.it%2Fes%2Ffuncionamiento-giratorio-de-360%2F|title:Risa|\u00bb][\/vc_column][\/vc_row][vc_row][vc_column][\/vc_column][\/vc_row]<\/p>\n<\/div>","protected":false},"excerpt":{"rendered":"<p>[vc_row full_width=\u00bbstretch_row\u00bb css=\u00bb.vc_custom_1761666806896{background-color: #000000 !important;}\u00bb][vc_column css=\u00bb.vc_custom_1762523062094{margin-top: 20px !important;margin-bottom: 20px !important;border-top-width: 20px !important;border-bottom-width: 20px !important;background-color: #000000 !important;}\u00bb][vc_custom_heading text=\u00bbCreta, obra en progreso | bArtArt\u00bb font_container=\u00bbtag:h1|text_align:left\u00bb css=\u00bb\u00bb el_class=\u00bbvisually-hidden\u00bb][vc_custom_heading text=\u00bbLas fases de procesamiento de las obras | bArtArt\u00bb font_container=\u00bbtag:h2|font_size:34|text_align:center|color:%23FFFFFF\u00bb use_theme_fonts=\u00bbyes\u00bb css=\u00bb\u00bb][vc_column_text css=\u00bb\u00bb] Esta secci\u00f3n recoge las etapas de producci\u00f3n de las obras, ilustrando el proceso creativo previo al resultado [&hellip;]<\/p>\n","protected":false},"author":2,"featured_media":0,"parent":0,"menu_order":0,"comment_status":"closed","ping_status":"closed","template":"","meta":{"footnotes":""},"class_list":["post-7672","page","type-page","status-publish","hentry"],"yoast_head":"<!-- This site is optimized with the Yoast SEO plugin v26.8 - https:\/\/yoast.com\/product\/yoast-seo-wordpress\/ -->\n<title>Trabajo en progreso | Bartart<\/title>\n<meta name=\"description\" content=\"Una secci\u00f3n de trabajos en progreso: bArtArt narra el proceso creativo, incluyendo la experimentaci\u00f3n, los errores y las transformaciones.\" \/>\n<meta name=\"robots\" content=\"index, follow, max-snippet:-1, max-image-preview:large, max-video-preview:-1\" \/>\n<link rel=\"canonical\" href=\"https:\/\/bartart.it\/es\/trabajo-en-progreso\/\" \/>\n<meta property=\"og:locale\" content=\"es_ES\" \/>\n<meta property=\"og:type\" content=\"article\" \/>\n<meta property=\"og:title\" content=\"Trabajo en progreso | Bartart\" \/>\n<meta property=\"og:description\" content=\"Una secci\u00f3n de trabajos en progreso: bArtArt narra el proceso creativo, incluyendo la experimentaci\u00f3n, los errores y las transformaciones.\" \/>\n<meta property=\"og:url\" content=\"https:\/\/bartart.it\/es\/trabajo-en-progreso\/\" \/>\n<meta property=\"og:site_name\" content=\"Bartart\" \/>\n<meta property=\"article:publisher\" content=\"https:\/\/www.facebook.com\/profile.php?id=61582712773000&amp;sk=photos\" \/>\n<meta property=\"article:modified_time\" content=\"2026-05-05T10:32:28+00:00\" \/>\n<meta property=\"og:image\" content=\"https:\/\/bartart.it\/wp-content\/uploads\/2025\/10\/freepik__the-style-is-candid-image-photography-with-natural__46614.jpeg\" \/>\n\t<meta property=\"og:image:width\" content=\"896\" \/>\n\t<meta property=\"og:image:height\" content=\"1152\" \/>\n\t<meta property=\"og:image:type\" content=\"image\/jpeg\" \/>\n<meta name=\"twitter:card\" content=\"summary_large_image\" \/>\n<meta name=\"twitter:label1\" content=\"Tiempo de lectura\" \/>\n\t<meta name=\"twitter:data1\" content=\"2 minutos\" \/>\n<script type=\"application\/ld+json\" class=\"yoast-schema-graph\">{\"@context\":\"https:\/\/schema.org\",\"@graph\":[{\"@type\":\"WebPage\",\"@id\":\"https:\/\/bartart.it\/es\/trabajo-en-progreso\/\",\"url\":\"https:\/\/bartart.it\/es\/trabajo-en-progreso\/\",\"name\":\"Trabajo en progreso | Bartart\",\"isPartOf\":{\"@id\":\"https:\/\/bartart.it\/es\/#website\"},\"datePublished\":\"2015-10-30T08:26:23+00:00\",\"dateModified\":\"2026-05-05T10:32:28+00:00\",\"description\":\"Una secci\u00f3n de trabajos en progreso: bArtArt narra el proceso creativo, incluyendo la experimentaci\u00f3n, los errores y las transformaciones.\",\"breadcrumb\":{\"@id\":\"https:\/\/bartart.it\/es\/trabajo-en-progreso\/#breadcrumb\"},\"inLanguage\":\"es\",\"potentialAction\":[{\"@type\":\"ReadAction\",\"target\":[\"https:\/\/bartart.it\/es\/trabajo-en-progreso\/\"]}]},{\"@type\":\"BreadcrumbList\",\"@id\":\"https:\/\/bartart.it\/es\/trabajo-en-progreso\/#breadcrumb\",\"itemListElement\":[{\"@type\":\"ListItem\",\"position\":1,\"name\":\"Home\",\"item\":\"https:\/\/bartart.it\/es\/\"},{\"@type\":\"ListItem\",\"position\":2,\"name\":\"Trabajo en Progreso\"}]},{\"@type\":\"WebSite\",\"@id\":\"https:\/\/bartart.it\/es\/#website\",\"url\":\"https:\/\/bartart.it\/es\/\",\"name\":\"bArtArt\",\"description\":\"Scultura in Creta su Misura\",\"publisher\":{\"@id\":\"https:\/\/bartart.it\/es\/#\/schema\/person\/9b4776c2ef49b485779b948861bbfcaf\"},\"alternateName\":\"Sculture in Creta Personalizzate | bArtArt\",\"potentialAction\":[{\"@type\":\"SearchAction\",\"target\":{\"@type\":\"EntryPoint\",\"urlTemplate\":\"https:\/\/bartart.it\/es\/?s={search_term_string}\"},\"query-input\":{\"@type\":\"PropertyValueSpecification\",\"valueRequired\":true,\"valueName\":\"search_term_string\"}}],\"inLanguage\":\"es\"},{\"@type\":[\"Person\",\"Organization\"],\"@id\":\"https:\/\/bartart.it\/es\/#\/schema\/person\/9b4776c2ef49b485779b948861bbfcaf\",\"name\":\"Daniele Bartoli\",\"image\":{\"@type\":\"ImageObject\",\"inLanguage\":\"es\",\"@id\":\"https:\/\/bartart.it\/es\/#\/schema\/person\/image\/\",\"url\":\"https:\/\/bartart.it\/wp-content\/uploads\/2025\/05\/Logo200x200ca-3.jpg\",\"contentUrl\":\"https:\/\/bartart.it\/wp-content\/uploads\/2025\/05\/Logo200x200ca-3.jpg\",\"width\":180,\"height\":76,\"caption\":\"Daniele Bartoli\"},\"logo\":{\"@id\":\"https:\/\/bartart.it\/es\/#\/schema\/person\/image\/\"},\"sameAs\":[\"http:\/\/bartart.it\",\"https:\/\/www.facebook.com\/profile.php?id=61582712773000&sk=photos\",\"https:\/\/www.instagram.com\/bartoli.daniele\/\",\"https:\/\/it.pinterest.com\/bartartscultureincretapersonal\/\",\"https:\/\/studio.youtube.com\/channel\/UC6ShOq_jGblxgQFWzYJNbrQ\"]}]}<\/script>\n<!-- \/ Yoast SEO plugin. -->","yoast_head_json":{"title":"Trabajo en progreso | Bartart","description":"Una secci\u00f3n de trabajos en progreso: bArtArt narra el proceso creativo, incluyendo la experimentaci\u00f3n, los errores y las transformaciones.","robots":{"index":"index","follow":"follow","max-snippet":"max-snippet:-1","max-image-preview":"max-image-preview:large","max-video-preview":"max-video-preview:-1"},"canonical":"https:\/\/bartart.it\/es\/trabajo-en-progreso\/","og_locale":"es_ES","og_type":"article","og_title":"Trabajo en progreso | Bartart","og_description":"Una secci\u00f3n de trabajos en progreso: bArtArt narra el proceso creativo, incluyendo la experimentaci\u00f3n, los errores y las transformaciones.","og_url":"https:\/\/bartart.it\/es\/trabajo-en-progreso\/","og_site_name":"Bartart","article_publisher":"https:\/\/www.facebook.com\/profile.php?id=61582712773000&sk=photos","article_modified_time":"2026-05-05T10:32:28+00:00","og_image":[{"width":896,"height":1152,"url":"https:\/\/bartart.it\/wp-content\/uploads\/2025\/10\/freepik__the-style-is-candid-image-photography-with-natural__46614.jpeg","type":"image\/jpeg"}],"twitter_card":"summary_large_image","twitter_misc":{"Tiempo de lectura":"2 minutos"},"schema":{"@context":"https:\/\/schema.org","@graph":[{"@type":"WebPage","@id":"https:\/\/bartart.it\/es\/trabajo-en-progreso\/","url":"https:\/\/bartart.it\/es\/trabajo-en-progreso\/","name":"Trabajo en progreso | Bartart","isPartOf":{"@id":"https:\/\/bartart.it\/es\/#website"},"datePublished":"2015-10-30T08:26:23+00:00","dateModified":"2026-05-05T10:32:28+00:00","description":"Una secci\u00f3n de trabajos en progreso: bArtArt narra el proceso creativo, incluyendo la experimentaci\u00f3n, los errores y las transformaciones.","breadcrumb":{"@id":"https:\/\/bartart.it\/es\/trabajo-en-progreso\/#breadcrumb"},"inLanguage":"es","potentialAction":[{"@type":"ReadAction","target":["https:\/\/bartart.it\/es\/trabajo-en-progreso\/"]}]},{"@type":"BreadcrumbList","@id":"https:\/\/bartart.it\/es\/trabajo-en-progreso\/#breadcrumb","itemListElement":[{"@type":"ListItem","position":1,"name":"Home","item":"https:\/\/bartart.it\/es\/"},{"@type":"ListItem","position":2,"name":"Trabajo en Progreso"}]},{"@type":"WebSite","@id":"https:\/\/bartart.it\/es\/#website","url":"https:\/\/bartart.it\/es\/","name":"bArtArt","description":"Scultura in Creta su Misura","publisher":{"@id":"https:\/\/bartart.it\/es\/#\/schema\/person\/9b4776c2ef49b485779b948861bbfcaf"},"alternateName":"Sculture in Creta Personalizzate | bArtArt","potentialAction":[{"@type":"SearchAction","target":{"@type":"EntryPoint","urlTemplate":"https:\/\/bartart.it\/es\/?s={search_term_string}"},"query-input":{"@type":"PropertyValueSpecification","valueRequired":true,"valueName":"search_term_string"}}],"inLanguage":"es"},{"@type":["Person","Organization"],"@id":"https:\/\/bartart.it\/es\/#\/schema\/person\/9b4776c2ef49b485779b948861bbfcaf","name":"Daniele Bartoli","image":{"@type":"ImageObject","inLanguage":"es","@id":"https:\/\/bartart.it\/es\/#\/schema\/person\/image\/","url":"https:\/\/bartart.it\/wp-content\/uploads\/2025\/05\/Logo200x200ca-3.jpg","contentUrl":"https:\/\/bartart.it\/wp-content\/uploads\/2025\/05\/Logo200x200ca-3.jpg","width":180,"height":76,"caption":"Daniele Bartoli"},"logo":{"@id":"https:\/\/bartart.it\/es\/#\/schema\/person\/image\/"},"sameAs":["http:\/\/bartart.it","https:\/\/www.facebook.com\/profile.php?id=61582712773000&sk=photos","https:\/\/www.instagram.com\/bartoli.daniele\/","https:\/\/it.pinterest.com\/bartartscultureincretapersonal\/","https:\/\/studio.youtube.com\/channel\/UC6ShOq_jGblxgQFWzYJNbrQ"]}]}},"_links":{"self":[{"href":"https:\/\/bartart.it\/es\/wp-json\/wp\/v2\/pages\/7672","targetHints":{"allow":["GET"]}}],"collection":[{"href":"https:\/\/bartart.it\/es\/wp-json\/wp\/v2\/pages"}],"about":[{"href":"https:\/\/bartart.it\/es\/wp-json\/wp\/v2\/types\/page"}],"author":[{"embeddable":true,"href":"https:\/\/bartart.it\/es\/wp-json\/wp\/v2\/users\/2"}],"replies":[{"embeddable":true,"href":"https:\/\/bartart.it\/es\/wp-json\/wp\/v2\/comments?post=7672"}],"version-history":[{"count":9,"href":"https:\/\/bartart.it\/es\/wp-json\/wp\/v2\/pages\/7672\/revisions"}],"predecessor-version":[{"id":8000,"href":"https:\/\/bartart.it\/es\/wp-json\/wp\/v2\/pages\/7672\/revisions\/8000"}],"wp:attachment":[{"href":"https:\/\/bartart.it\/es\/wp-json\/wp\/v2\/media?parent=7672"}],"curies":[{"name":"wp","href":"https:\/\/api.w.org\/{rel}","templated":true}]}}