{"id":7704,"date":"2025-11-06T13:59:44","date_gmt":"2025-11-06T12:59:44","guid":{"rendered":"https:\/\/bartart.it\/encargos-para-obras-murales\/"},"modified":"2026-05-05T12:34:45","modified_gmt":"2026-05-05T10:34:45","slug":"encargos-para-obras-murales","status":"publish","type":"page","link":"https:\/\/bartart.it\/es\/encargos-para-obras-murales\/","title":{"rendered":"Encargos Para Obras Murales"},"content":{"rendered":"<div class=\"wpb-content-wrapper\"><p>[vc_row full_width=\u00bbstretch_row\u00bb css=\u00bb.vc_custom_1762531776722{background-color: #000000 !important;}\u00bb][vc_column][vc_empty_space height=\u00bb80px\u00bb][\/vc_column][\/vc_row][vc_row full_width=\u00bbstretch_row\u00bb css=\u00bb.vc_custom_1762531755775{background-color: #000000 !important;}\u00bb][vc_column][vc_column_text css=\u00bb\u00bb]<\/p>\n<h1>Encargos Para Obras Murales &#8211; Trabajos de pared<\/h1>\n<p>[\/vc_column_text][\/vc_column][\/vc_row][vc_row][vc_column][vc_custom_heading text=\u00bbObras adecuadas para amueblar habitaciones\u00bb css=\u00bb\u00bb el_class=\u00bbvisually-hidden\u00bb][\/vc_column][\/vc_row][vc_row full_width=\u00bbstretch_row\u00bb css=\u00bb.vc_custom_1762531895926{background-color: #000000 !important;}\u00bb][vc_column][vc_empty_space height=\u00bb80px\u00bb][\/vc_column][\/vc_row][vc_row full_width=\u00bbstretch_row\u00bb css=\u00bb.vc_custom_1762531594672{padding-top: 0px !important;padding-bottom: 0px !important;background-color: #000000 !important;}\u00bb][vc_column][vc_raw_html css=\u00bb\u00bb]JTNDZGl2JTIwc3R5bGUlM0QlMjJiYWNrZ3JvdW5kLWNvbG9yJTNBJTIzMDAwJTIwJTIxaW1wb3J0YW50JTNCJTIwcGFkZGluZyUzQTQwcHglMjAwJTNCJTIwd2lkdGglM0ExMDAlMjUlM0IlMjIlM0UlM0NzdHlsZSUzRS5iYXJ0YXJ0LXRhYmxlJTIwJTdCJTBBJTIwJTIwJTIwJTIwd2lkdGglM0ElMjAxMDAlMjUlM0IlMEElMjAlMjAlMjAlMjBib3JkZXItY29sbGFwc2UlM0ElMjBjb2xsYXBzZSUzQiUwQSUyMCUyMCUyMCUyMG1hcmdpbiUzQSUyMDAlMjBhdXRvJTNCJTBBJTIwJTIwJTIwJTIwbWF4LXdpZHRoJTNBJTIwOTAwcHglM0IlMEElMjAlMjAlMjAlMjBiYWNrZ3JvdW5kLWNvbG9yJTNBJTIwJTIzMDAwJTIwJTIxaW1wb3J0YW50JTNCJTBBJTIwJTIwJTIwJTIwZm9udC1mYW1pbHklM0ElMjAlMjdQb3BwaW5zJTI3JTJDJTIwc2Fucy1zZXJpZiUzQiUwQSUyMCUyMCU3RCUwQSUyMCUyMC5iYXJ0YXJ0LXRhYmxlJTIwdGQlMjAlN0IlMEElMjAlMjAlMjAlMjBib3JkZXIlM0ElMjAxcHglMjBzb2xpZCUyMCUyMzY2NiUyMCUyMWltcG9ydGFudCUzQiUwQSUyMCUyMCUyMCUyMHBhZGRpbmclM0ElMjAyMHB4JTNCJTBBJTIwJTIwJTIwJTIwdmVydGljYWwtYWxpZ24lM0ElMjBtaWRkbGUlM0IlMEElMjAlMjAlMjAlMjBiYWNrZ3JvdW5kLWNvbG9yJTNBJTIwJTIzMDAwJTIwJTIxaW1wb3J0YW50JTNCJTBBJTIwJTIwJTIwJTIwY29sb3IlM0ElMjAlMjNmZmYlMjAlMjFpbXBvcnRhbnQlM0IlMEElMjAlMjAlN0QlMEElMjAlMjAuYmFydGFydC10YWJsZSUyMHRyJTNBaG92ZXIlMjAlN0IlMEElMjAlMjAlMjAlMjBiYWNrZ3JvdW5kLWNvbG9yJTNBJTIwcmdiYSUyODE5OSUyQyUyMDE5MiUyQyUyMDU4JTJDJTIwMC4xNSUyOSUyMCUyMWltcG9ydGFudCUzQiUwQSUyMCUyMCUyMCUyMHRyYW5zaXRpb24lM0ElMjAwLjNzJTIwZWFzZSUzQiUwQSUyMCUyMCU3RCUwQSUyMCUyMC5iYXJ0YXJ0LXRhYmxlJTIwaW1nJTIwJTdCJTBBJTIwJTIwJTIwJTIwd2lkdGglM0ElMjAxMTBweCUzQiUwQSUyMCUyMCUyMCUyMGhlaWdodCUzQSUyMGF1dG8lM0IlMEElMjAlMjAlMjAlMjBib3JkZXItcmFkaXVzJTNBJTIwOHB4JTNCJTBBJTIwJTIwJTIwJTIwZGlzcGxheSUzQSUyMGJsb2NrJTNCJTBBJTIwJTIwJTIwJTIwbWFyZ2luJTNBJTIwMCUyMGF1dG8lM0IlMEElMjAlMjAlMjAlMjB0cmFuc2l0aW9uJTNBJTIwdHJhbnNmb3JtJTIwMC4zcyUyMGVhc2UlMkMlMjBib3gtc2hhZG93JTIwMC4zcyUyMGVhc2UlM0IlMEElMjAlMjAlN0QlMEElMjAlMjAuYmFydGFydC10YWJsZSUyMGltZyUzQWhvdmVyJTIwJTdCJTBBJTIwJTIwJTIwJTIwdHJhbnNmb3JtJTNBJTIwc2NhbGUlMjgxLjA1JTI5JTNCJTBBJTIwJTIwJTIwJTIwYm94LXNoYWRvdyUzQSUyMDAlMjAwJTIwMTBweCUyMHJnYmElMjgxOTklMkMlMjAxOTIlMkMlMjA1OCUyQyUyMDAuNSUyOSUzQiUwQSUyMCUyMCU3RCUwQSUyMCUyMC5iYXJ0YXJ0LXRhYmxlJTIwaDMlMjAlN0IlMEElMjAlMjAlMjAlMjBtYXJnaW4lM0ElMjAwJTNCJTBBJTIwJTIwJTIwJTIwZm9udC1zaXplJTNBJTIwMjJweCUzQiUwQSUyMCUyMCUyMCUyMGNvbG9yJTNBJTIwJTIzZmZmJTIwJTIxaW1wb3J0YW50JTNCJTBBJTIwJTIwJTIwJTIwbGV0dGVyLXNwYWNpbmclM0ElMjAwLjVweCUzQiUwQSUyMCUyMCU3RCUwQSUyMCUyMC5iYXJ0YXJ0LXRhYmxlJTIwYSUyMCU3QiUwQSUyMCUyMCUyMCUyMHRleHQtZGVjb3JhdGlvbiUzQSUyMG5vbmUlM0IlMEElMjAlMjAlMjAlMjBjb2xvciUzQSUyMCUyM2ZmZiUyMCUyMWltcG9ydGFudCUzQiUwQSUyMCUyMCU3RCUwQSUyMCUyMC5iYXJ0YXJ0LXRhYmxlJTIwYSUzQWhvdmVyJTIwaDMlMjAlN0IlMEElMjAlMjAlMjAlMjBjb2xvciUzQSUyMCUyM2M3YzAzYSUyMCUyMWltcG9ydGFudCUzQiUwQSUyMCUyMCU3RCUwQSUyMCUyMCU0MG1lZGlhJTIwJTI4bWF4LXdpZHRoJTNBJTIwNzY4cHglMjklMjAlN0IlMEElMjAlMjAlMjAlMjAuYmFydGFydC10YWJsZSUyMHRkJTIwJTdCJTBBJTIwJTIwJTIwJTIwJTIwJTIwZGlzcGxheSUzQSUyMGJsb2NrJTNCJTBBJTIwJTIwJTIwJTIwJTIwJTIwd2lkdGglM0ElMjAxMDAlMjUlM0IlMEElMjAlMjAlMjAlMjAlMjAlMjB0ZXh0LWFsaWduJTNBJTIwY2VudGVyJTNCJTBBJTIwJTIwJTIwJTIwJTIwJTIwYm9yZGVyLWxlZnQlM0ElMjBub25lJTNCJTBBJTIwJTIwJTIwJTIwJTIwJTIwYm9yZGVyLXJpZ2h0JTNBJTIwbm9uZSUzQiUwQSUyMCUyMCUyMCUyMCU3RCUwQSUyMCUyMCUyMCUyMC5iYXJ0YXJ0LXRhYmxlJTIwaW1nJTIwJTdCJTBBJTIwJTIwJTIwJTIwJTIwJTIwbWFyZ2luLWJvdHRvbSUzQSUyMDEwcHglM0IlMEElMjAlMjAlMjAlMjAlMjAlMjB3aWR0aCUzQSUyMDgwJTI1JTNCJTBBJTIwJTIwJTIwJTIwJTIwJTIwbWF4LXdpZHRoJTNBJTIwMjUwcHglM0IlMEElMjAlMjAlMjAlMjAlN0QlMEElMjAlMjAlN0QlMEElMjAlMjAlM0MlMkZzdHlsZSUzRSUzQ3RhYmxlJTIwY2xhc3MlM0QlMjJiYXJ0YXJ0LXRhYmxlJTIyJTNFJTNDdHIlM0UlM0N0ZCUzRSUzQ2ltZyUyMHNyYyUzRCUyMmh0dHBzJTNBJTJGJTJGYmFydGFydC5pdCUyRndwLWNvbnRlbnQlMkZ1cGxvYWRzJTJGMjAyNSUyRjExJTJGYkFydEFydC1DcmV0YS1PcGVyZS1QZXJzb25hbGl6emF0ZS1JY29uYV9WZW5vbS5qcGclMjIlMjBhbHQlM0QlMjJTaW1iaW90aWMlMjBSYWdlJTIyJTNFJTNDJTJGdGQlM0UlMEElMjAlM0N0ZCUzRSUzQ2ElMjBocmVmJTNEJTIyaHR0cHMlM0ElMkYlMkZiYXJ0YXJ0Lml0JTJGZXMlMkZ2ZW5vbS0yJTJGJTIyJTNFJTNDaDMlM0VNZW50ZXMlMjBubyUyMGlsdW1pbmFkYXMlMjAtJTIwaGFnYSUyMGNsaWMlMjBhcXUlQzMlQUQlMjBwYXJhJTIwb2J0ZW5lciUyMG0lQzMlQTFzJTIwZGV0YWxsZXMlMjAtJTNDJTJGaDMlM0UlM0MlMkZhJTNFJTNDJTJGdGQlM0UlMjAlM0MlMkZ0ciUzRSUwQSUyMCUzQ3RyJTNFJTNDdGQlM0UlM0NpbWclMjBzcmMlM0QlMjJodHRwcyUzQSUyRiUyRmJhcnRhcnQuaXQlMkZ3cC1jb250ZW50JTJGdXBsb2FkcyUyRjIwMjUlMkYxMSUyRmJBcnRBcnQtQ3JldGEtT3BlcmUtUGVyc29uYWxpenphdGUtSWNvbmFfUHJlZGF0b3IuanBnJTIyJTIwYWx0JTNEJTIyRWwlMjBwZXJzb25hamUlMjBkZSUyMGxhJTIwcGVsJUMzJUFEY3VsYSUyMGRlbCUyMG1pc21vJTIwbm9tYnJlJTIyJTNFJTNDJTJGdGQlM0UlMEElMjAlM0N0ZCUzRSUzQ2ElMjBocmVmJTNEJTIyaHR0cHMlM0ElMkYlMkZiYXJ0YXJ0Lml0JTJGZXMlMkZwcmVkYXRvciUyRiUyMiUzRSUzQ2gzJTNFRGVwcmVkYWRvciUyMC0lMjBoYWdhJTIwY2xpYyUyMGFxdSVDMyVBRCUyMHBhcmElMjBvYnRlbmVyJTIwbSVDMyVBMXMlMjBkZXRhbGxlcyUyMC0lM0MlMkZoMyUzRSUzQyUyRmElM0UlM0MlMkZ0ZCUzRSUzQyUyRnRyJTNFJTBBJTIwJTNDdHIlM0UlM0N0ZCUzRSUzQ2ltZyUyMHNyYyUzRCUyMmh0dHBzJTNBJTJGJTJGYmFydGFydC5pdCUyRndwLWNvbnRlbnQlMkZ1cGxvYWRzJTJGMjAyNSUyRjExJTJGYkFydEFydC1DcmV0YS1PcGVyZS1QZXJzb25hbGl6emF0ZS1JY29uYV9PbGlmYW50ZS5qcGclMjIlMjBhbHQlM0QlMjJFbCUyMGVsZWZhbnRlJTIwZGUlMjBFbCUyMFNlJUMzJUIxb3IlMjBkZSUyMGxvcyUyMEFuaWxsb3MlMjIlM0UlM0MlMkZ0ZCUzRSUwQSUyMCUzQ3RkJTNFJTNDYSUyMGhyZWYlM0QlMjJodHRwcyUzQSUyRiUyRmJhcnRhcnQuaXQlMkZlcyUyRm9saWZhbnRlJTJGJTIyJTNFJTNDaDMlM0VNJUMzJUJCbWFraWwlMjByb2pvJTIwLSUyMGhhZ2ElMjBjbGljJTIwYXF1JUMzJUFEJTIwcGFyYSUyMG9idGVuZXIlMjBtJUMzJUExcyUyMGRldGFsbGVzJTIwLSUzQyUyRmgzJTNFJTNDJTJGYSUzRSUwQSUyMCUzQyUyRnRkJTNFJTNDJTJGdHIlM0UlM0N0ciUzRSUzQ3RkJTNFJTNDaW1nJTIwc3JjJTNEJTIyaHR0cHMlM0ElMkYlMkZiYXJ0YXJ0Lml0JTJGd3AtY29udGVudCUyRnVwbG9hZHMlMkYyMDI1JTJGMTElMkZiQXJ0QXJ0LUNyZXRhLU9wZXJlLVBlcnNvbmFsaXp6YXRlLUljb25hX0NvY2NvZHJpbGxvLmpwZyUyMiUyMGFsdCUzRCUyMkNvY29kcmlsbyUyMHJvam8lMjBlbiUyMGxhJTIwcGFyZWQlMjIlM0UlM0MlMkZ0ZCUzRSUwQSUyMCUzQ3RkJTNFJTNDYSUyMGhyZWYlM0QlMjJodHRwcyUzQSUyRiUyRmJhcnRhcnQuaXQlMkZlcyUyRmNvY2NvZHJpbGxvJTJGJTIyJTNFJTNDaDMlM0VGYXVjaSUyMHJvam8lMjAtJTIwaGFnYSUyMGNsaWMlMjBhcXUlQzMlQUQlMjBwYXJhJTIwb2J0ZW5lciUyMG0lQzMlQTFzJTIwZGV0YWxsZXMlMjAtJTNDJTJGaDMlM0UlM0MlMkZhJTNFJTNDJTJGdGQlM0UlM0MlMkZ0ciUzRSUwQSUyMCUzQ3RyJTNFJTNDdGQlM0UlM0NpbWclMjBzcmMlM0QlMjJodHRwcyUzQSUyRiUyRmJhcnRhcnQuaXQlMkZ3cC1jb250ZW50JTJGdXBsb2FkcyUyRjIwMjYlMkYwMSUyRmJBcnRBcnQtQ3JldGEtT3BlcmUtUGVyc29uYWxpenphdGUtSWNvbmFfRmFjb2Nlcm8uanBnJTIyJTIwYWx0JTNEJTIyQ2FiZXphJTIwcG9kcmlkYSUyMGRlJTIwdW4lMjBqYWJhbCVDMyVBRHYlMjIlM0UlM0MlMkZ0ZCUzRSUwQSUyMCUzQ3RkJTNFJTNDYSUyMGhyZWYlM0QlMjJodHRwcyUzQSUyRiUyRmJhcnRhcnQuaXQlMkZlcyUyRmRldHRhZ2xpLWZhY29jZXJvJTJGJTIyJTNFJTNDaDMlM0VQdXRyZWZhY2NpJUMzJUIzbiUyMC0lMjBoYWdhJTIwY2xpYyUyMGFxdSVDMyVBRCUyMHBhcmElMjBvYnRlbmVyJTIwbSVDMyVBMXMlMjBkZXRhbGxlcyUyMC0lM0MlMkZoMyUzRSUzQyUyRmElM0UlM0MlMkZ0ZCUzRSUzQyUyRnRyJTNFJTNDJTJGdGFibGUlM0UlM0MlMkZkaXYlM0UlMEE=[\/vc_raw_html][\/vc_column][\/vc_row]<\/p>\n<\/div>","protected":false},"excerpt":{"rendered":"<p>[vc_row full_width=\u00bbstretch_row\u00bb css=\u00bb.vc_custom_1762531776722{background-color: #000000 !important;}\u00bb][vc_column][vc_empty_space height=\u00bb80px\u00bb][\/vc_column][\/vc_row][vc_row full_width=\u00bbstretch_row\u00bb css=\u00bb.vc_custom_1762531755775{background-color: #000000 !important;}\u00bb][vc_column][vc_column_text css=\u00bb\u00bb] Encargos Para Obras Murales &#8211; Trabajos de pared [\/vc_column_text][\/vc_column][\/vc_row][vc_row][vc_column][vc_custom_heading text=\u00bbObras adecuadas para amueblar habitaciones\u00bb css=\u00bb\u00bb el_class=\u00bbvisually-hidden\u00bb][\/vc_column][\/vc_row][vc_row full_width=\u00bbstretch_row\u00bb css=\u00bb.vc_custom_1762531895926{background-color: #000000 !important;}\u00bb][vc_column][vc_empty_space height=\u00bb80px\u00bb][\/vc_column][\/vc_row][vc_row full_width=\u00bbstretch_row\u00bb css=\u00bb.vc_custom_1762531594672{padding-top: 0px !important;padding-bottom: 0px !important;background-color: #000000 !important;}\u00bb][vc_column][vc_raw_html css=\u00bb\u00bb]JTNDZGl2JTIwc3R5bGUlM0QlMjJiYWNrZ3JvdW5kLWNvbG9yJTNBJTIzMDAwJTIwJTIxaW1wb3J0YW50JTNCJTIwcGFkZGluZyUzQTQwcHglMjAwJTNCJTIwd2lkdGglM0ExMDAlMjUlM0IlMjIlM0UlM0NzdHlsZSUzRS5iYXJ0YXJ0LXRhYmxlJTIwJTdCJTBBJTIwJTIwJTIwJTIwd2lkdGglM0ElMjAxMDAlMjUlM0IlMEElMjAlMjAlMjAlMjBib3JkZXItY29sbGFwc2UlM0ElMjBjb2xsYXBzZSUzQiUwQSUyMCUyMCUyMCUyMG1hcmdpbiUzQSUyMDAlMjBhdXRvJTNCJTBBJTIwJTIwJTIwJTIwbWF4LXdpZHRoJTNBJTIwOTAwcHglM0IlMEElMjAlMjAlMjAlMjBiYWNrZ3JvdW5kLWNvbG9yJTNBJTIwJTIzMDAwJTIwJTIxaW1wb3J0YW50JTNCJTBBJTIwJTIwJTIwJTIwZm9udC1mYW1pbHklM0ElMjAlMjdQb3BwaW5zJTI3JTJDJTIwc2Fucy1zZXJpZiUzQiUwQSUyMCUyMCU3RCUwQSUyMCUyMC5iYXJ0YXJ0LXRhYmxlJTIwdGQlMjAlN0IlMEElMjAlMjAlMjAlMjBib3JkZXIlM0ElMjAxcHglMjBzb2xpZCUyMCUyMzY2NiUyMCUyMWltcG9ydGFudCUzQiUwQSUyMCUyMCUyMCUyMHBhZGRpbmclM0ElMjAyMHB4JTNCJTBBJTIwJTIwJTIwJTIwdmVydGljYWwtYWxpZ24lM0ElMjBtaWRkbGUlM0IlMEElMjAlMjAlMjAlMjBiYWNrZ3JvdW5kLWNvbG9yJTNBJTIwJTIzMDAwJTIwJTIxaW1wb3J0YW50JTNCJTBBJTIwJTIwJTIwJTIwY29sb3IlM0ElMjAlMjNmZmYlMjAlMjFpbXBvcnRhbnQlM0IlMEElMjAlMjAlN0QlMEElMjAlMjAuYmFydGFydC10YWJsZSUyMHRyJTNBaG92ZXIlMjAlN0IlMEElMjAlMjAlMjAlMjBiYWNrZ3JvdW5kLWNvbG9yJTNBJTIwcmdiYSUyODE5OSUyQyUyMDE5MiUyQyUyMDU4JTJDJTIwMC4xNSUyOSUyMCUyMWltcG9ydGFudCUzQiUwQSUyMCUyMCUyMCUyMHRyYW5zaXRpb24lM0ElMjAwLjNzJTIwZWFzZSUzQiUwQSUyMCUyMCU3RCUwQSUyMCUyMC5iYXJ0YXJ0LXRhYmxlJTIwaW1nJTIwJTdCJTBBJTIwJTIwJTIwJTIwd2lkdGglM0ElMjAxMTBweCUzQiUwQSUyMCUyMCUyMCUyMGhlaWdodCUzQSUyMGF1dG8lM0IlMEElMjAlMjAlMjAlMjBib3JkZXItcmFkaXVzJTNBJTIwOHB4JTNCJTBBJTIwJTIwJTIwJTIwZGlzcGxheSUzQSUyMGJsb2NrJTNCJTBBJTIwJTIwJTIwJTIwbWFyZ2luJTNBJTIwMCUyMGF1dG8lM0IlMEElMjAlMjAlMjAlMjB0cmFuc2l0aW9uJTNBJTIwdHJhbnNmb3JtJTIwMC4zcyUyMGVhc2UlMkMlMjBib3gtc2hhZG93JTIwMC4zcyUyMGVhc2UlM0IlMEElMjAlMjAlN0QlMEElMjAlMjAuYmFydGFydC10YWJsZSUyMGltZyUzQWhvdmVyJTIwJTdCJTBBJTIwJTIwJTIwJTIwdHJhbnNmb3JtJTNBJTIwc2NhbGUlMjgxLjA1JTI5JTNCJTBBJTIwJTIwJTIwJTIwYm94LXNoYWRvdyUzQSUyMDAlMjAwJTIwMTBweCUyMHJnYmElMjgxOTklMkMlMjAxOTIlMkMlMjA1OCUyQyUyMDAuNSUyOSUzQiUwQSUyMCUyMCU3RCUwQSUyMCUyMC5iYXJ0YXJ0LXRhYmxlJTIwaDMlMjAlN0IlMEElMjAlMjAlMjAlMjBtYXJnaW4lM0ElMjAwJTNCJTBBJTIwJTIwJTIwJTIwZm9udC1zaXplJTNBJTIwMjJweCUzQiUwQSUyMCUyMCUyMCUyMGNvbG9yJTNBJTIwJTIzZmZmJTIwJTIxaW1wb3J0YW50JTNCJTBBJTIwJTIwJTIwJTIwbGV0dGVyLXNwYWNpbmclM0ElMjAwLjVweCUzQiUwQSUyMCUyMCU3RCUwQSUyMCUyMC5iYXJ0YXJ0LXRhYmxlJTIwYSUyMCU3QiUwQSUyMCUyMCUyMCUyMHRleHQtZGVjb3JhdGlvbiUzQSUyMG5vbmUlM0IlMEElMjAlMjAlMjAlMjBjb2xvciUzQSUyMCUyM2ZmZiUyMCUyMWltcG9ydGFudCUzQiUwQSUyMCUyMCU3RCUwQSUyMCUyMC5iYXJ0YXJ0LXRhYmxlJTIwYSUzQWhvdmVyJTIwaDMlMjAlN0IlMEElMjAlMjAlMjAlMjBjb2xvciUzQSUyMCUyM2M3YzAzYSUyMCUyMWltcG9ydGFudCUzQiUwQSUyMCUyMCU3RCUwQSUyMCUyMCU0MG1lZGlhJTIwJTI4bWF4LXdpZHRoJTNBJTIwNzY4cHglMjklMjAlN0IlMEElMjAlMjAlMjAlMjAuYmFydGFydC10YWJsZSUyMHRkJTIwJTdCJTBBJTIwJTIwJTIwJTIwJTIwJTIwZGlzcGxheSUzQSUyMGJsb2NrJTNCJTBBJTIwJTIwJTIwJTIwJTIwJTIwd2lkdGglM0ElMjAxMDAlMjUlM0IlMEElMjAlMjAlMjAlMjAlMjAlMjB0ZXh0LWFsaWduJTNBJTIwY2VudGVyJTNCJTBBJTIwJTIwJTIwJTIwJTIwJTIwYm9yZGVyLWxlZnQlM0ElMjBub25lJTNCJTBBJTIwJTIwJTIwJTIwJTIwJTIwYm9yZGVyLXJpZ2h0JTNBJTIwbm9uZSUzQiUwQSUyMCUyMCUyMCUyMCU3RCUwQSUyMCUyMCUyMCUyMC5iYXJ0YXJ0LXRhYmxlJTIwaW1nJTIwJTdCJTBBJTIwJTIwJTIwJTIwJTIwJTIwbWFyZ2luLWJvdHRvbSUzQSUyMDEwcHglM0IlMEElMjAlMjAlMjAlMjAlMjAlMjB3aWR0aCUzQSUyMDgwJTI1JTNCJTBBJTIwJTIwJTIwJTIwJTIwJTIwbWF4LXdpZHRoJTNBJTIwMjUwcHglM0IlMEElMjAlMjAlMjAlMjAlN0QlMEElMjAlMjAlN0QlMEElMjAlMjAlM0MlMkZzdHlsZSUzRSUzQ3RhYmxlJTIwY2xhc3MlM0QlMjJiYXJ0YXJ0LXRhYmxlJTIyJTNFJTNDdHIlM0UlM0N0ZCUzRSUzQ2ltZyUyMHNyYyUzRCUyMmh0dHBzJTNBJTJGJTJGYmFydGFydC5pdCUyRndwLWNvbnRlbnQlMkZ1cGxvYWRzJTJGMjAyNSUyRjExJTJGYkFydEFydC1DcmV0YS1PcGVyZS1QZXJzb25hbGl6emF0ZS1JY29uYV9WZW5vbS5qcGclMjIlMjBhbHQlM0QlMjJTaW1iaW90aWMlMjBSYWdlJTIyJTNFJTNDJTJGdGQlM0UlMEElMjAlM0N0ZCUzRSUzQ2ElMjBocmVmJTNEJTIyaHR0cHMlM0ElMkYlMkZiYXJ0YXJ0Lml0JTJGZXMlMkZ2ZW5vbS0yJTJGJTIyJTNFJTNDaDMlM0VNZW50ZXMlMjBubyUyMGlsdW1pbmFkYXMlMjAtJTIwaGFnYSUyMGNsaWMlMjBhcXUlQzMlQUQlMjBwYXJhJTIwb2J0ZW5lciUyMG0lQzMlQTFzJTIwZGV0YWxsZXMlMjAtJTNDJTJGaDMlM0UlM0MlMkZhJTNFJTNDJTJGdGQlM0UlMjAlM0MlMkZ0ciUzRSUwQSUyMCUzQ3RyJTNFJTNDdGQlM0UlM0NpbWclMjBzcmMlM0QlMjJodHRwcyUzQSUyRiUyRmJhcnRhcnQuaXQlMkZ3cC1jb250ZW50JTJGdXBsb2FkcyUyRjIwMjUlMkYxMSUyRmJBcnRBcnQtQ3JldGEtT3BlcmUtUGVyc29uYWxpenphdGUtSWNvbmFfUHJlZGF0b3IuanBnJTIyJTIwYWx0JTNEJTIyRWwlMjBwZXJzb25hamUlMjBkZSUyMGxhJTIwcGVsJUMzJUFEY3VsYSUyMGRlbCUyMG1pc21vJTIwbm9tYnJlJTIyJTNFJTNDJTJGdGQlM0UlMEElMjAlM0N0ZCUzRSUzQ2ElMjBocmVmJTNEJTIyaHR0cHMlM0ElMkYlMkZiYXJ0YXJ0Lml0JTJGZXMlMkZwcmVkYXRvciUyRiUyMiUzRSUzQ2gzJTNFRGVwcmVkYWRvciUyMC0lMjBoYWdhJTIwY2xpYyUyMGFxdSVDMyVBRCUyMHBhcmElMjBvYnRlbmVyJTIwbSVDMyVBMXMlMjBkZXRhbGxlcyUyMC0lM0MlMkZoMyUzRSUzQyUyRmElM0UlM0MlMkZ0ZCUzRSUzQyUyRnRyJTNFJTBBJTIwJTNDdHIlM0UlM0N0ZCUzRSUzQ2ltZyUyMHNyYyUzRCUyMmh0dHBzJTNBJTJGJTJGYmFydGFydC5pdCUyRndwLWNvbnRlbnQlMkZ1cGxvYWRzJTJGMjAyNSUyRjExJTJGYkFydEFydC1DcmV0YS1PcGVyZS1QZXJzb25hbGl6emF0ZS1JY29uYV9PbGlmYW50ZS5qcGclMjIlMjBhbHQlM0QlMjJFbCUyMGVsZWZhbnRlJTIwZGUlMjBFbCUyMFNlJUMzJUIxb3IlMjBkZSUyMGxvcyUyMEFuaWxsb3MlMjIlM0UlM0MlMkZ0ZCUzRSUwQSUyMCUzQ3RkJTNFJTNDYSUyMGhyZWYlM0QlMjJodHRwcyUzQSUyRiUyRmJhcnRhcnQuaXQlMkZlcyUyRm9saWZhbnRlJTJGJTIyJTNFJTNDaDMlM0VNJUMzJUJCbWFraWwlMjByb2pvJTIwLSUyMGhhZ2ElMjBjbGljJTIwYXF1JUMzJUFEJTIwcGFyYSUyMG9idGVuZXIlMjBtJUMzJUExcyUyMGRldGFsbGVzJTIwLSUzQyUyRmgzJTNFJTNDJTJGYSUzRSUwQSUyMCUzQyUyRnRkJTNFJTNDJTJGdHIlM0UlM0N0ciUzRSUzQ3RkJTNFJTNDaW1nJTIwc3JjJTNEJTIyaHR0cHMlM0ElMkYlMkZiYXJ0YXJ0Lml0JTJGd3AtY29udGVudCUyRnVwbG9hZHMlMkYyMDI1JTJGMTElMkZiQXJ0QXJ0LUNyZXRhLU9wZXJlLVBlcnNvbmFsaXp6YXRlLUljb25hX0NvY2NvZHJpbGxvLmpwZyUyMiUyMGFsdCUzRCUyMkNvY29kcmlsbyUyMHJvam8lMjBlbiUyMGxhJTIwcGFyZWQlMjIlM0UlM0MlMkZ0ZCUzRSUwQSUyMCUzQ3RkJTNFJTNDYSUyMGhyZWYlM0QlMjJodHRwcyUzQSUyRiUyRmJhcnRhcnQuaXQlMkZlcyUyRmNvY2NvZHJpbGxvJTJGJTIyJTNFJTNDaDMlM0VGYXVjaSUyMHJvam8lMjAtJTIwaGFnYSUyMGNsaWMlMjBhcXUlQzMlQUQlMjBwYXJhJTIwb2J0ZW5lciUyMG0lQzMlQTFzJTIwZGV0YWxsZXMlMjAtJTNDJTJGaDMlM0UlM0MlMkZhJTNFJTNDJTJGdGQlM0UlM0MlMkZ0ciUzRSUwQSUyMCUzQ3RyJTNFJTNDdGQlM0UlM0NpbWclMjBzcmMlM0QlMjJodHRwcyUzQSUyRiUyRmJhcnRhcnQuaXQlMkZ3cC1jb250ZW50JTJGdXBsb2FkcyUyRjIwMjYlMkYwMSUyRmJBcnRBcnQtQ3JldGEtT3BlcmUtUGVyc29uYWxpenphdGUtSWNvbmFfRmFjb2Nlcm8uanBnJTIyJTIwYWx0JTNEJTIyQ2FiZXphJTIwcG9kcmlkYSUyMGRlJTIwdW4lMjBqYWJhbCVDMyVBRHYlMjIlM0UlM0MlMkZ0ZCUzRSUwQSUyMCUzQ3RkJTNFJTNDYSUyMGhyZWYlM0QlMjJodHRwcyUzQSUyRiUyRmJhcnRhcnQuaXQlMkZlcyUyRmRldHRhZ2xpLWZhY29jZXJvJTJGJTIyJTNFJTNDaDMlM0VQdXRyZWZhY2NpJUMzJUIzbiUyMC0lMjBoYWdhJTIwY2xpYyUyMGFxdSVDMyVBRCUyMHBhcmElMjBvYnRlbmVyJTIwbSVDMyVBMXMlMjBkZXRhbGxlcyUyMC0lM0MlMkZoMyUzRSUzQyUyRmElM0UlM0MlMkZ0ZCUzRSUzQyUyRnRyJTNFJTNDJTJGdGFibGUlM0UlM0MlMkZkaXYlM0UlMEE=[\/vc_raw_html][\/vc_column][\/vc_row]<\/p>\n","protected":false},"author":2,"featured_media":0,"parent":0,"menu_order":1,"comment_status":"closed","ping_status":"closed","template":"","meta":{"footnotes":""},"class_list":["post-7704","page","type-page","status-publish","hentry"],"yoast_head":"<!-- This site is optimized with the Yoast SEO plugin v26.8 - https:\/\/yoast.com\/product\/yoast-seo-wordpress\/ -->\n<title>Encargos Para Obras Murales | Bartart<\/title>\n<meta name=\"description\" content=\"Creaciones art\u00edsticas vers\u00e1tiles, dise\u00f1adas para paredes o superficies de mobiliario, capaces de interactuar con el espacio que las acoge.\" \/>\n<meta name=\"robots\" content=\"index, follow, max-snippet:-1, max-image-preview:large, max-video-preview:-1\" \/>\n<link rel=\"canonical\" href=\"https:\/\/bartart.it\/es\/encargos-para-obras-murales\/\" \/>\n<meta property=\"og:locale\" content=\"es_ES\" \/>\n<meta property=\"og:type\" content=\"article\" \/>\n<meta property=\"og:title\" content=\"Encargos Para Obras Murales | Bartart\" \/>\n<meta property=\"og:description\" content=\"Creaciones art\u00edsticas vers\u00e1tiles, dise\u00f1adas para paredes o superficies de mobiliario, capaces de interactuar con el espacio que las acoge.\" \/>\n<meta property=\"og:url\" content=\"https:\/\/bartart.it\/es\/encargos-para-obras-murales\/\" \/>\n<meta property=\"og:site_name\" content=\"Bartart\" \/>\n<meta property=\"article:publisher\" content=\"https:\/\/www.facebook.com\/profile.php?id=61582712773000&amp;sk=photos\" \/>\n<meta property=\"article:modified_time\" content=\"2026-05-05T10:34:45+00:00\" \/>\n<meta property=\"og:image\" content=\"https:\/\/bartart.it\/wp-content\/uploads\/2025\/10\/freepik__the-style-is-candid-image-photography-with-natural__46614.jpeg\" \/>\n\t<meta property=\"og:image:width\" content=\"896\" \/>\n\t<meta property=\"og:image:height\" content=\"1152\" \/>\n\t<meta property=\"og:image:type\" content=\"image\/jpeg\" \/>\n<meta name=\"twitter:card\" content=\"summary_large_image\" \/>\n<meta name=\"twitter:label1\" content=\"Tiempo de lectura\" \/>\n\t<meta name=\"twitter:data1\" content=\"1 minuto\" \/>\n<script type=\"application\/ld+json\" class=\"yoast-schema-graph\">{\"@context\":\"https:\/\/schema.org\",\"@graph\":[{\"@type\":\"WebPage\",\"@id\":\"https:\/\/bartart.it\/es\/encargos-para-obras-murales\/\",\"url\":\"https:\/\/bartart.it\/es\/encargos-para-obras-murales\/\",\"name\":\"Encargos Para Obras Murales | Bartart\",\"isPartOf\":{\"@id\":\"https:\/\/bartart.it\/es\/#website\"},\"datePublished\":\"2025-11-06T12:59:44+00:00\",\"dateModified\":\"2026-05-05T10:34:45+00:00\",\"description\":\"Creaciones art\u00edsticas vers\u00e1tiles, dise\u00f1adas para paredes o superficies de mobiliario, capaces de interactuar con el espacio que las acoge.\",\"breadcrumb\":{\"@id\":\"https:\/\/bartart.it\/es\/encargos-para-obras-murales\/#breadcrumb\"},\"inLanguage\":\"es\",\"potentialAction\":[{\"@type\":\"ReadAction\",\"target\":[\"https:\/\/bartart.it\/es\/encargos-para-obras-murales\/\"]}]},{\"@type\":\"BreadcrumbList\",\"@id\":\"https:\/\/bartart.it\/es\/encargos-para-obras-murales\/#breadcrumb\",\"itemListElement\":[{\"@type\":\"ListItem\",\"position\":1,\"name\":\"Home\",\"item\":\"https:\/\/bartart.it\/es\/\"},{\"@type\":\"ListItem\",\"position\":2,\"name\":\"Murales por Encargo\"}]},{\"@type\":\"WebSite\",\"@id\":\"https:\/\/bartart.it\/es\/#website\",\"url\":\"https:\/\/bartart.it\/es\/\",\"name\":\"bArtArt\",\"description\":\"Scultura in Creta su Misura\",\"publisher\":{\"@id\":\"https:\/\/bartart.it\/es\/#\/schema\/person\/9b4776c2ef49b485779b948861bbfcaf\"},\"alternateName\":\"Sculture in Creta Personalizzate | bArtArt\",\"potentialAction\":[{\"@type\":\"SearchAction\",\"target\":{\"@type\":\"EntryPoint\",\"urlTemplate\":\"https:\/\/bartart.it\/es\/?s={search_term_string}\"},\"query-input\":{\"@type\":\"PropertyValueSpecification\",\"valueRequired\":true,\"valueName\":\"search_term_string\"}}],\"inLanguage\":\"es\"},{\"@type\":[\"Person\",\"Organization\"],\"@id\":\"https:\/\/bartart.it\/es\/#\/schema\/person\/9b4776c2ef49b485779b948861bbfcaf\",\"name\":\"Daniele Bartoli\",\"image\":{\"@type\":\"ImageObject\",\"inLanguage\":\"es\",\"@id\":\"https:\/\/bartart.it\/es\/#\/schema\/person\/image\/\",\"url\":\"https:\/\/bartart.it\/wp-content\/uploads\/2025\/05\/Logo200x200ca-3.jpg\",\"contentUrl\":\"https:\/\/bartart.it\/wp-content\/uploads\/2025\/05\/Logo200x200ca-3.jpg\",\"width\":180,\"height\":76,\"caption\":\"Daniele Bartoli\"},\"logo\":{\"@id\":\"https:\/\/bartart.it\/es\/#\/schema\/person\/image\/\"},\"sameAs\":[\"http:\/\/bartart.it\",\"https:\/\/www.facebook.com\/profile.php?id=61582712773000&sk=photos\",\"https:\/\/www.instagram.com\/bartoli.daniele\/\",\"https:\/\/it.pinterest.com\/bartartscultureincretapersonal\/\",\"https:\/\/studio.youtube.com\/channel\/UC6ShOq_jGblxgQFWzYJNbrQ\"]}]}<\/script>\n<!-- \/ Yoast SEO plugin. -->","yoast_head_json":{"title":"Encargos Para Obras Murales | Bartart","description":"Creaciones art\u00edsticas vers\u00e1tiles, dise\u00f1adas para paredes o superficies de mobiliario, capaces de interactuar con el espacio que las acoge.","robots":{"index":"index","follow":"follow","max-snippet":"max-snippet:-1","max-image-preview":"max-image-preview:large","max-video-preview":"max-video-preview:-1"},"canonical":"https:\/\/bartart.it\/es\/encargos-para-obras-murales\/","og_locale":"es_ES","og_type":"article","og_title":"Encargos Para Obras Murales | Bartart","og_description":"Creaciones art\u00edsticas vers\u00e1tiles, dise\u00f1adas para paredes o superficies de mobiliario, capaces de interactuar con el espacio que las acoge.","og_url":"https:\/\/bartart.it\/es\/encargos-para-obras-murales\/","og_site_name":"Bartart","article_publisher":"https:\/\/www.facebook.com\/profile.php?id=61582712773000&sk=photos","article_modified_time":"2026-05-05T10:34:45+00:00","og_image":[{"width":896,"height":1152,"url":"https:\/\/bartart.it\/wp-content\/uploads\/2025\/10\/freepik__the-style-is-candid-image-photography-with-natural__46614.jpeg","type":"image\/jpeg"}],"twitter_card":"summary_large_image","twitter_misc":{"Tiempo de lectura":"1 minuto"},"schema":{"@context":"https:\/\/schema.org","@graph":[{"@type":"WebPage","@id":"https:\/\/bartart.it\/es\/encargos-para-obras-murales\/","url":"https:\/\/bartart.it\/es\/encargos-para-obras-murales\/","name":"Encargos Para Obras Murales | Bartart","isPartOf":{"@id":"https:\/\/bartart.it\/es\/#website"},"datePublished":"2025-11-06T12:59:44+00:00","dateModified":"2026-05-05T10:34:45+00:00","description":"Creaciones art\u00edsticas vers\u00e1tiles, dise\u00f1adas para paredes o superficies de mobiliario, capaces de interactuar con el espacio que las acoge.","breadcrumb":{"@id":"https:\/\/bartart.it\/es\/encargos-para-obras-murales\/#breadcrumb"},"inLanguage":"es","potentialAction":[{"@type":"ReadAction","target":["https:\/\/bartart.it\/es\/encargos-para-obras-murales\/"]}]},{"@type":"BreadcrumbList","@id":"https:\/\/bartart.it\/es\/encargos-para-obras-murales\/#breadcrumb","itemListElement":[{"@type":"ListItem","position":1,"name":"Home","item":"https:\/\/bartart.it\/es\/"},{"@type":"ListItem","position":2,"name":"Murales por Encargo"}]},{"@type":"WebSite","@id":"https:\/\/bartart.it\/es\/#website","url":"https:\/\/bartart.it\/es\/","name":"bArtArt","description":"Scultura in Creta su Misura","publisher":{"@id":"https:\/\/bartart.it\/es\/#\/schema\/person\/9b4776c2ef49b485779b948861bbfcaf"},"alternateName":"Sculture in Creta Personalizzate | bArtArt","potentialAction":[{"@type":"SearchAction","target":{"@type":"EntryPoint","urlTemplate":"https:\/\/bartart.it\/es\/?s={search_term_string}"},"query-input":{"@type":"PropertyValueSpecification","valueRequired":true,"valueName":"search_term_string"}}],"inLanguage":"es"},{"@type":["Person","Organization"],"@id":"https:\/\/bartart.it\/es\/#\/schema\/person\/9b4776c2ef49b485779b948861bbfcaf","name":"Daniele Bartoli","image":{"@type":"ImageObject","inLanguage":"es","@id":"https:\/\/bartart.it\/es\/#\/schema\/person\/image\/","url":"https:\/\/bartart.it\/wp-content\/uploads\/2025\/05\/Logo200x200ca-3.jpg","contentUrl":"https:\/\/bartart.it\/wp-content\/uploads\/2025\/05\/Logo200x200ca-3.jpg","width":180,"height":76,"caption":"Daniele Bartoli"},"logo":{"@id":"https:\/\/bartart.it\/es\/#\/schema\/person\/image\/"},"sameAs":["http:\/\/bartart.it","https:\/\/www.facebook.com\/profile.php?id=61582712773000&sk=photos","https:\/\/www.instagram.com\/bartoli.daniele\/","https:\/\/it.pinterest.com\/bartartscultureincretapersonal\/","https:\/\/studio.youtube.com\/channel\/UC6ShOq_jGblxgQFWzYJNbrQ"]}]}},"_links":{"self":[{"href":"https:\/\/bartart.it\/es\/wp-json\/wp\/v2\/pages\/7704","targetHints":{"allow":["GET"]}}],"collection":[{"href":"https:\/\/bartart.it\/es\/wp-json\/wp\/v2\/pages"}],"about":[{"href":"https:\/\/bartart.it\/es\/wp-json\/wp\/v2\/types\/page"}],"author":[{"embeddable":true,"href":"https:\/\/bartart.it\/es\/wp-json\/wp\/v2\/users\/2"}],"replies":[{"embeddable":true,"href":"https:\/\/bartart.it\/es\/wp-json\/wp\/v2\/comments?post=7704"}],"version-history":[{"count":8,"href":"https:\/\/bartart.it\/es\/wp-json\/wp\/v2\/pages\/7704\/revisions"}],"predecessor-version":[{"id":8047,"href":"https:\/\/bartart.it\/es\/wp-json\/wp\/v2\/pages\/7704\/revisions\/8047"}],"wp:attachment":[{"href":"https:\/\/bartart.it\/es\/wp-json\/wp\/v2\/media?parent=7704"}],"curies":[{"name":"wp","href":"https:\/\/api.w.org\/{rel}","templated":true}]}}