{"id":7712,"date":"2025-11-05T11:21:11","date_gmt":"2025-11-05T10:21:11","guid":{"rendered":"https:\/\/bartart.it\/comisiones-para-espacios-publicos\/"},"modified":"2026-05-05T12:33:05","modified_gmt":"2026-05-05T10:33:05","slug":"comisiones-para-espacios-publicos","status":"publish","type":"page","link":"https:\/\/bartart.it\/es\/comisiones-para-espacios-publicos\/","title":{"rendered":"Comisiones para espacios p\u00fablicos"},"content":{"rendered":"<div class=\"wpb-content-wrapper\"><p>[vc_row full_width=\u00bbstretch_row\u00bb css=\u00bb.vc_custom_1762532352820{background-color: #000000 !important;}\u00bb][vc_column][vc_empty_space height=\u00bb80px\u00bb css=\u00bb.vc_custom_1762532338427{background-color: #000000 !important;}\u00bb][\/vc_column][\/vc_row][vc_row full_width=\u00bbstretch_row\u00bb css=\u00bb.vc_custom_1762532403171{background-color: #000000 !important;}\u00bb][vc_column][vc_column_text css=\u00bb.vc_custom_1762532388302{background-color: #000000 !important;}\u00bb]<\/p>\n<h1>Tiendas y recepci\u00f3n<\/h1>\n<p>[\/vc_column_text][\/vc_column][\/vc_row][vc_row][vc_column][vc_custom_heading text=\u00bbObras para espacios tem\u00e1ticos como manga, c\u00f3mics, exposiciones, pubs.\u00bb css=\u00bb\u00bb el_class=\u00bbvisually-hidden\u00bb][\/vc_column][\/vc_row][vc_row full_width=\u00bbstretch_row\u00bb css=\u00bb.vc_custom_1762532455492{background-color: #000000 !important;}\u00bb][vc_column][vc_empty_space height=\u00bb80px\u00bb css=\u00bb.vc_custom_1762532338427{background-color: #000000 !important;}\u00bb][\/vc_column][\/vc_row][vc_row full_width=\u00bbstretch_row\u00bb css=\u00bb.vc_custom_1762523282601{background-color: #000000 !important;}\u00bb][vc_column][vc_raw_html css=\u00bb\u00bb]JTNDc3R5bGUlM0UlMkYlMkElMjBDb250ZW5pdG9yZSUyMHByaW5jaXBhbGUlMjAlMkElMkYlMEEuYmFydGFydC10YWJsZSUyMCU3QiUwQSUyMCUyMHdpZHRoJTNBJTIwMTAwJTI1JTNCJTBBJTIwJTIwYm9yZGVyLWNvbGxhcHNlJTNBJTIwY29sbGFwc2UlM0IlMEElMjAlMjBtYXJnaW4lM0ElMjAzMHB4JTIwYXV0byUzQiUwQSUyMCUyMG1heC13aWR0aCUzQSUyMDkwMHB4JTNCJTBBJTIwJTIwYmFja2dyb3VuZC1jb2xvciUzQSUyMCUyMzAwMCUyMCUyMWltcG9ydGFudCUzQiUwQSUyMCUyMGZvbnQtZmFtaWx5JTNBJTIwJTI3UG9wcGlucyUyNyUyQyUyMHNhbnMtc2VyaWYlM0IlMEElN0QlMEElMEElMkYlMkElMjBDZWxsZSUyMCUyQSUyRiUwQS5iYXJ0YXJ0LXRhYmxlJTIwdGQlMjAlN0IlMEElMjAlMjBib3JkZXIlM0ElMjAxcHglMjBzb2xpZCUyMCUyMzY2NiUyMCUyMWltcG9ydGFudCUzQiUwQSUyMCUyMHBhZGRpbmclM0ElMjAyMHB4JTNCJTBBJTIwJTIwdmVydGljYWwtYWxpZ24lM0ElMjBtaWRkbGUlM0IlMEElMjAlMjBiYWNrZ3JvdW5kLWNvbG9yJTNBJTIwJTIzMDAwJTIwJTIxaW1wb3J0YW50JTNCJTBBJTIwJTIwY29sb3IlM0ElMjAlMjNmZmYlMjAlMjFpbXBvcnRhbnQlM0IlMEElN0QlMEElMEElMkYlMkElMjBSaWdhJTIwaG92ZXIlMjAlMkElMkYlMEEuYmFydGFydC10YWJsZSUyMHRyJTNBaG92ZXIlMjAlN0IlMEElMjAlMjBiYWNrZ3JvdW5kLWNvbG9yJTNBJTIwcmdiYSUyODE5OSUyQyUyMDE5MiUyQyUyMDU4JTJDJTIwMC4xNSUyOSUyMCUyMWltcG9ydGFudCUzQiUwQSUyMCUyMHRyYW5zaXRpb24lM0ElMjAwLjNzJTIwZWFzZSUzQiUwQSU3RCUwQSUwQSUyRiUyQSUyMEltbWFnaW5pJTIwJTJBJTJGJTBBLmJhcnRhcnQtdGFibGUlMjBpbWclMjAlN0IlMEElMjAlMjB3aWR0aCUzQSUyMDExMHB4JTNCJTBBJTIwJTIwaGVpZ2h0JTNBJTIwYXV0byUzQiUwQSUyMCUyMGJvcmRlci1yYWRpdXMlM0ElMjA4cHglM0IlMEElMjAlMjBkaXNwbGF5JTNBJTIwYmxvY2slM0IlMEElMjAlMjBtYXJnaW4lM0ElMjAwJTIwYXV0byUzQiUwQSUyMCUyMHRyYW5zaXRpb24lM0ElMjB0cmFuc2Zvcm0lMjAwLjNzJTIwZWFzZSUyQyUyMGJveC1zaGFkb3clMjAwLjNzJTIwZWFzZSUzQiUwQSU3RCUwQSUwQS5iYXJ0YXJ0LXRhYmxlJTIwaW1nJTNBaG92ZXIlMjAlN0IlMEElMjAlMjB0cmFuc2Zvcm0lM0ElMjBzY2FsZSUyODEuMDUlMjklM0IlMEElMjAlMjBib3gtc2hhZG93JTNBJTIwMCUyMDAlMjAxMHB4JTIwcmdiYSUyODE5OSUyQyUyMDE5MiUyQyUyMDU4JTJDJTIwMC41JTI5JTNCJTBBJTdEJTBBJTBBJTJGJTJBJTIwVGVzdGklMjAlMkElMkYlMEEuYmFydGFydC10YWJsZSUyMGgzJTIwJTdCJTBBJTIwJTIwbWFyZ2luJTNBJTIwMCUzQiUwQSUyMCUyMGZvbnQtc2l6ZSUzQSUyMDIycHglM0IlMEElMjAlMjBjb2xvciUzQSUyMCUyM2ZmZiUyMCUyMWltcG9ydGFudCUzQiUwQSUyMCUyMGxldHRlci1zcGFjaW5nJTNBJTIwMC41cHglM0IlMEElN0QlMEElMEEuYmFydGFydC10YWJsZSUyMGElMjAlN0IlMEElMjAlMjB0ZXh0LWRlY29yYXRpb24lM0ElMjBub25lJTNCJTBBJTIwJTIwY29sb3IlM0ElMjAlMjNmZmYlMjAlMjFpbXBvcnRhbnQlM0IlMEElN0QlMEElMEEuYmFydGFydC10YWJsZSUyMGElM0Fob3ZlciUyMGgzJTIwJTdCJTBBJTIwJTIwY29sb3IlM0ElMjAlMjNjN2MwM2ElMjAlMjFpbXBvcnRhbnQlM0IlMEElN0QlMEElMEElMkYlMkElMjBSZXNwb25zaXZlJTIwJTJBJTJGJTBBJTQwbWVkaWElMjAlMjhtYXgtd2lkdGglM0ElMjA3NjhweCUyOSUyMCU3QiUwQSUyMCUyMC5iYXJ0YXJ0LXRhYmxlJTIwdGQlMjAlN0IlMEElMjAlMjAlMjAlMjBkaXNwbGF5JTNBJTIwYmxvY2slM0IlMEElMjAlMjAlMjAlMjB3aWR0aCUzQSUyMDEwMCUyNSUzQiUwQSUyMCUyMCUyMCUyMHRleHQtYWxpZ24lM0ElMjBjZW50ZXIlM0IlMEElMjAlMjAlMjAlMjBib3JkZXItbGVmdCUzQSUyMG5vbmUlM0IlMEElMjAlMjAlMjAlMjBib3JkZXItcmlnaHQlM0ElMjBub25lJTNCJTBBJTIwJTIwJTdEJTBBJTIwJTIwLmJhcnRhcnQtdGFibGUlMjBpbWclMjAlN0IlMEElMjAlMjAlMjAlMjBtYXJnaW4tYm90dG9tJTNBJTIwMTBweCUzQiUwQSUyMCUyMCUyMCUyMHdpZHRoJTNBJTIwODAlMjUlM0IlMEElMjAlMjAlMjAlMjBtYXgtd2lkdGglM0ElMjAyNTBweCUzQiUwQSUyMCUyMCU3RCUwQSU3RCUwQSUzQyUyRnN0eWxlJTNFJTNDdGFibGUlMjBjbGFzcyUzRCUyMmJhcnRhcnQtdGFibGUlMjIlM0UlM0N0ciUzRSUzQ3RkJTNFJTNDaW1nJTIwc3JjJTNEJTIyaHR0cHMlM0ElMkYlMkZiYXJ0YXJ0Lml0JTJGd3AtY29udGVudCUyRnVwbG9hZHMlMkYyMDI1JTJGMTElMkZiQXJ0QXJ0LUNyZXRhLU9wZXJlLVBlcnNvbmFsaXp6YXRlLUljb25hX0x1bWFjYS5qcGclMjIlMjBhbHQlM0QlMjJDYXJhY29sJTIyJTNFJTNDJTJGdGQlM0UlMEElM0N0ZCUzRSUzQ2ElMjBocmVmJTNEJTIyaHR0cHMlM0ElMkYlMkZiYXJ0YXJ0Lml0JTJGZXMlMkZsdW1hY2ElMkYlMjIlM0UlM0NoMyUzRVNpbGVudGl1bSUyMElnbmlzJTIwJTI4RWwlMjBTaWxlbmNpbyUyMGRlbCUyMEZ1ZWdvJTI5JTIwLSUyMGhhZ2ElMjBjbGljJTIwYXF1JUMzJUFEJTIwcGFyYSUyMG9idGVuZXIlMjBtJUMzJUExcyUyMGRldGFsbGVzJTIwLSUyMCUyMCUzQyUyRmgzJTNFJTNDJTJGYSUzRSUzQyUyRnRkJTNFJTNDJTJGdHIlM0UlM0MlMkZ0YWJsZSUzRSUwQSUwQSUwQQ==[\/vc_raw_html][\/vc_column][\/vc_row]<\/p>\n<\/div>","protected":false},"excerpt":{"rendered":"<p>[vc_row full_width=\u00bbstretch_row\u00bb css=\u00bb.vc_custom_1762532352820{background-color: #000000 !important;}\u00bb][vc_column][vc_empty_space height=\u00bb80px\u00bb css=\u00bb.vc_custom_1762532338427{background-color: #000000 !important;}\u00bb][\/vc_column][\/vc_row][vc_row full_width=\u00bbstretch_row\u00bb css=\u00bb.vc_custom_1762532403171{background-color: #000000 !important;}\u00bb][vc_column][vc_column_text css=\u00bb.vc_custom_1762532388302{background-color: #000000 !important;}\u00bb] Tiendas y recepci\u00f3n [\/vc_column_text][\/vc_column][\/vc_row][vc_row][vc_column][vc_custom_heading text=\u00bbObras para espacios tem\u00e1ticos como manga, c\u00f3mics, exposiciones, pubs.\u00bb css=\u00bb\u00bb el_class=\u00bbvisually-hidden\u00bb][\/vc_column][\/vc_row][vc_row full_width=\u00bbstretch_row\u00bb css=\u00bb.vc_custom_1762532455492{background-color: #000000 !important;}\u00bb][vc_column][vc_empty_space height=\u00bb80px\u00bb css=\u00bb.vc_custom_1762532338427{background-color: #000000 !important;}\u00bb][\/vc_column][\/vc_row][vc_row full_width=\u00bbstretch_row\u00bb css=\u00bb.vc_custom_1762523282601{background-color: #000000 !important;}\u00bb][vc_column][vc_raw_html css=\u00bb\u00bb]JTNDc3R5bGUlM0UlMkYlMkElMjBDb250ZW5pdG9yZSUyMHByaW5jaXBhbGUlMjAlMkElMkYlMEEuYmFydGFydC10YWJsZSUyMCU3QiUwQSUyMCUyMHdpZHRoJTNBJTIwMTAwJTI1JTNCJTBBJTIwJTIwYm9yZGVyLWNvbGxhcHNlJTNBJTIwY29sbGFwc2UlM0IlMEElMjAlMjBtYXJnaW4lM0ElMjAzMHB4JTIwYXV0byUzQiUwQSUyMCUyMG1heC13aWR0aCUzQSUyMDkwMHB4JTNCJTBBJTIwJTIwYmFja2dyb3VuZC1jb2xvciUzQSUyMCUyMzAwMCUyMCUyMWltcG9ydGFudCUzQiUwQSUyMCUyMGZvbnQtZmFtaWx5JTNBJTIwJTI3UG9wcGlucyUyNyUyQyUyMHNhbnMtc2VyaWYlM0IlMEElN0QlMEElMEElMkYlMkElMjBDZWxsZSUyMCUyQSUyRiUwQS5iYXJ0YXJ0LXRhYmxlJTIwdGQlMjAlN0IlMEElMjAlMjBib3JkZXIlM0ElMjAxcHglMjBzb2xpZCUyMCUyMzY2NiUyMCUyMWltcG9ydGFudCUzQiUwQSUyMCUyMHBhZGRpbmclM0ElMjAyMHB4JTNCJTBBJTIwJTIwdmVydGljYWwtYWxpZ24lM0ElMjBtaWRkbGUlM0IlMEElMjAlMjBiYWNrZ3JvdW5kLWNvbG9yJTNBJTIwJTIzMDAwJTIwJTIxaW1wb3J0YW50JTNCJTBBJTIwJTIwY29sb3IlM0ElMjAlMjNmZmYlMjAlMjFpbXBvcnRhbnQlM0IlMEElN0QlMEElMEElMkYlMkElMjBSaWdhJTIwaG92ZXIlMjAlMkElMkYlMEEuYmFydGFydC10YWJsZSUyMHRyJTNBaG92ZXIlMjAlN0IlMEElMjAlMjBiYWNrZ3JvdW5kLWNvbG9yJTNBJTIwcmdiYSUyODE5OSUyQyUyMDE5MiUyQyUyMDU4JTJDJTIwMC4xNSUyOSUyMCUyMWltcG9ydGFudCUzQiUwQSUyMCUyMHRyYW5zaXRpb24lM0ElMjAwLjNzJTIwZWFzZSUzQiUwQSU3RCUwQSUwQSUyRiUyQSUyMEltbWFnaW5pJTIwJTJBJTJGJTBBLmJhcnRhcnQtdGFibGUlMjBpbWclMjAlN0IlMEElMjAlMjB3aWR0aCUzQSUyMDExMHB4JTNCJTBBJTIwJTIwaGVpZ2h0JTNBJTIwYXV0byUzQiUwQSUyMCUyMGJvcmRlci1yYWRpdXMlM0ElMjA4cHglM0IlMEElMjAlMjBkaXNwbGF5JTNBJTIwYmxvY2slM0IlMEElMjAlMjBtYXJnaW4lM0ElMjAwJTIwYXV0byUzQiUwQSUyMCUyMHRyYW5zaXRpb24lM0ElMjB0cmFuc2Zvcm0lMjAwLjNzJTIwZWFzZSUyQyUyMGJveC1zaGFkb3clMjAwLjNzJTIwZWFzZSUzQiUwQSU3RCUwQSUwQS5iYXJ0YXJ0LXRhYmxlJTIwaW1nJTNBaG92ZXIlMjAlN0IlMEElMjAlMjB0cmFuc2Zvcm0lM0ElMjBzY2FsZSUyODEuMDUlMjklM0IlMEElMjAlMjBib3gtc2hhZG93JTNBJTIwMCUyMDAlMjAxMHB4JTIwcmdiYSUyODE5OSUyQyUyMDE5MiUyQyUyMDU4JTJDJTIwMC41JTI5JTNCJTBBJTdEJTBBJTBBJTJGJTJBJTIwVGVzdGklMjAlMkElMkYlMEEuYmFydGFydC10YWJsZSUyMGgzJTIwJTdCJTBBJTIwJTIwbWFyZ2luJTNBJTIwMCUzQiUwQSUyMCUyMGZvbnQtc2l6ZSUzQSUyMDIycHglM0IlMEElMjAlMjBjb2xvciUzQSUyMCUyM2ZmZiUyMCUyMWltcG9ydGFudCUzQiUwQSUyMCUyMGxldHRlci1zcGFjaW5nJTNBJTIwMC41cHglM0IlMEElN0QlMEElMEEuYmFydGFydC10YWJsZSUyMGElMjAlN0IlMEElMjAlMjB0ZXh0LWRlY29yYXRpb24lM0ElMjBub25lJTNCJTBBJTIwJTIwY29sb3IlM0ElMjAlMjNmZmYlMjAlMjFpbXBvcnRhbnQlM0IlMEElN0QlMEElMEEuYmFydGFydC10YWJsZSUyMGElM0Fob3ZlciUyMGgzJTIwJTdCJTBBJTIwJTIwY29sb3IlM0ElMjAlMjNjN2MwM2ElMjAlMjFpbXBvcnRhbnQlM0IlMEElN0QlMEElMEElMkYlMkElMjBSZXNwb25zaXZlJTIwJTJBJTJGJTBBJTQwbWVkaWElMjAlMjhtYXgtd2lkdGglM0ElMjA3NjhweCUyOSUyMCU3QiUwQSUyMCUyMC5iYXJ0YXJ0LXRhYmxlJTIwdGQlMjAlN0IlMEElMjAlMjAlMjAlMjBkaXNwbGF5JTNBJTIwYmxvY2slM0IlMEElMjAlMjAlMjAlMjB3aWR0aCUzQSUyMDEwMCUyNSUzQiUwQSUyMCUyMCUyMCUyMHRleHQtYWxpZ24lM0ElMjBjZW50ZXIlM0IlMEElMjAlMjAlMjAlMjBib3JkZXItbGVmdCUzQSUyMG5vbmUlM0IlMEElMjAlMjAlMjAlMjBib3JkZXItcmlnaHQlM0ElMjBub25lJTNCJTBBJTIwJTIwJTdEJTBBJTIwJTIwLmJhcnRhcnQtdGFibGUlMjBpbWclMjAlN0IlMEElMjAlMjAlMjAlMjBtYXJnaW4tYm90dG9tJTNBJTIwMTBweCUzQiUwQSUyMCUyMCUyMCUyMHdpZHRoJTNBJTIwODAlMjUlM0IlMEElMjAlMjAlMjAlMjBtYXgtd2lkdGglM0ElMjAyNTBweCUzQiUwQSUyMCUyMCU3RCUwQSU3RCUwQSUzQyUyRnN0eWxlJTNFJTNDdGFibGUlMjBjbGFzcyUzRCUyMmJhcnRhcnQtdGFibGUlMjIlM0UlM0N0ciUzRSUzQ3RkJTNFJTNDaW1nJTIwc3JjJTNEJTIyaHR0cHMlM0ElMkYlMkZiYXJ0YXJ0Lml0JTJGd3AtY29udGVudCUyRnVwbG9hZHMlMkYyMDI1JTJGMTElMkZiQXJ0QXJ0LUNyZXRhLU9wZXJlLVBlcnNvbmFsaXp6YXRlLUljb25hX0x1bWFjYS5qcGclMjIlMjBhbHQlM0QlMjJDYXJhY29sJTIyJTNFJTNDJTJGdGQlM0UlMEElM0N0ZCUzRSUzQ2ElMjBocmVmJTNEJTIyaHR0cHMlM0ElMkYlMkZiYXJ0YXJ0Lml0JTJGZXMlMkZsdW1hY2ElMkYlMjIlM0UlM0NoMyUzRVNpbGVudGl1bSUyMElnbmlzJTIwJTI4RWwlMjBTaWxlbmNpbyUyMGRlbCUyMEZ1ZWdvJTI5JTIwLSUyMGhhZ2ElMjBjbGljJTIwYXF1JUMzJUFEJTIwcGFyYSUyMG9idGVuZXIlMjBtJUMzJUExcyUyMGRldGFsbGVzJTIwLSUyMCUyMCUzQyUyRmgzJTNFJTNDJTJGYSUzRSUzQyUyRnRkJTNFJTNDJTJGdHIlM0UlM0MlMkZ0YWJsZSUzRSUwQSUwQSUwQQ==[\/vc_raw_html][\/vc_column][\/vc_row]<\/p>\n","protected":false},"author":2,"featured_media":0,"parent":0,"menu_order":1,"comment_status":"closed","ping_status":"closed","template":"","meta":{"footnotes":""},"class_list":["post-7712","page","type-page","status-publish","hentry"],"yoast_head":"<!-- This site is optimized with the Yoast SEO plugin v26.8 - https:\/\/yoast.com\/product\/yoast-seo-wordpress\/ -->\n<title>Comisiones para espacios p\u00fablicos | Bartart<\/title>\n<meta name=\"description\" content=\"Objetos de arte para espacios privados y p\u00fablicos, dise\u00f1ados para dar identidad a hoteles, galer\u00edas, tiendas y espacios de dise\u00f1o.\" \/>\n<meta name=\"robots\" content=\"index, follow, max-snippet:-1, max-image-preview:large, max-video-preview:-1\" \/>\n<link rel=\"canonical\" href=\"https:\/\/bartart.it\/es\/comisiones-para-espacios-publicos\/\" \/>\n<meta property=\"og:locale\" content=\"es_ES\" \/>\n<meta property=\"og:type\" content=\"article\" \/>\n<meta property=\"og:title\" content=\"Comisiones para espacios p\u00fablicos | Bartart\" \/>\n<meta property=\"og:description\" content=\"Objetos de arte para espacios privados y p\u00fablicos, dise\u00f1ados para dar identidad a hoteles, galer\u00edas, tiendas y espacios de dise\u00f1o.\" \/>\n<meta property=\"og:url\" content=\"https:\/\/bartart.it\/es\/comisiones-para-espacios-publicos\/\" \/>\n<meta property=\"og:site_name\" content=\"Bartart\" \/>\n<meta property=\"article:publisher\" content=\"https:\/\/www.facebook.com\/profile.php?id=61582712773000&amp;sk=photos\" \/>\n<meta property=\"article:modified_time\" content=\"2026-05-05T10:33:05+00:00\" \/>\n<meta property=\"og:image\" content=\"https:\/\/bartart.it\/wp-content\/uploads\/2025\/10\/freepik__the-style-is-candid-image-photography-with-natural__46614.jpeg\" \/>\n\t<meta property=\"og:image:width\" content=\"896\" \/>\n\t<meta property=\"og:image:height\" content=\"1152\" \/>\n\t<meta property=\"og:image:type\" content=\"image\/jpeg\" \/>\n<meta name=\"twitter:card\" content=\"summary_large_image\" \/>\n<meta name=\"twitter:label1\" content=\"Tiempo de lectura\" \/>\n\t<meta name=\"twitter:data1\" content=\"1 minuto\" \/>\n<script type=\"application\/ld+json\" class=\"yoast-schema-graph\">{\"@context\":\"https:\/\/schema.org\",\"@graph\":[{\"@type\":\"WebPage\",\"@id\":\"https:\/\/bartart.it\/es\/comisiones-para-espacios-publicos\/\",\"url\":\"https:\/\/bartart.it\/es\/comisiones-para-espacios-publicos\/\",\"name\":\"Comisiones para espacios p\u00fablicos | Bartart\",\"isPartOf\":{\"@id\":\"https:\/\/bartart.it\/es\/#website\"},\"datePublished\":\"2025-11-05T10:21:11+00:00\",\"dateModified\":\"2026-05-05T10:33:05+00:00\",\"description\":\"Objetos de arte para espacios privados y p\u00fablicos, dise\u00f1ados para dar identidad a hoteles, galer\u00edas, tiendas y espacios de dise\u00f1o.\",\"breadcrumb\":{\"@id\":\"https:\/\/bartart.it\/es\/comisiones-para-espacios-publicos\/#breadcrumb\"},\"inLanguage\":\"es\",\"potentialAction\":[{\"@type\":\"ReadAction\",\"target\":[\"https:\/\/bartart.it\/es\/comisiones-para-espacios-publicos\/\"]}]},{\"@type\":\"BreadcrumbList\",\"@id\":\"https:\/\/bartart.it\/es\/comisiones-para-espacios-publicos\/#breadcrumb\",\"itemListElement\":[{\"@type\":\"ListItem\",\"position\":1,\"name\":\"Home\",\"item\":\"https:\/\/bartart.it\/es\/\"},{\"@type\":\"ListItem\",\"position\":2,\"name\":\"Espacios P\u00fablicos\"}]},{\"@type\":\"WebSite\",\"@id\":\"https:\/\/bartart.it\/es\/#website\",\"url\":\"https:\/\/bartart.it\/es\/\",\"name\":\"bArtArt\",\"description\":\"Scultura in Creta su Misura\",\"publisher\":{\"@id\":\"https:\/\/bartart.it\/es\/#\/schema\/person\/9b4776c2ef49b485779b948861bbfcaf\"},\"alternateName\":\"Sculture in Creta Personalizzate | bArtArt\",\"potentialAction\":[{\"@type\":\"SearchAction\",\"target\":{\"@type\":\"EntryPoint\",\"urlTemplate\":\"https:\/\/bartart.it\/es\/?s={search_term_string}\"},\"query-input\":{\"@type\":\"PropertyValueSpecification\",\"valueRequired\":true,\"valueName\":\"search_term_string\"}}],\"inLanguage\":\"es\"},{\"@type\":[\"Person\",\"Organization\"],\"@id\":\"https:\/\/bartart.it\/es\/#\/schema\/person\/9b4776c2ef49b485779b948861bbfcaf\",\"name\":\"Daniele Bartoli\",\"image\":{\"@type\":\"ImageObject\",\"inLanguage\":\"es\",\"@id\":\"https:\/\/bartart.it\/es\/#\/schema\/person\/image\/\",\"url\":\"https:\/\/bartart.it\/wp-content\/uploads\/2025\/05\/Logo200x200ca-3.jpg\",\"contentUrl\":\"https:\/\/bartart.it\/wp-content\/uploads\/2025\/05\/Logo200x200ca-3.jpg\",\"width\":180,\"height\":76,\"caption\":\"Daniele Bartoli\"},\"logo\":{\"@id\":\"https:\/\/bartart.it\/es\/#\/schema\/person\/image\/\"},\"sameAs\":[\"http:\/\/bartart.it\",\"https:\/\/www.facebook.com\/profile.php?id=61582712773000&sk=photos\",\"https:\/\/www.instagram.com\/bartoli.daniele\/\",\"https:\/\/it.pinterest.com\/bartartscultureincretapersonal\/\",\"https:\/\/studio.youtube.com\/channel\/UC6ShOq_jGblxgQFWzYJNbrQ\"]}]}<\/script>\n<!-- \/ Yoast SEO plugin. -->","yoast_head_json":{"title":"Comisiones para espacios p\u00fablicos | Bartart","description":"Objetos de arte para espacios privados y p\u00fablicos, dise\u00f1ados para dar identidad a hoteles, galer\u00edas, tiendas y espacios de dise\u00f1o.","robots":{"index":"index","follow":"follow","max-snippet":"max-snippet:-1","max-image-preview":"max-image-preview:large","max-video-preview":"max-video-preview:-1"},"canonical":"https:\/\/bartart.it\/es\/comisiones-para-espacios-publicos\/","og_locale":"es_ES","og_type":"article","og_title":"Comisiones para espacios p\u00fablicos | Bartart","og_description":"Objetos de arte para espacios privados y p\u00fablicos, dise\u00f1ados para dar identidad a hoteles, galer\u00edas, tiendas y espacios de dise\u00f1o.","og_url":"https:\/\/bartart.it\/es\/comisiones-para-espacios-publicos\/","og_site_name":"Bartart","article_publisher":"https:\/\/www.facebook.com\/profile.php?id=61582712773000&sk=photos","article_modified_time":"2026-05-05T10:33:05+00:00","og_image":[{"width":896,"height":1152,"url":"https:\/\/bartart.it\/wp-content\/uploads\/2025\/10\/freepik__the-style-is-candid-image-photography-with-natural__46614.jpeg","type":"image\/jpeg"}],"twitter_card":"summary_large_image","twitter_misc":{"Tiempo de lectura":"1 minuto"},"schema":{"@context":"https:\/\/schema.org","@graph":[{"@type":"WebPage","@id":"https:\/\/bartart.it\/es\/comisiones-para-espacios-publicos\/","url":"https:\/\/bartart.it\/es\/comisiones-para-espacios-publicos\/","name":"Comisiones para espacios p\u00fablicos | Bartart","isPartOf":{"@id":"https:\/\/bartart.it\/es\/#website"},"datePublished":"2025-11-05T10:21:11+00:00","dateModified":"2026-05-05T10:33:05+00:00","description":"Objetos de arte para espacios privados y p\u00fablicos, dise\u00f1ados para dar identidad a hoteles, galer\u00edas, tiendas y espacios de dise\u00f1o.","breadcrumb":{"@id":"https:\/\/bartart.it\/es\/comisiones-para-espacios-publicos\/#breadcrumb"},"inLanguage":"es","potentialAction":[{"@type":"ReadAction","target":["https:\/\/bartart.it\/es\/comisiones-para-espacios-publicos\/"]}]},{"@type":"BreadcrumbList","@id":"https:\/\/bartart.it\/es\/comisiones-para-espacios-publicos\/#breadcrumb","itemListElement":[{"@type":"ListItem","position":1,"name":"Home","item":"https:\/\/bartart.it\/es\/"},{"@type":"ListItem","position":2,"name":"Espacios P\u00fablicos"}]},{"@type":"WebSite","@id":"https:\/\/bartart.it\/es\/#website","url":"https:\/\/bartart.it\/es\/","name":"bArtArt","description":"Scultura in Creta su Misura","publisher":{"@id":"https:\/\/bartart.it\/es\/#\/schema\/person\/9b4776c2ef49b485779b948861bbfcaf"},"alternateName":"Sculture in Creta Personalizzate | bArtArt","potentialAction":[{"@type":"SearchAction","target":{"@type":"EntryPoint","urlTemplate":"https:\/\/bartart.it\/es\/?s={search_term_string}"},"query-input":{"@type":"PropertyValueSpecification","valueRequired":true,"valueName":"search_term_string"}}],"inLanguage":"es"},{"@type":["Person","Organization"],"@id":"https:\/\/bartart.it\/es\/#\/schema\/person\/9b4776c2ef49b485779b948861bbfcaf","name":"Daniele Bartoli","image":{"@type":"ImageObject","inLanguage":"es","@id":"https:\/\/bartart.it\/es\/#\/schema\/person\/image\/","url":"https:\/\/bartart.it\/wp-content\/uploads\/2025\/05\/Logo200x200ca-3.jpg","contentUrl":"https:\/\/bartart.it\/wp-content\/uploads\/2025\/05\/Logo200x200ca-3.jpg","width":180,"height":76,"caption":"Daniele Bartoli"},"logo":{"@id":"https:\/\/bartart.it\/es\/#\/schema\/person\/image\/"},"sameAs":["http:\/\/bartart.it","https:\/\/www.facebook.com\/profile.php?id=61582712773000&sk=photos","https:\/\/www.instagram.com\/bartoli.daniele\/","https:\/\/it.pinterest.com\/bartartscultureincretapersonal\/","https:\/\/studio.youtube.com\/channel\/UC6ShOq_jGblxgQFWzYJNbrQ"]}]}},"_links":{"self":[{"href":"https:\/\/bartart.it\/es\/wp-json\/wp\/v2\/pages\/7712","targetHints":{"allow":["GET"]}}],"collection":[{"href":"https:\/\/bartart.it\/es\/wp-json\/wp\/v2\/pages"}],"about":[{"href":"https:\/\/bartart.it\/es\/wp-json\/wp\/v2\/types\/page"}],"author":[{"embeddable":true,"href":"https:\/\/bartart.it\/es\/wp-json\/wp\/v2\/users\/2"}],"replies":[{"embeddable":true,"href":"https:\/\/bartart.it\/es\/wp-json\/wp\/v2\/comments?post=7712"}],"version-history":[{"count":4,"href":"https:\/\/bartart.it\/es\/wp-json\/wp\/v2\/pages\/7712\/revisions"}],"predecessor-version":[{"id":7945,"href":"https:\/\/bartart.it\/es\/wp-json\/wp\/v2\/pages\/7712\/revisions\/7945"}],"wp:attachment":[{"href":"https:\/\/bartart.it\/es\/wp-json\/wp\/v2\/media?parent=7712"}],"curies":[{"name":"wp","href":"https:\/\/api.w.org\/{rel}","templated":true}]}}