{"id":7724,"date":"2025-05-19T17:32:29","date_gmt":"2025-05-19T15:32:29","guid":{"rendered":"https:\/\/bartart.it\/detalles-alienigenas\/"},"modified":"2026-05-05T12:36:33","modified_gmt":"2026-05-05T10:36:33","slug":"detalles-alienigenas","status":"publish","type":"page","link":"https:\/\/bartart.it\/es\/detalles-alienigenas\/","title":{"rendered":"Detalles Alien\u00edgenas"},"content":{"rendered":"<div class=\"wpb-content-wrapper\"><p>[vc_row full_width=\u00bbstretch_row\u00bb css=\u00bb.vc_custom_1761839615022{padding-top: 20px !important;padding-right: 20% !important;padding-bottom: 20px !important;padding-left: 20% !important;background-color: #000000 !important;}\u00bb][vc_column css=\u00bb.vc_custom_1761822807202{background-color: #000000 !important;}\u00bb][vc_custom_heading text=\u00bbEscultura de arcilla alien\u00edgena\u00bb font_container=\u00bbtag:h1|text_align:left\u00bb css=\u00bb\u00bb][vc_empty_space][vc_single_image image=\u00bb7718&#8243; img_size=\u00bbfull\u00bb alignment=\u00bbcenter\u00bb onclick=\u00bblink_image\u00bb css_animation=\u00bbfadeIn\u00bb css=\u00bb.vc_custom_1762593552966{background-color: #000000 !important;}\u00bb title=\u00bbbLACk FeAR\u00bb][vc_empty_space][vc_column_text css=\u00bb.vc_custom_1762595871837{background-color: #000000 !important;}\u00bb]<\/p>\n<p style=\"text-align: justify;\">Esta escultura representa una fiel interpretaci\u00f3n de uno de los personajes m\u00e1s ic\u00f3nicos de la ciencia ficci\u00f3n: el Alien. Completamente hecha a mano, la cabeza est\u00e1 modelada en arcilla, con detalles minuciosamente elaborados que capturan la esencia inquietante y misteriosa del personaje. La t\u00e9cnica de creaci\u00f3n incluye el uso de materiales inusuales como cart\u00f3n, silicona y madera.<\/p>\n<p>La escultura es perfecta para exhibirla en cualquier ambiente. La cabeza est\u00e1 pintada de negro, con un toque de pintura reflectante que le confiere un aspecto casi fantasmal, reflejando la superficie brillante y amenazante del famoso Alien de las pel\u00edculas. Cada curva y arruga de la escultura fue dise\u00f1ada para emular los rasgos distintivos de la criatura, mientras que el reflejo de la pintura negra capta la luz de una manera \u00fanica, enfatizando su apariencia alien\u00edgena.<\/p>\n<p>Como alternativa, puede optar por la escultura sin pintar, conservando as\u00ed el encanto natural de la arcilla cruda, que le confiere una belleza primigenia y una textura \u00fanica. La versi\u00f3n sin pintar suele resaltar la maestr\u00eda artesanal y las caracter\u00edsticas del material utilizado, a\u00f1adiendo un toque m\u00e1s r\u00fastico y aut\u00e9ntico a la obra.<\/p>\n<p>Esta escultura no solo rinde homenaje al personaje de la pel\u00edcula, sino que tambi\u00e9n demuestra la dedicaci\u00f3n y las horas de trabajo necesarias para alcanzar tal nivel de detalle y precisi\u00f3n. Una obra que no solo cautiva por su belleza art\u00edstica, sino que tambi\u00e9n refleja la pasi\u00f3n y el esfuerzo que hay detr\u00e1s de cada pincelada.[\/vc_column_text][\/vc_column][\/vc_row][vc_row][vc_column][\/vc_column][\/vc_row][vc_row full_width=\u00bbstretch_row\u00bb css=\u00bb.vc_custom_1762761426908{background-color: #000000 !important;}\u00bb][vc_column width=\u00bb1\/2&#8243;][vc_raw_html css=\u00bb\u00bb]PHVsIHN0eWxlPSJmb250LXNpemU6IDIwcHg7IHdpZHRoOiBmaXQtY29udGVudDsgbWFyZ2luOiAwIGF1dG87IHBhZGRpbmctbGVmdDogMDsiPgogIDxsaT48c3Ryb25nPk5PTUU6PC9zdHJvbmc+IEJsYWNrIEZlYXI8L2xpPgogIDxsaT5GRUNIQTogZGljaWVtYnJlIGRlIDIwMTM8L2xpPgogIDxsaT5NQVRFUklBTEVTOiBBcmNpbGxhL0NhcnTDs248L2xpPgogIDxsaT5QRVNPOiAxLDIga2c8L2xpPgogIDxsaT5BbHR1cmE6IDggY208L2xpPgogIDxsaT5Qcm9mdW5kaWRhZDogMTUgY208L2xpPgogIDxsaT5Hcm9zb3I6IDUgY208L2xpPgo8L3VsPg==[\/vc_raw_html][\/vc_column][vc_column width=\u00bb1\/2&#8243;][vc_btn title=\u00bbNo se encuentra disponible el documento PDF de esta obra.\u00bb align=\u00bbright\u00bb css=\u00bb.vc_custom_1765458438564{border-bottom-width: 40px !important;padding-top: 40px !important;}\u00bb link=\u00bburl:https%3A%2F%2Fbartart.it%2Fwp-content%2Fuploads%2F2025%2F12%2FTeast_Scheda_Alien_V.0.5.pdf|target:_blank|\u00bb][\/vc_column][\/vc_row][vc_row][vc_column][\/vc_column][\/vc_row][vc_row full_width=\u00bbstretch_row\u00bb css=\u00bb.vc_custom_1769178015808{background-color: #000000 !important;border-color: #000000 !important;}\u00bb][vc_column css=\u00bb.vc_custom_1769176157551{background-color: #000000 !important;border-color: #000000 !important;}\u00bb][vc_single_image image=\u00bb7720&#8243; img_size=\u00bbfull\u00bb alignment=\u00bbcenter\u00bb css=\u00bb.vc_custom_1769176066903{background-color: #000000 !important;border-color: #000000 !important;}\u00bb][\/vc_column][\/vc_row]<\/p>\n<\/div>","protected":false},"excerpt":{"rendered":"<p>[vc_row full_width=\u00bbstretch_row\u00bb css=\u00bb.vc_custom_1761839615022{padding-top: 20px !important;padding-right: 20% !important;padding-bottom: 20px !important;padding-left: 20% !important;background-color: #000000 !important;}\u00bb][vc_column css=\u00bb.vc_custom_1761822807202{background-color: #000000 !important;}\u00bb][vc_custom_heading text=\u00bbEscultura de arcilla alien\u00edgena\u00bb font_container=\u00bbtag:h1|text_align:left\u00bb css=\u00bb\u00bb][vc_empty_space][vc_single_image image=\u00bb7718&#8243; img_size=\u00bbfull\u00bb alignment=\u00bbcenter\u00bb onclick=\u00bblink_image\u00bb css_animation=\u00bbfadeIn\u00bb css=\u00bb.vc_custom_1762593552966{background-color: #000000 !important;}\u00bb title=\u00bbbLACk FeAR\u00bb][vc_empty_space][vc_column_text css=\u00bb.vc_custom_1762595871837{background-color: #000000 !important;}\u00bb] Esta escultura representa una fiel interpretaci\u00f3n de uno de los personajes m\u00e1s ic\u00f3nicos de la ciencia ficci\u00f3n: el Alien. Completamente [&hellip;]<\/p>\n","protected":false},"author":2,"featured_media":0,"parent":0,"menu_order":3,"comment_status":"closed","ping_status":"closed","template":"","meta":{"footnotes":""},"class_list":["post-7724","page","type-page","status-publish","hentry"],"yoast_head":"<!-- This site is optimized with the Yoast SEO plugin v26.8 - https:\/\/yoast.com\/product\/yoast-seo-wordpress\/ -->\n<title>Detalles Alien\u00edgenas | Bartart<\/title>\n<meta name=\"description\" content=\"Escultura artesanal de arcilla con forma de cabeza de alien\u00edgena, inspirada en la ic\u00f3nica criatura de ciencia ficci\u00f3n. Modelada con meticuloso detalle y acabada con pintura negra brillante reflectante para recrear el aspecto inquietante y org\u00e1nico del Xenomorfo. Tambi\u00e9n disponible en versi\u00f3n natural para mostrar la textura propia de la arcilla. Perfecta como pieza decorativa para amantes del terror, la ciencia ficci\u00f3n y coleccionistas.\" \/>\n<meta name=\"robots\" content=\"index, follow, max-snippet:-1, max-image-preview:large, max-video-preview:-1\" \/>\n<link rel=\"canonical\" href=\"https:\/\/bartart.it\/es\/detalles-alienigenas\/\" \/>\n<meta property=\"og:locale\" content=\"es_ES\" \/>\n<meta property=\"og:type\" content=\"article\" \/>\n<meta property=\"og:title\" content=\"Detalles Alien\u00edgenas | Bartart\" \/>\n<meta property=\"og:description\" content=\"Escultura artesanal de arcilla con forma de cabeza de alien\u00edgena, inspirada en la ic\u00f3nica criatura de ciencia ficci\u00f3n. Modelada con meticuloso detalle y acabada con pintura negra brillante reflectante para recrear el aspecto inquietante y org\u00e1nico del Xenomorfo. Tambi\u00e9n disponible en versi\u00f3n natural para mostrar la textura propia de la arcilla. Perfecta como pieza decorativa para amantes del terror, la ciencia ficci\u00f3n y coleccionistas.\" \/>\n<meta property=\"og:url\" content=\"https:\/\/bartart.it\/es\/detalles-alienigenas\/\" \/>\n<meta property=\"og:site_name\" content=\"Bartart\" \/>\n<meta property=\"article:publisher\" content=\"https:\/\/www.facebook.com\/profile.php?id=61582712773000&amp;sk=photos\" \/>\n<meta property=\"article:modified_time\" content=\"2026-05-05T10:36:33+00:00\" \/>\n<meta property=\"og:image\" content=\"https:\/\/bartart.it\/wp-content\/uploads\/2025\/10\/freepik__the-style-is-candid-image-photography-with-natural__46614.jpeg\" \/>\n\t<meta property=\"og:image:width\" content=\"896\" \/>\n\t<meta property=\"og:image:height\" content=\"1152\" \/>\n\t<meta property=\"og:image:type\" content=\"image\/jpeg\" \/>\n<meta name=\"twitter:card\" content=\"summary_large_image\" \/>\n<meta name=\"twitter:label1\" content=\"Tiempo de lectura\" \/>\n\t<meta name=\"twitter:data1\" content=\"2 minutos\" \/>\n<script type=\"application\/ld+json\" class=\"yoast-schema-graph\">{\"@context\":\"https:\/\/schema.org\",\"@graph\":[{\"@type\":\"WebPage\",\"@id\":\"https:\/\/bartart.it\/es\/detalles-alienigenas\/\",\"url\":\"https:\/\/bartart.it\/es\/detalles-alienigenas\/\",\"name\":\"Detalles Alien\u00edgenas | Bartart\",\"isPartOf\":{\"@id\":\"https:\/\/bartart.it\/es\/#website\"},\"datePublished\":\"2025-05-19T15:32:29+00:00\",\"dateModified\":\"2026-05-05T10:36:33+00:00\",\"description\":\"Escultura artesanal de arcilla con forma de cabeza de alien\u00edgena, inspirada en la ic\u00f3nica criatura de ciencia ficci\u00f3n. Modelada con meticuloso detalle y acabada con pintura negra brillante reflectante para recrear el aspecto inquietante y org\u00e1nico del Xenomorfo. Tambi\u00e9n disponible en versi\u00f3n natural para mostrar la textura propia de la arcilla. Perfecta como pieza decorativa para amantes del terror, la ciencia ficci\u00f3n y coleccionistas.\",\"breadcrumb\":{\"@id\":\"https:\/\/bartart.it\/es\/detalles-alienigenas\/#breadcrumb\"},\"inLanguage\":\"es\",\"potentialAction\":[{\"@type\":\"ReadAction\",\"target\":[\"https:\/\/bartart.it\/es\/detalles-alienigenas\/\"]}]},{\"@type\":\"BreadcrumbList\",\"@id\":\"https:\/\/bartart.it\/es\/detalles-alienigenas\/#breadcrumb\",\"itemListElement\":[{\"@type\":\"ListItem\",\"position\":1,\"name\":\"Home\",\"item\":\"https:\/\/bartart.it\/es\/\"},{\"@type\":\"ListItem\",\"position\":2,\"name\":\"Obra Alien\u00edgena\"}]},{\"@type\":\"WebSite\",\"@id\":\"https:\/\/bartart.it\/es\/#website\",\"url\":\"https:\/\/bartart.it\/es\/\",\"name\":\"bArtArt\",\"description\":\"Scultura in Creta su Misura\",\"publisher\":{\"@id\":\"https:\/\/bartart.it\/es\/#\/schema\/person\/9b4776c2ef49b485779b948861bbfcaf\"},\"alternateName\":\"Sculture in Creta Personalizzate | bArtArt\",\"potentialAction\":[{\"@type\":\"SearchAction\",\"target\":{\"@type\":\"EntryPoint\",\"urlTemplate\":\"https:\/\/bartart.it\/es\/?s={search_term_string}\"},\"query-input\":{\"@type\":\"PropertyValueSpecification\",\"valueRequired\":true,\"valueName\":\"search_term_string\"}}],\"inLanguage\":\"es\"},{\"@type\":[\"Person\",\"Organization\"],\"@id\":\"https:\/\/bartart.it\/es\/#\/schema\/person\/9b4776c2ef49b485779b948861bbfcaf\",\"name\":\"Daniele Bartoli\",\"image\":{\"@type\":\"ImageObject\",\"inLanguage\":\"es\",\"@id\":\"https:\/\/bartart.it\/es\/#\/schema\/person\/image\/\",\"url\":\"https:\/\/bartart.it\/wp-content\/uploads\/2025\/05\/Logo200x200ca-3.jpg\",\"contentUrl\":\"https:\/\/bartart.it\/wp-content\/uploads\/2025\/05\/Logo200x200ca-3.jpg\",\"width\":180,\"height\":76,\"caption\":\"Daniele Bartoli\"},\"logo\":{\"@id\":\"https:\/\/bartart.it\/es\/#\/schema\/person\/image\/\"},\"sameAs\":[\"http:\/\/bartart.it\",\"https:\/\/www.facebook.com\/profile.php?id=61582712773000&sk=photos\",\"https:\/\/www.instagram.com\/bartoli.daniele\/\",\"https:\/\/it.pinterest.com\/bartartscultureincretapersonal\/\",\"https:\/\/studio.youtube.com\/channel\/UC6ShOq_jGblxgQFWzYJNbrQ\"]}]}<\/script>\n<!-- \/ Yoast SEO plugin. -->","yoast_head_json":{"title":"Detalles Alien\u00edgenas | Bartart","description":"Escultura artesanal de arcilla con forma de cabeza de alien\u00edgena, inspirada en la ic\u00f3nica criatura de ciencia ficci\u00f3n. Modelada con meticuloso detalle y acabada con pintura negra brillante reflectante para recrear el aspecto inquietante y org\u00e1nico del Xenomorfo. Tambi\u00e9n disponible en versi\u00f3n natural para mostrar la textura propia de la arcilla. Perfecta como pieza decorativa para amantes del terror, la ciencia ficci\u00f3n y coleccionistas.","robots":{"index":"index","follow":"follow","max-snippet":"max-snippet:-1","max-image-preview":"max-image-preview:large","max-video-preview":"max-video-preview:-1"},"canonical":"https:\/\/bartart.it\/es\/detalles-alienigenas\/","og_locale":"es_ES","og_type":"article","og_title":"Detalles Alien\u00edgenas | Bartart","og_description":"Escultura artesanal de arcilla con forma de cabeza de alien\u00edgena, inspirada en la ic\u00f3nica criatura de ciencia ficci\u00f3n. Modelada con meticuloso detalle y acabada con pintura negra brillante reflectante para recrear el aspecto inquietante y org\u00e1nico del Xenomorfo. Tambi\u00e9n disponible en versi\u00f3n natural para mostrar la textura propia de la arcilla. Perfecta como pieza decorativa para amantes del terror, la ciencia ficci\u00f3n y coleccionistas.","og_url":"https:\/\/bartart.it\/es\/detalles-alienigenas\/","og_site_name":"Bartart","article_publisher":"https:\/\/www.facebook.com\/profile.php?id=61582712773000&sk=photos","article_modified_time":"2026-05-05T10:36:33+00:00","og_image":[{"width":896,"height":1152,"url":"https:\/\/bartart.it\/wp-content\/uploads\/2025\/10\/freepik__the-style-is-candid-image-photography-with-natural__46614.jpeg","type":"image\/jpeg"}],"twitter_card":"summary_large_image","twitter_misc":{"Tiempo de lectura":"2 minutos"},"schema":{"@context":"https:\/\/schema.org","@graph":[{"@type":"WebPage","@id":"https:\/\/bartart.it\/es\/detalles-alienigenas\/","url":"https:\/\/bartart.it\/es\/detalles-alienigenas\/","name":"Detalles Alien\u00edgenas | Bartart","isPartOf":{"@id":"https:\/\/bartart.it\/es\/#website"},"datePublished":"2025-05-19T15:32:29+00:00","dateModified":"2026-05-05T10:36:33+00:00","description":"Escultura artesanal de arcilla con forma de cabeza de alien\u00edgena, inspirada en la ic\u00f3nica criatura de ciencia ficci\u00f3n. Modelada con meticuloso detalle y acabada con pintura negra brillante reflectante para recrear el aspecto inquietante y org\u00e1nico del Xenomorfo. Tambi\u00e9n disponible en versi\u00f3n natural para mostrar la textura propia de la arcilla. Perfecta como pieza decorativa para amantes del terror, la ciencia ficci\u00f3n y coleccionistas.","breadcrumb":{"@id":"https:\/\/bartart.it\/es\/detalles-alienigenas\/#breadcrumb"},"inLanguage":"es","potentialAction":[{"@type":"ReadAction","target":["https:\/\/bartart.it\/es\/detalles-alienigenas\/"]}]},{"@type":"BreadcrumbList","@id":"https:\/\/bartart.it\/es\/detalles-alienigenas\/#breadcrumb","itemListElement":[{"@type":"ListItem","position":1,"name":"Home","item":"https:\/\/bartart.it\/es\/"},{"@type":"ListItem","position":2,"name":"Obra Alien\u00edgena"}]},{"@type":"WebSite","@id":"https:\/\/bartart.it\/es\/#website","url":"https:\/\/bartart.it\/es\/","name":"bArtArt","description":"Scultura in Creta su Misura","publisher":{"@id":"https:\/\/bartart.it\/es\/#\/schema\/person\/9b4776c2ef49b485779b948861bbfcaf"},"alternateName":"Sculture in Creta Personalizzate | bArtArt","potentialAction":[{"@type":"SearchAction","target":{"@type":"EntryPoint","urlTemplate":"https:\/\/bartart.it\/es\/?s={search_term_string}"},"query-input":{"@type":"PropertyValueSpecification","valueRequired":true,"valueName":"search_term_string"}}],"inLanguage":"es"},{"@type":["Person","Organization"],"@id":"https:\/\/bartart.it\/es\/#\/schema\/person\/9b4776c2ef49b485779b948861bbfcaf","name":"Daniele Bartoli","image":{"@type":"ImageObject","inLanguage":"es","@id":"https:\/\/bartart.it\/es\/#\/schema\/person\/image\/","url":"https:\/\/bartart.it\/wp-content\/uploads\/2025\/05\/Logo200x200ca-3.jpg","contentUrl":"https:\/\/bartart.it\/wp-content\/uploads\/2025\/05\/Logo200x200ca-3.jpg","width":180,"height":76,"caption":"Daniele Bartoli"},"logo":{"@id":"https:\/\/bartart.it\/es\/#\/schema\/person\/image\/"},"sameAs":["http:\/\/bartart.it","https:\/\/www.facebook.com\/profile.php?id=61582712773000&sk=photos","https:\/\/www.instagram.com\/bartoli.daniele\/","https:\/\/it.pinterest.com\/bartartscultureincretapersonal\/","https:\/\/studio.youtube.com\/channel\/UC6ShOq_jGblxgQFWzYJNbrQ"]}]}},"_links":{"self":[{"href":"https:\/\/bartart.it\/es\/wp-json\/wp\/v2\/pages\/7724","targetHints":{"allow":["GET"]}}],"collection":[{"href":"https:\/\/bartart.it\/es\/wp-json\/wp\/v2\/pages"}],"about":[{"href":"https:\/\/bartart.it\/es\/wp-json\/wp\/v2\/types\/page"}],"author":[{"embeddable":true,"href":"https:\/\/bartart.it\/es\/wp-json\/wp\/v2\/users\/2"}],"replies":[{"embeddable":true,"href":"https:\/\/bartart.it\/es\/wp-json\/wp\/v2\/comments?post=7724"}],"version-history":[{"count":5,"href":"https:\/\/bartart.it\/es\/wp-json\/wp\/v2\/pages\/7724\/revisions"}],"predecessor-version":[{"id":8057,"href":"https:\/\/bartart.it\/es\/wp-json\/wp\/v2\/pages\/7724\/revisions\/8057"}],"wp:attachment":[{"href":"https:\/\/bartart.it\/es\/wp-json\/wp\/v2\/media?parent=7724"}],"curies":[{"name":"wp","href":"https:\/\/api.w.org\/{rel}","templated":true}]}}