{"id":7734,"date":"2025-10-16T16:43:04","date_gmt":"2025-10-16T14:43:04","guid":{"rendered":"https:\/\/bartart.it\/detalles-del-camaleon\/"},"modified":"2026-05-05T12:43:01","modified_gmt":"2026-05-05T10:43:01","slug":"detalles-del-camaleon","status":"publish","type":"page","link":"https:\/\/bartart.it\/es\/detalles-del-camaleon\/","title":{"rendered":"Detalles del camale\u00f3n"},"content":{"rendered":"<div class=\"wpb-content-wrapper\"><p>[vc_row full_width=\u00bbstretch_row\u00bb css=\u00bb.vc_custom_1761841410808{margin-top: 0px !important;margin-right: 0px !important;margin-bottom: 0px !important;margin-left: 0px !important;padding-top: 20px !important;padding-right: 20% !important;padding-bottom: 20px !important;padding-left: 20% !important;background-color: #000000 !important;}\u00bb][vc_column css=\u00bb.vc_custom_1760968453107{margin-top: 0px !important;margin-bottom: 0px !important;padding-top: 0px !important;padding-bottom: 0px !important;}\u00bb][vc_custom_heading text=\u00bbCamale\u00f3n, obra en arcilla \u00bb font_container=\u00bbtag:h1|text_align:center\u00bb google_fonts=\u00bbfont_family:ABeeZee%3Aregular%2Citalic|font_style:400%20regular%3A400%3Anormal\u00bb css=\u00bb\u00bb][vc_empty_space][vc_single_image image=\u00bb7731&#8243; img_size=\u00bbfull\u00bb alignment=\u00bbcenter\u00bb onclick=\u00bblink_image\u00bb css_animation=\u00bbfadeIn\u00bb css=\u00bb\u00bb title=\u00bbMIMETISMO EN VIVO\u00bb][vc_empty_space][vc_column_text css_animation=\u00bbnone\u00bb css=\u00bb\u00bb]<\/p>\n<pre><\/pre>\n<p style=\"text-align: justify;\">Mimetismo Vivo es m\u00e1s que una escultura: es un ejercicio de metamorfosis, un experimento art\u00edstico que combina t\u00e9cnica, ingenio y naturaleza en una obra visualmente impactante. Realizada con materiales sencillos \u2014madera, alambre, cinta adhesiva y cart\u00f3n\u2014, esta escultura representa a un camale\u00f3n inmerso en su entorno, articulado y vivo, como si estuviera atrapado en medio de un movimiento silencioso.<\/p>\n<p style=\"text-align: justify;\">El cuerpo sinuoso y segmentado, elaborado con esmero y atenci\u00f3n al detalle, resalta la adaptabilidad del sujeto, mientras que su integraci\u00f3n con el entorno demuestra la versatilidad de la t\u00e9cnica escult\u00f3rica empleada. Aqu\u00ed, el arte no se limita a la forma: se extiende al espacio, creando una composici\u00f3n tridimensional que da vida a una peque\u00f1a escena de naturaleza suspendida.<\/p>\n<p>Este trabajo representa un paso adelante en la experimentaci\u00f3n con materiales: <strong>No solo una figura, sino un ecosistema en miniatura.<\/strong> que invita al observador a explorar cada rinc\u00f3n y superficie, siguiendo al camale\u00f3n en su silencioso camuflaje.[\/vc_column_text][\/vc_column][\/vc_row][vc_row][vc_column][\/vc_column][\/vc_row][vc_row full_width=\u00bbstretch_row\u00bb css=\u00bb.vc_custom_1762763333876{background-color: #000000 !important;}\u00bb][vc_column width=\u00bb1\/2&#8243;][vc_raw_html css=\u00bb\u00bb]PHVsIHN0eWxlPSJmb250LXNpemU6IDIwcHg7IHdpZHRoOiBmaXQtY29udGVudDsgbWFyZ2luOiAwIGF1dG87IHBhZGRpbmctbGVmdDogMDsiPgogIDxsaT5Ob21icmUgZGUgbGEgb2JyYTogTWltZXRpc21vIHZpdmllbnRlPC9saT4KICA8bGk+QW5jaG86IDIwIGNtPC9saT4KICA8bGk+QWx0dXJhOiAyMiBjbTwvbGk+CiAgPGxpPlByb2Z1bmRpZGFkOiAyNyBjbTwvbGk+CiAgPGxpPjxzdHJvbmc+UGVzbzo8L3N0cm9uZz4gMSwxIEtnPC9saT4KICA8bGk+RmVjaGE6IGFicmlsIGRlIDIwMjQ8L2xpPgo8L3VsPgo=[\/vc_raw_html][\/vc_column][vc_column width=\u00bb1\/2&#8243;][vc_btn title=\u00bbNo se encuentra disponible el documento PDF de esta obra.\u00bb align=\u00bbright\u00bb css=\u00bb.vc_custom_1765461700067{padding-top: 40px !important;padding-bottom: 40px !important;}\u00bb link=\u00bburl:https%3A%2F%2Fbartart.it%2Fwp-content%2Fuploads%2F2025%2F12%2FTeast_Scheda_Mimetismo-Vivo_V.0.5.pdf|target:_blank|\u00bb][\/vc_column][\/vc_row][vc_row][vc_column][\/vc_column][\/vc_row][vc_row full_width=\u00bbstretch_row\u00bb css=\u00bb.vc_custom_1769176404892{background-color: #000000 !important;border-color: #000000 !important;}\u00bb][vc_column][vc_single_image image=\u00bb7732&#8243; img_size=\u00bbfull\u00bb alignment=\u00bbcenter\u00bb css=\u00bb\u00bb][\/vc_column][\/vc_row]<\/p>\n<\/div>","protected":false},"excerpt":{"rendered":"<p>[vc_row full_width=\u00bbstretch_row\u00bb css=\u00bb.vc_custom_1761841410808{margin-top: 0px !important;margin-right: 0px !important;margin-bottom: 0px !important;margin-left: 0px !important;padding-top: 20px !important;padding-right: 20% !important;padding-bottom: 20px !important;padding-left: 20% !important;background-color: #000000 !important;}\u00bb][vc_column css=\u00bb.vc_custom_1760968453107{margin-top: 0px !important;margin-bottom: 0px !important;padding-top: 0px !important;padding-bottom: 0px !important;}\u00bb][vc_custom_heading text=\u00bbCamale\u00f3n, obra en arcilla \u00bb font_container=\u00bbtag:h1|text_align:center\u00bb google_fonts=\u00bbfont_family:ABeeZee%3Aregular%2Citalic|font_style:400%20regular%3A400%3Anormal\u00bb css=\u00bb\u00bb][vc_empty_space][vc_single_image image=\u00bb7731&#8243; img_size=\u00bbfull\u00bb alignment=\u00bbcenter\u00bb onclick=\u00bblink_image\u00bb css_animation=\u00bbfadeIn\u00bb css=\u00bb\u00bb title=\u00bbMIMETISMO EN VIVO\u00bb][vc_empty_space][vc_column_text css_animation=\u00bbnone\u00bb css=\u00bb\u00bb] Mimetismo Vivo es m\u00e1s que una [&hellip;]<\/p>\n","protected":false},"author":2,"featured_media":0,"parent":0,"menu_order":3,"comment_status":"closed","ping_status":"closed","template":"","meta":{"footnotes":""},"class_list":["post-7734","page","type-page","status-publish","hentry"],"yoast_head":"<!-- This site is optimized with the Yoast SEO plugin v26.8 - https:\/\/yoast.com\/product\/yoast-seo-wordpress\/ -->\n<title>Detalles del camale\u00f3n | Bartart<\/title>\n<meta name=\"description\" content=\"Escultura de camale\u00f3n hecha a mano con madera, alambre y cart\u00f3n. Esta pieza tridimensional independiente combina arte y naturaleza, convirti\u00e9ndose en la decoraci\u00f3n original perfecta para espacios contempor\u00e1neos.\" \/>\n<meta name=\"robots\" content=\"index, follow, max-snippet:-1, max-image-preview:large, max-video-preview:-1\" \/>\n<link rel=\"canonical\" href=\"https:\/\/bartart.it\/es\/detalles-del-camaleon\/\" \/>\n<meta property=\"og:locale\" content=\"es_ES\" \/>\n<meta property=\"og:type\" content=\"article\" \/>\n<meta property=\"og:title\" content=\"Detalles del camale\u00f3n | Bartart\" \/>\n<meta property=\"og:description\" content=\"Escultura de camale\u00f3n hecha a mano con madera, alambre y cart\u00f3n. Esta pieza tridimensional independiente combina arte y naturaleza, convirti\u00e9ndose en la decoraci\u00f3n original perfecta para espacios contempor\u00e1neos.\" \/>\n<meta property=\"og:url\" content=\"https:\/\/bartart.it\/es\/detalles-del-camaleon\/\" \/>\n<meta property=\"og:site_name\" content=\"Bartart\" \/>\n<meta property=\"article:publisher\" content=\"https:\/\/www.facebook.com\/profile.php?id=61582712773000&amp;sk=photos\" \/>\n<meta property=\"article:modified_time\" content=\"2026-05-05T10:43:01+00:00\" \/>\n<meta property=\"og:image\" content=\"https:\/\/bartart.it\/wp-content\/uploads\/2025\/10\/freepik__the-style-is-candid-image-photography-with-natural__46614.jpeg\" \/>\n\t<meta property=\"og:image:width\" content=\"896\" \/>\n\t<meta property=\"og:image:height\" content=\"1152\" \/>\n\t<meta property=\"og:image:type\" content=\"image\/jpeg\" \/>\n<meta name=\"twitter:card\" content=\"summary_large_image\" \/>\n<meta name=\"twitter:label1\" content=\"Tiempo de lectura\" \/>\n\t<meta name=\"twitter:data1\" content=\"2 minutos\" \/>\n<script type=\"application\/ld+json\" class=\"yoast-schema-graph\">{\"@context\":\"https:\/\/schema.org\",\"@graph\":[{\"@type\":\"WebPage\",\"@id\":\"https:\/\/bartart.it\/es\/detalles-del-camaleon\/\",\"url\":\"https:\/\/bartart.it\/es\/detalles-del-camaleon\/\",\"name\":\"Detalles del camale\u00f3n | Bartart\",\"isPartOf\":{\"@id\":\"https:\/\/bartart.it\/es\/#website\"},\"datePublished\":\"2025-10-16T14:43:04+00:00\",\"dateModified\":\"2026-05-05T10:43:01+00:00\",\"description\":\"Escultura de camale\u00f3n hecha a mano con madera, alambre y cart\u00f3n. Esta pieza tridimensional independiente combina arte y naturaleza, convirti\u00e9ndose en la decoraci\u00f3n original perfecta para espacios contempor\u00e1neos.\",\"breadcrumb\":{\"@id\":\"https:\/\/bartart.it\/es\/detalles-del-camaleon\/#breadcrumb\"},\"inLanguage\":\"es\",\"potentialAction\":[{\"@type\":\"ReadAction\",\"target\":[\"https:\/\/bartart.it\/es\/detalles-del-camaleon\/\"]}]},{\"@type\":\"BreadcrumbList\",\"@id\":\"https:\/\/bartart.it\/es\/detalles-del-camaleon\/#breadcrumb\",\"itemListElement\":[{\"@type\":\"ListItem\",\"position\":1,\"name\":\"Home\",\"item\":\"https:\/\/bartart.it\/es\/\"},{\"@type\":\"ListItem\",\"position\":2,\"name\":\"Obra Camale\u00f3n\"}]},{\"@type\":\"WebSite\",\"@id\":\"https:\/\/bartart.it\/es\/#website\",\"url\":\"https:\/\/bartart.it\/es\/\",\"name\":\"bArtArt\",\"description\":\"Scultura in Creta su Misura\",\"publisher\":{\"@id\":\"https:\/\/bartart.it\/es\/#\/schema\/person\/9b4776c2ef49b485779b948861bbfcaf\"},\"alternateName\":\"Sculture in Creta Personalizzate | bArtArt\",\"potentialAction\":[{\"@type\":\"SearchAction\",\"target\":{\"@type\":\"EntryPoint\",\"urlTemplate\":\"https:\/\/bartart.it\/es\/?s={search_term_string}\"},\"query-input\":{\"@type\":\"PropertyValueSpecification\",\"valueRequired\":true,\"valueName\":\"search_term_string\"}}],\"inLanguage\":\"es\"},{\"@type\":[\"Person\",\"Organization\"],\"@id\":\"https:\/\/bartart.it\/es\/#\/schema\/person\/9b4776c2ef49b485779b948861bbfcaf\",\"name\":\"Daniele Bartoli\",\"image\":{\"@type\":\"ImageObject\",\"inLanguage\":\"es\",\"@id\":\"https:\/\/bartart.it\/es\/#\/schema\/person\/image\/\",\"url\":\"https:\/\/bartart.it\/wp-content\/uploads\/2025\/05\/Logo200x200ca-3.jpg\",\"contentUrl\":\"https:\/\/bartart.it\/wp-content\/uploads\/2025\/05\/Logo200x200ca-3.jpg\",\"width\":180,\"height\":76,\"caption\":\"Daniele Bartoli\"},\"logo\":{\"@id\":\"https:\/\/bartart.it\/es\/#\/schema\/person\/image\/\"},\"sameAs\":[\"http:\/\/bartart.it\",\"https:\/\/www.facebook.com\/profile.php?id=61582712773000&sk=photos\",\"https:\/\/www.instagram.com\/bartoli.daniele\/\",\"https:\/\/it.pinterest.com\/bartartscultureincretapersonal\/\",\"https:\/\/studio.youtube.com\/channel\/UC6ShOq_jGblxgQFWzYJNbrQ\"]}]}<\/script>\n<!-- \/ Yoast SEO plugin. -->","yoast_head_json":{"title":"Detalles del camale\u00f3n | Bartart","description":"Escultura de camale\u00f3n hecha a mano con madera, alambre y cart\u00f3n. Esta pieza tridimensional independiente combina arte y naturaleza, convirti\u00e9ndose en la decoraci\u00f3n original perfecta para espacios contempor\u00e1neos.","robots":{"index":"index","follow":"follow","max-snippet":"max-snippet:-1","max-image-preview":"max-image-preview:large","max-video-preview":"max-video-preview:-1"},"canonical":"https:\/\/bartart.it\/es\/detalles-del-camaleon\/","og_locale":"es_ES","og_type":"article","og_title":"Detalles del camale\u00f3n | Bartart","og_description":"Escultura de camale\u00f3n hecha a mano con madera, alambre y cart\u00f3n. Esta pieza tridimensional independiente combina arte y naturaleza, convirti\u00e9ndose en la decoraci\u00f3n original perfecta para espacios contempor\u00e1neos.","og_url":"https:\/\/bartart.it\/es\/detalles-del-camaleon\/","og_site_name":"Bartart","article_publisher":"https:\/\/www.facebook.com\/profile.php?id=61582712773000&sk=photos","article_modified_time":"2026-05-05T10:43:01+00:00","og_image":[{"width":896,"height":1152,"url":"https:\/\/bartart.it\/wp-content\/uploads\/2025\/10\/freepik__the-style-is-candid-image-photography-with-natural__46614.jpeg","type":"image\/jpeg"}],"twitter_card":"summary_large_image","twitter_misc":{"Tiempo de lectura":"2 minutos"},"schema":{"@context":"https:\/\/schema.org","@graph":[{"@type":"WebPage","@id":"https:\/\/bartart.it\/es\/detalles-del-camaleon\/","url":"https:\/\/bartart.it\/es\/detalles-del-camaleon\/","name":"Detalles del camale\u00f3n | Bartart","isPartOf":{"@id":"https:\/\/bartart.it\/es\/#website"},"datePublished":"2025-10-16T14:43:04+00:00","dateModified":"2026-05-05T10:43:01+00:00","description":"Escultura de camale\u00f3n hecha a mano con madera, alambre y cart\u00f3n. Esta pieza tridimensional independiente combina arte y naturaleza, convirti\u00e9ndose en la decoraci\u00f3n original perfecta para espacios contempor\u00e1neos.","breadcrumb":{"@id":"https:\/\/bartart.it\/es\/detalles-del-camaleon\/#breadcrumb"},"inLanguage":"es","potentialAction":[{"@type":"ReadAction","target":["https:\/\/bartart.it\/es\/detalles-del-camaleon\/"]}]},{"@type":"BreadcrumbList","@id":"https:\/\/bartart.it\/es\/detalles-del-camaleon\/#breadcrumb","itemListElement":[{"@type":"ListItem","position":1,"name":"Home","item":"https:\/\/bartart.it\/es\/"},{"@type":"ListItem","position":2,"name":"Obra Camale\u00f3n"}]},{"@type":"WebSite","@id":"https:\/\/bartart.it\/es\/#website","url":"https:\/\/bartart.it\/es\/","name":"bArtArt","description":"Scultura in Creta su Misura","publisher":{"@id":"https:\/\/bartart.it\/es\/#\/schema\/person\/9b4776c2ef49b485779b948861bbfcaf"},"alternateName":"Sculture in Creta Personalizzate | bArtArt","potentialAction":[{"@type":"SearchAction","target":{"@type":"EntryPoint","urlTemplate":"https:\/\/bartart.it\/es\/?s={search_term_string}"},"query-input":{"@type":"PropertyValueSpecification","valueRequired":true,"valueName":"search_term_string"}}],"inLanguage":"es"},{"@type":["Person","Organization"],"@id":"https:\/\/bartart.it\/es\/#\/schema\/person\/9b4776c2ef49b485779b948861bbfcaf","name":"Daniele Bartoli","image":{"@type":"ImageObject","inLanguage":"es","@id":"https:\/\/bartart.it\/es\/#\/schema\/person\/image\/","url":"https:\/\/bartart.it\/wp-content\/uploads\/2025\/05\/Logo200x200ca-3.jpg","contentUrl":"https:\/\/bartart.it\/wp-content\/uploads\/2025\/05\/Logo200x200ca-3.jpg","width":180,"height":76,"caption":"Daniele Bartoli"},"logo":{"@id":"https:\/\/bartart.it\/es\/#\/schema\/person\/image\/"},"sameAs":["http:\/\/bartart.it","https:\/\/www.facebook.com\/profile.php?id=61582712773000&sk=photos","https:\/\/www.instagram.com\/bartoli.daniele\/","https:\/\/it.pinterest.com\/bartartscultureincretapersonal\/","https:\/\/studio.youtube.com\/channel\/UC6ShOq_jGblxgQFWzYJNbrQ"]}]}},"_links":{"self":[{"href":"https:\/\/bartart.it\/es\/wp-json\/wp\/v2\/pages\/7734","targetHints":{"allow":["GET"]}}],"collection":[{"href":"https:\/\/bartart.it\/es\/wp-json\/wp\/v2\/pages"}],"about":[{"href":"https:\/\/bartart.it\/es\/wp-json\/wp\/v2\/types\/page"}],"author":[{"embeddable":true,"href":"https:\/\/bartart.it\/es\/wp-json\/wp\/v2\/users\/2"}],"replies":[{"embeddable":true,"href":"https:\/\/bartart.it\/es\/wp-json\/wp\/v2\/comments?post=7734"}],"version-history":[{"count":5,"href":"https:\/\/bartart.it\/es\/wp-json\/wp\/v2\/pages\/7734\/revisions"}],"predecessor-version":[{"id":8060,"href":"https:\/\/bartart.it\/es\/wp-json\/wp\/v2\/pages\/7734\/revisions\/8060"}],"wp:attachment":[{"href":"https:\/\/bartart.it\/es\/wp-json\/wp\/v2\/media?parent=7734"}],"curies":[{"name":"wp","href":"https:\/\/api.w.org\/{rel}","templated":true}]}}