{"id":7741,"date":"2025-05-19T17:57:52","date_gmt":"2025-05-19T15:57:52","guid":{"rendered":"https:\/\/bartart.it\/detalles-del-cocodrilo\/"},"modified":"2026-05-05T12:37:59","modified_gmt":"2026-05-05T10:37:59","slug":"detalles-del-cocodrilo","status":"publish","type":"page","link":"https:\/\/bartart.it\/es\/detalles-del-cocodrilo\/","title":{"rendered":"Detalles del cocodrilo"},"content":{"rendered":"<div class=\"wpb-content-wrapper\"><p>[vc_row full_width=\u00bbstretch_row\u00bb css=\u00bb.vc_custom_1761839710063{padding-top: 20px !important;padding-right: 20% !important;padding-bottom: 20px !important;padding-left: 20% !important;background-color: #000000 !important;}\u00bb][vc_column][vc_custom_heading text=\u00bbCocodrilo, elemento de decoraci\u00f3n de pared\u00bb font_container=\u00bbtag:h1|text_align:center\u00bb google_fonts=\u00bbfont_family:ABeeZee%3Aregular%2Citalic|font_style:400%20regular%3A400%3Anormal\u00bb css=\u00bb\u00bb][vc_empty_space][vc_single_image image=\u00bb7739&#8243; img_size=\u00bbfull\u00bb alignment=\u00bbcenter\u00bb onclick=\u00bblink_image\u00bb css_animation=\u00bbfadeIn\u00bb css=\u00bb\u00bb title=\u00bbReD FauCI\u00bb][vc_empty_space][vc_column_text css=\u00bb\u00bb]<\/p>\n<p style=\"text-align: justify;\">En Wild Elegance, el arte se encuentra con la animalidad m\u00e1s pura: una cabeza de cocodrilo del Nilo, meticulosamente esculpida y transformada en objeto de dise\u00f1o mediante un llamativo color rojo que subvierte su percepci\u00f3n, realzando sus contrastes y dot\u00e1ndola de un magnetismo irresistible. Los brillantes ojos negros y los afilados dientes negros emergen como detalles poderosos y agresivos, evocando una energ\u00eda depredadora que fascina e intimida. Pero este es precisamente el coraz\u00f3n de la obra: la fusi\u00f3n de elegancia formal y brutalidad est\u00e9tica, de simbolismo ex\u00f3tico y escultura contempor\u00e1nea.<\/p>\n<p>Dise\u00f1ada para espacios modernos y audaces con un esp\u00edritu exploratorio, esta escultura no es solo decoraci\u00f3n: es una <strong>presencia tot\u00e9mica<\/strong>,una llamada a la naturaleza m\u00e1s salvaje y a la fuerza subterr\u00e1nea que vive bajo la superficie.[\/vc_column_text][\/vc_column][\/vc_row][vc_row][vc_column][\/vc_column][\/vc_row][vc_row full_width=\u00bbstretch_row\u00bb css=\u00bb.vc_custom_1762763390225{background-color: #000000 !important;}\u00bb][vc_column width=\u00bb1\/2&#8243;][vc_raw_html css=\u00bb\u00bb]PHVsIHN0eWxlPSJmb250LXNpemU6IDIwcHg7IHdpZHRoOiBmaXQtY29udGVudDsgbWFyZ2luOiAwIGF1dG87IHBhZGRpbmctbGVmdDogMDsiPgogIDxsaT5Ob21icmUgZGUgbGEgb2JyYTogUmVkIEZhdWNpIChFbGVnYW5jaWEgc2FsdmFqZSk8L2xpPgogIDxsaT5BbmNobzogMTggY208L2xpPgogIDxsaT5BbHR1cmE6IDIzIGNtPC9saT4KICA8bGk+PHN0cm9uZz5Qcm9mb25kaXTDoDo8L3N0cm9uZz4gMzUgY208L2xpPgogIDxsaT5QZXNvOiAmZ3Q7MyBrZzwvbGk+CiAgPGxpPkZlY2hhOiBzZXB0aWVtYnJlIGRlIDIwMjQ8L2xpPgo8L3VsPgo=[\/vc_raw_html][\/vc_column][vc_column width=\u00bb1\/2&#8243;][vc_btn title=\u00bbNo se encuentra disponible el documento PDF de esta obra.\u00bb align=\u00bbright\u00bb css=\u00bb.vc_custom_1765458653057{padding-top: 40px !important;padding-bottom: 40px !important;}\u00bb link=\u00bburl:https%3A%2F%2Fbartart.it%2Fwp-content%2Fuploads%2F2025%2F12%2FTeast_Scheda_ReD-FauCI_V.0.5.pdf|target:_blank|\u00bb][\/vc_column][\/vc_row][vc_row][vc_column][\/vc_column][\/vc_row][vc_row full_width=\u00bbstretch_row\u00bb css=\u00bb.vc_custom_1769176563555{background-color: #000000 !important;border-color: #000000 !important;}\u00bb][vc_column][vc_single_image image=\u00bb7740&#8243; img_size=\u00bbfull\u00bb alignment=\u00bbcenter\u00bb css=\u00bb\u00bb][\/vc_column][\/vc_row]<\/p>\n<\/div>","protected":false},"excerpt":{"rendered":"<p>[vc_row full_width=\u00bbstretch_row\u00bb css=\u00bb.vc_custom_1761839710063{padding-top: 20px !important;padding-right: 20% !important;padding-bottom: 20px !important;padding-left: 20% !important;background-color: #000000 !important;}\u00bb][vc_column][vc_custom_heading text=\u00bbCocodrilo, elemento de decoraci\u00f3n de pared\u00bb font_container=\u00bbtag:h1|text_align:center\u00bb google_fonts=\u00bbfont_family:ABeeZee%3Aregular%2Citalic|font_style:400%20regular%3A400%3Anormal\u00bb css=\u00bb\u00bb][vc_empty_space][vc_single_image image=\u00bb7739&#8243; img_size=\u00bbfull\u00bb alignment=\u00bbcenter\u00bb onclick=\u00bblink_image\u00bb css_animation=\u00bbfadeIn\u00bb css=\u00bb\u00bb title=\u00bbReD FauCI\u00bb][vc_empty_space][vc_column_text css=\u00bb\u00bb] En Wild Elegance, el arte se encuentra con la animalidad m\u00e1s pura: una cabeza de cocodrilo del Nilo, meticulosamente esculpida y transformada en objeto [&hellip;]<\/p>\n","protected":false},"author":2,"featured_media":0,"parent":0,"menu_order":3,"comment_status":"closed","ping_status":"closed","template":"","meta":{"footnotes":""},"class_list":["post-7741","page","type-page","status-publish","hentry"],"yoast_head":"<!-- This site is optimized with the Yoast SEO plugin v26.8 - https:\/\/yoast.com\/product\/yoast-seo-wordpress\/ -->\n<title>Detalles del cocodrilo | Bartart<\/title>\n<meta name=\"description\" content=\"Escultura artesanal de cabeza de cocodrilo del Nilo, reinterpretada en rojo intenso. Una pieza de dise\u00f1o contempor\u00e1neo para espacios modernos y atrevidos.\" \/>\n<meta name=\"robots\" content=\"index, follow, max-snippet:-1, max-image-preview:large, max-video-preview:-1\" \/>\n<link rel=\"canonical\" href=\"https:\/\/bartart.it\/es\/detalles-del-cocodrilo\/\" \/>\n<meta property=\"og:locale\" content=\"es_ES\" \/>\n<meta property=\"og:type\" content=\"article\" \/>\n<meta property=\"og:title\" content=\"Detalles del cocodrilo | Bartart\" \/>\n<meta property=\"og:description\" content=\"Escultura artesanal de cabeza de cocodrilo del Nilo, reinterpretada en rojo intenso. Una pieza de dise\u00f1o contempor\u00e1neo para espacios modernos y atrevidos.\" \/>\n<meta property=\"og:url\" content=\"https:\/\/bartart.it\/es\/detalles-del-cocodrilo\/\" \/>\n<meta property=\"og:site_name\" content=\"Bartart\" \/>\n<meta property=\"article:publisher\" content=\"https:\/\/www.facebook.com\/profile.php?id=61582712773000&amp;sk=photos\" \/>\n<meta property=\"article:modified_time\" content=\"2026-05-05T10:37:59+00:00\" \/>\n<meta property=\"og:image\" content=\"https:\/\/bartart.it\/wp-content\/uploads\/2025\/10\/freepik__the-style-is-candid-image-photography-with-natural__46614.jpeg\" \/>\n\t<meta property=\"og:image:width\" content=\"896\" \/>\n\t<meta property=\"og:image:height\" content=\"1152\" \/>\n\t<meta property=\"og:image:type\" content=\"image\/jpeg\" \/>\n<meta name=\"twitter:card\" content=\"summary_large_image\" \/>\n<meta name=\"twitter:label1\" content=\"Tiempo de lectura\" \/>\n\t<meta name=\"twitter:data1\" content=\"1 minuto\" \/>\n<script type=\"application\/ld+json\" class=\"yoast-schema-graph\">{\"@context\":\"https:\/\/schema.org\",\"@graph\":[{\"@type\":\"WebPage\",\"@id\":\"https:\/\/bartart.it\/es\/detalles-del-cocodrilo\/\",\"url\":\"https:\/\/bartart.it\/es\/detalles-del-cocodrilo\/\",\"name\":\"Detalles del cocodrilo | Bartart\",\"isPartOf\":{\"@id\":\"https:\/\/bartart.it\/es\/#website\"},\"datePublished\":\"2025-05-19T15:57:52+00:00\",\"dateModified\":\"2026-05-05T10:37:59+00:00\",\"description\":\"Escultura artesanal de cabeza de cocodrilo del Nilo, reinterpretada en rojo intenso. Una pieza de dise\u00f1o contempor\u00e1neo para espacios modernos y atrevidos.\",\"breadcrumb\":{\"@id\":\"https:\/\/bartart.it\/es\/detalles-del-cocodrilo\/#breadcrumb\"},\"inLanguage\":\"es\",\"potentialAction\":[{\"@type\":\"ReadAction\",\"target\":[\"https:\/\/bartart.it\/es\/detalles-del-cocodrilo\/\"]}]},{\"@type\":\"BreadcrumbList\",\"@id\":\"https:\/\/bartart.it\/es\/detalles-del-cocodrilo\/#breadcrumb\",\"itemListElement\":[{\"@type\":\"ListItem\",\"position\":1,\"name\":\"Home\",\"item\":\"https:\/\/bartart.it\/es\/\"},{\"@type\":\"ListItem\",\"position\":2,\"name\":\"Obra Cocodrilo\"}]},{\"@type\":\"WebSite\",\"@id\":\"https:\/\/bartart.it\/es\/#website\",\"url\":\"https:\/\/bartart.it\/es\/\",\"name\":\"bArtArt\",\"description\":\"Scultura in Creta su Misura\",\"publisher\":{\"@id\":\"https:\/\/bartart.it\/es\/#\/schema\/person\/9b4776c2ef49b485779b948861bbfcaf\"},\"alternateName\":\"Sculture in Creta Personalizzate | bArtArt\",\"potentialAction\":[{\"@type\":\"SearchAction\",\"target\":{\"@type\":\"EntryPoint\",\"urlTemplate\":\"https:\/\/bartart.it\/es\/?s={search_term_string}\"},\"query-input\":{\"@type\":\"PropertyValueSpecification\",\"valueRequired\":true,\"valueName\":\"search_term_string\"}}],\"inLanguage\":\"es\"},{\"@type\":[\"Person\",\"Organization\"],\"@id\":\"https:\/\/bartart.it\/es\/#\/schema\/person\/9b4776c2ef49b485779b948861bbfcaf\",\"name\":\"Daniele Bartoli\",\"image\":{\"@type\":\"ImageObject\",\"inLanguage\":\"es\",\"@id\":\"https:\/\/bartart.it\/es\/#\/schema\/person\/image\/\",\"url\":\"https:\/\/bartart.it\/wp-content\/uploads\/2025\/05\/Logo200x200ca-3.jpg\",\"contentUrl\":\"https:\/\/bartart.it\/wp-content\/uploads\/2025\/05\/Logo200x200ca-3.jpg\",\"width\":180,\"height\":76,\"caption\":\"Daniele Bartoli\"},\"logo\":{\"@id\":\"https:\/\/bartart.it\/es\/#\/schema\/person\/image\/\"},\"sameAs\":[\"http:\/\/bartart.it\",\"https:\/\/www.facebook.com\/profile.php?id=61582712773000&sk=photos\",\"https:\/\/www.instagram.com\/bartoli.daniele\/\",\"https:\/\/it.pinterest.com\/bartartscultureincretapersonal\/\",\"https:\/\/studio.youtube.com\/channel\/UC6ShOq_jGblxgQFWzYJNbrQ\"]}]}<\/script>\n<!-- \/ Yoast SEO plugin. -->","yoast_head_json":{"title":"Detalles del cocodrilo | Bartart","description":"Escultura artesanal de cabeza de cocodrilo del Nilo, reinterpretada en rojo intenso. Una pieza de dise\u00f1o contempor\u00e1neo para espacios modernos y atrevidos.","robots":{"index":"index","follow":"follow","max-snippet":"max-snippet:-1","max-image-preview":"max-image-preview:large","max-video-preview":"max-video-preview:-1"},"canonical":"https:\/\/bartart.it\/es\/detalles-del-cocodrilo\/","og_locale":"es_ES","og_type":"article","og_title":"Detalles del cocodrilo | Bartart","og_description":"Escultura artesanal de cabeza de cocodrilo del Nilo, reinterpretada en rojo intenso. Una pieza de dise\u00f1o contempor\u00e1neo para espacios modernos y atrevidos.","og_url":"https:\/\/bartart.it\/es\/detalles-del-cocodrilo\/","og_site_name":"Bartart","article_publisher":"https:\/\/www.facebook.com\/profile.php?id=61582712773000&sk=photos","article_modified_time":"2026-05-05T10:37:59+00:00","og_image":[{"width":896,"height":1152,"url":"https:\/\/bartart.it\/wp-content\/uploads\/2025\/10\/freepik__the-style-is-candid-image-photography-with-natural__46614.jpeg","type":"image\/jpeg"}],"twitter_card":"summary_large_image","twitter_misc":{"Tiempo de lectura":"1 minuto"},"schema":{"@context":"https:\/\/schema.org","@graph":[{"@type":"WebPage","@id":"https:\/\/bartart.it\/es\/detalles-del-cocodrilo\/","url":"https:\/\/bartart.it\/es\/detalles-del-cocodrilo\/","name":"Detalles del cocodrilo | Bartart","isPartOf":{"@id":"https:\/\/bartart.it\/es\/#website"},"datePublished":"2025-05-19T15:57:52+00:00","dateModified":"2026-05-05T10:37:59+00:00","description":"Escultura artesanal de cabeza de cocodrilo del Nilo, reinterpretada en rojo intenso. Una pieza de dise\u00f1o contempor\u00e1neo para espacios modernos y atrevidos.","breadcrumb":{"@id":"https:\/\/bartart.it\/es\/detalles-del-cocodrilo\/#breadcrumb"},"inLanguage":"es","potentialAction":[{"@type":"ReadAction","target":["https:\/\/bartart.it\/es\/detalles-del-cocodrilo\/"]}]},{"@type":"BreadcrumbList","@id":"https:\/\/bartart.it\/es\/detalles-del-cocodrilo\/#breadcrumb","itemListElement":[{"@type":"ListItem","position":1,"name":"Home","item":"https:\/\/bartart.it\/es\/"},{"@type":"ListItem","position":2,"name":"Obra Cocodrilo"}]},{"@type":"WebSite","@id":"https:\/\/bartart.it\/es\/#website","url":"https:\/\/bartart.it\/es\/","name":"bArtArt","description":"Scultura in Creta su Misura","publisher":{"@id":"https:\/\/bartart.it\/es\/#\/schema\/person\/9b4776c2ef49b485779b948861bbfcaf"},"alternateName":"Sculture in Creta Personalizzate | bArtArt","potentialAction":[{"@type":"SearchAction","target":{"@type":"EntryPoint","urlTemplate":"https:\/\/bartart.it\/es\/?s={search_term_string}"},"query-input":{"@type":"PropertyValueSpecification","valueRequired":true,"valueName":"search_term_string"}}],"inLanguage":"es"},{"@type":["Person","Organization"],"@id":"https:\/\/bartart.it\/es\/#\/schema\/person\/9b4776c2ef49b485779b948861bbfcaf","name":"Daniele Bartoli","image":{"@type":"ImageObject","inLanguage":"es","@id":"https:\/\/bartart.it\/es\/#\/schema\/person\/image\/","url":"https:\/\/bartart.it\/wp-content\/uploads\/2025\/05\/Logo200x200ca-3.jpg","contentUrl":"https:\/\/bartart.it\/wp-content\/uploads\/2025\/05\/Logo200x200ca-3.jpg","width":180,"height":76,"caption":"Daniele Bartoli"},"logo":{"@id":"https:\/\/bartart.it\/es\/#\/schema\/person\/image\/"},"sameAs":["http:\/\/bartart.it","https:\/\/www.facebook.com\/profile.php?id=61582712773000&sk=photos","https:\/\/www.instagram.com\/bartoli.daniele\/","https:\/\/it.pinterest.com\/bartartscultureincretapersonal\/","https:\/\/studio.youtube.com\/channel\/UC6ShOq_jGblxgQFWzYJNbrQ"]}]}},"_links":{"self":[{"href":"https:\/\/bartart.it\/es\/wp-json\/wp\/v2\/pages\/7741","targetHints":{"allow":["GET"]}}],"collection":[{"href":"https:\/\/bartart.it\/es\/wp-json\/wp\/v2\/pages"}],"about":[{"href":"https:\/\/bartart.it\/es\/wp-json\/wp\/v2\/types\/page"}],"author":[{"embeddable":true,"href":"https:\/\/bartart.it\/es\/wp-json\/wp\/v2\/users\/2"}],"replies":[{"embeddable":true,"href":"https:\/\/bartart.it\/es\/wp-json\/wp\/v2\/comments?post=7741"}],"version-history":[{"count":5,"href":"https:\/\/bartart.it\/es\/wp-json\/wp\/v2\/pages\/7741\/revisions"}],"predecessor-version":[{"id":8075,"href":"https:\/\/bartart.it\/es\/wp-json\/wp\/v2\/pages\/7741\/revisions\/8075"}],"wp:attachment":[{"href":"https:\/\/bartart.it\/es\/wp-json\/wp\/v2\/media?parent=7741"}],"curies":[{"name":"wp","href":"https:\/\/api.w.org\/{rel}","templated":true}]}}