{"id":7756,"date":"2025-05-19T17:59:40","date_gmt":"2025-05-19T15:59:40","guid":{"rendered":"https:\/\/bartart.it\/detalles-frankenstein\/"},"modified":"2026-05-05T12:42:26","modified_gmt":"2026-05-05T10:42:26","slug":"detalles-frankenstein","status":"publish","type":"page","link":"https:\/\/bartart.it\/es\/detalles-frankenstein\/","title":{"rendered":"Detalles Frankenstein"},"content":{"rendered":"<div class=\"wpb-content-wrapper\"><p>[vc_row full_width=\u00bbstretch_row\u00bb css=\u00bb.vc_custom_1761839182767{padding-top: 20px !important;padding-right: 20% !important;padding-bottom: 20px !important;padding-left: 20% !important;background-color: #000000 !important;}\u00bb][vc_column][vc_custom_heading text=\u00bbFrankenstein, obra de arcilla hecha a mano\u00bb font_container=\u00bbtag:h1|text_align:center\u00bb google_fonts=\u00bbfont_family:ABeeZee%3Aregular%2Citalic|font_style:400%20regular%3A400%3Anormal\u00bb css=\u00bb\u00bb][vc_empty_space][vc_single_image image=\u00bb7754&#8243; img_size=\u00bbfull\u00bb alignment=\u00bbcenter\u00bb onclick=\u00bblink_image\u00bb css_animation=\u00bbfadeIn\u00bb css=\u00bb\u00bb title=\u00bbMentes no iluminadas (mentes no iluminadas)\u00bb][vc_empty_space][vc_column_text css=\u00bb\u00bb]<\/p>\n<p style=\"text-align: justify;\">Una obra que fusiona arte y atm\u00f3sfera, creando una pieza \u00fanica que transforma cualquier espacio. La cabeza de Frankenstein, con toda su ic\u00f3nica presencia, se convierte en un objeto ornamental de car\u00e1cter inconfundible. No es solo un elemento decorativo, sino una creaci\u00f3n viva, gracias a su funci\u00f3n como portavelas. Al apagarse la luz, se enciende una vela en su interior y, al ajustarse la vista a la nueva y tenue iluminaci\u00f3n, ocurre la magia: la luz emana de sus ojos, transmitiendo un aura inquietante, casi m\u00edstica, que impregna la habitaci\u00f3n con una sensaci\u00f3n de horror sin parang\u00f3n. La luz tambi\u00e9n emana de la parte superior de la cabeza, como si la criatura despertara de su letargo eterno.<\/p>\n<p>Esta pieza, con su estilo g\u00f3tico y atm\u00f3sfera inquietante, no solo enriquece el entorno, sino que tambi\u00e9n transforma su percepci\u00f3n, convirti\u00e9ndolo en un lugar envuelto en profundo misterio y con una atm\u00f3sfera propia del terror cl\u00e1sico. Ideal para quienes buscan una caracterizaci\u00f3n impactante y una interpretaci\u00f3n visual \u00fanica, capaz de revitalizar espacios, siempre con un toque de miedo.[\/vc_column_text][\/vc_column][\/vc_row][vc_row][vc_column][\/vc_column][\/vc_row][vc_row full_width=\u00bbstretch_row\u00bb css=\u00bb.vc_custom_1762763414099{background-color: #000000 !important;}\u00bb][vc_column width=\u00bb1\/2&#8243;][vc_raw_html css=\u00bb\u00bb]PHVsIHN0eWxlPSJmb250LXNpemU6IDIwcHg7IHdpZHRoOiBmaXQtY29udGVudDsgbWFyZ2luOiAwIGF1dG87IHBhZGRpbmctbGVmdDogMDsiPgogIDxsaT5Uw610dWxvIGRlIGxhIG9icmE6IE1lbnRlcyBubyBpbHVtaW5hZGFzPC9saT4KICA8bGk+QW5jaG86IDIwIGNtPC9saT4KICA8bGk+QWx0dXJhOiAyMiBjbTwvbGk+CiAgPGxpPlByb2Z1bmRpZGFkOiAxNSBjbTwvbGk+CiAgPGxpPlBlc286ICZndDszIGtnPC9saT4KICA8bGk+RmVjaGE6IG1hcnpvIGRlIDIwMjQ8L2xpPgo8L3VsPgo=[\/vc_raw_html][\/vc_column][vc_column width=\u00bb1\/2&#8243;][vc_btn title=\u00bbNo se encuentra disponible el documento PDF de esta obra.\u00bb align=\u00bbright\u00bb css=\u00bb.vc_custom_1765458743282{padding-top: 40px !important;padding-bottom: 40px !important;}\u00bb link=\u00bburl:https%3A%2F%2Fbartart.it%2Fwp-content%2Fuploads%2F2025%2F12%2FTeast_Scheda_unENLigHTeNED-MinDS_V.0.5.pdf|target:_blank|\u00bb][\/vc_column][\/vc_row][vc_row][vc_column][\/vc_column][\/vc_row][vc_row full_width=\u00bbstretch_row\u00bb css=\u00bb.vc_custom_1769176823496{background-color: #000000 !important;border-color: #000000 !important;}\u00bb][vc_column][vc_single_image image=\u00bb7755&#8243; img_size=\u00bbfull\u00bb alignment=\u00bbcenter\u00bb css=\u00bb\u00bb][\/vc_column][\/vc_row]<\/p>\n<\/div>","protected":false},"excerpt":{"rendered":"<p>[vc_row full_width=\u00bbstretch_row\u00bb css=\u00bb.vc_custom_1761839182767{padding-top: 20px !important;padding-right: 20% !important;padding-bottom: 20px !important;padding-left: 20% !important;background-color: #000000 !important;}\u00bb][vc_column][vc_custom_heading text=\u00bbFrankenstein, obra de arcilla hecha a mano\u00bb font_container=\u00bbtag:h1|text_align:center\u00bb google_fonts=\u00bbfont_family:ABeeZee%3Aregular%2Citalic|font_style:400%20regular%3A400%3Anormal\u00bb css=\u00bb\u00bb][vc_empty_space][vc_single_image image=\u00bb7754&#8243; img_size=\u00bbfull\u00bb alignment=\u00bbcenter\u00bb onclick=\u00bblink_image\u00bb css_animation=\u00bbfadeIn\u00bb css=\u00bb\u00bb title=\u00bbMentes no iluminadas (mentes no iluminadas)\u00bb][vc_empty_space][vc_column_text css=\u00bb\u00bb] Una obra que fusiona arte y atm\u00f3sfera, creando una pieza \u00fanica que transforma cualquier espacio. La cabeza de Frankenstein, [&hellip;]<\/p>\n","protected":false},"author":2,"featured_media":0,"parent":0,"menu_order":3,"comment_status":"closed","ping_status":"closed","template":"","meta":{"footnotes":""},"class_list":["post-7756","page","type-page","status-publish","hentry"],"yoast_head":"<!-- This site is optimized with the Yoast SEO plugin v26.8 - https:\/\/yoast.com\/product\/yoast-seo-wordpress\/ -->\n<title>Detalles Frankenstein | Bartart<\/title>\n<meta name=\"description\" content=\"Portavelas con forma de cabeza de Frankenstein, de estilo g\u00f3tico. Un objeto decorativo de tem\u00e1tica terror\u00edfica que ilumina la estancia, creando una atm\u00f3sfera evocadora y misteriosa.\" \/>\n<meta name=\"robots\" content=\"index, follow, max-snippet:-1, max-image-preview:large, max-video-preview:-1\" \/>\n<link rel=\"canonical\" href=\"https:\/\/bartart.it\/es\/detalles-frankenstein\/\" \/>\n<meta property=\"og:locale\" content=\"es_ES\" \/>\n<meta property=\"og:type\" content=\"article\" \/>\n<meta property=\"og:title\" content=\"Detalles Frankenstein | Bartart\" \/>\n<meta property=\"og:description\" content=\"Portavelas con forma de cabeza de Frankenstein, de estilo g\u00f3tico. Un objeto decorativo de tem\u00e1tica terror\u00edfica que ilumina la estancia, creando una atm\u00f3sfera evocadora y misteriosa.\" \/>\n<meta property=\"og:url\" content=\"https:\/\/bartart.it\/es\/detalles-frankenstein\/\" \/>\n<meta property=\"og:site_name\" content=\"Bartart\" \/>\n<meta property=\"article:publisher\" content=\"https:\/\/www.facebook.com\/profile.php?id=61582712773000&amp;sk=photos\" \/>\n<meta property=\"article:modified_time\" content=\"2026-05-05T10:42:26+00:00\" \/>\n<meta property=\"og:image\" content=\"https:\/\/bartart.it\/wp-content\/uploads\/2025\/10\/freepik__the-style-is-candid-image-photography-with-natural__46614.jpeg\" \/>\n\t<meta property=\"og:image:width\" content=\"896\" \/>\n\t<meta property=\"og:image:height\" content=\"1152\" \/>\n\t<meta property=\"og:image:type\" content=\"image\/jpeg\" \/>\n<meta name=\"twitter:card\" content=\"summary_large_image\" \/>\n<meta name=\"twitter:label1\" content=\"Tiempo de lectura\" \/>\n\t<meta name=\"twitter:data1\" content=\"2 minutos\" \/>\n<script type=\"application\/ld+json\" class=\"yoast-schema-graph\">{\"@context\":\"https:\/\/schema.org\",\"@graph\":[{\"@type\":\"WebPage\",\"@id\":\"https:\/\/bartart.it\/es\/detalles-frankenstein\/\",\"url\":\"https:\/\/bartart.it\/es\/detalles-frankenstein\/\",\"name\":\"Detalles Frankenstein | Bartart\",\"isPartOf\":{\"@id\":\"https:\/\/bartart.it\/es\/#website\"},\"datePublished\":\"2025-05-19T15:59:40+00:00\",\"dateModified\":\"2026-05-05T10:42:26+00:00\",\"description\":\"Portavelas con forma de cabeza de Frankenstein, de estilo g\u00f3tico. Un objeto decorativo de tem\u00e1tica terror\u00edfica que ilumina la estancia, creando una atm\u00f3sfera evocadora y misteriosa.\",\"breadcrumb\":{\"@id\":\"https:\/\/bartart.it\/es\/detalles-frankenstein\/#breadcrumb\"},\"inLanguage\":\"es\",\"potentialAction\":[{\"@type\":\"ReadAction\",\"target\":[\"https:\/\/bartart.it\/es\/detalles-frankenstein\/\"]}]},{\"@type\":\"BreadcrumbList\",\"@id\":\"https:\/\/bartart.it\/es\/detalles-frankenstein\/#breadcrumb\",\"itemListElement\":[{\"@type\":\"ListItem\",\"position\":1,\"name\":\"Home\",\"item\":\"https:\/\/bartart.it\/es\/\"},{\"@type\":\"ListItem\",\"position\":2,\"name\":\"Detalles de la obra de arte de Frankenstein\"}]},{\"@type\":\"WebSite\",\"@id\":\"https:\/\/bartart.it\/es\/#website\",\"url\":\"https:\/\/bartart.it\/es\/\",\"name\":\"bArtArt\",\"description\":\"Scultura in Creta su Misura\",\"publisher\":{\"@id\":\"https:\/\/bartart.it\/es\/#\/schema\/person\/9b4776c2ef49b485779b948861bbfcaf\"},\"alternateName\":\"Sculture in Creta Personalizzate | bArtArt\",\"potentialAction\":[{\"@type\":\"SearchAction\",\"target\":{\"@type\":\"EntryPoint\",\"urlTemplate\":\"https:\/\/bartart.it\/es\/?s={search_term_string}\"},\"query-input\":{\"@type\":\"PropertyValueSpecification\",\"valueRequired\":true,\"valueName\":\"search_term_string\"}}],\"inLanguage\":\"es\"},{\"@type\":[\"Person\",\"Organization\"],\"@id\":\"https:\/\/bartart.it\/es\/#\/schema\/person\/9b4776c2ef49b485779b948861bbfcaf\",\"name\":\"Daniele Bartoli\",\"image\":{\"@type\":\"ImageObject\",\"inLanguage\":\"es\",\"@id\":\"https:\/\/bartart.it\/es\/#\/schema\/person\/image\/\",\"url\":\"https:\/\/bartart.it\/wp-content\/uploads\/2025\/05\/Logo200x200ca-3.jpg\",\"contentUrl\":\"https:\/\/bartart.it\/wp-content\/uploads\/2025\/05\/Logo200x200ca-3.jpg\",\"width\":180,\"height\":76,\"caption\":\"Daniele Bartoli\"},\"logo\":{\"@id\":\"https:\/\/bartart.it\/es\/#\/schema\/person\/image\/\"},\"sameAs\":[\"http:\/\/bartart.it\",\"https:\/\/www.facebook.com\/profile.php?id=61582712773000&sk=photos\",\"https:\/\/www.instagram.com\/bartoli.daniele\/\",\"https:\/\/it.pinterest.com\/bartartscultureincretapersonal\/\",\"https:\/\/studio.youtube.com\/channel\/UC6ShOq_jGblxgQFWzYJNbrQ\"]}]}<\/script>\n<!-- \/ Yoast SEO plugin. -->","yoast_head_json":{"title":"Detalles Frankenstein | Bartart","description":"Portavelas con forma de cabeza de Frankenstein, de estilo g\u00f3tico. Un objeto decorativo de tem\u00e1tica terror\u00edfica que ilumina la estancia, creando una atm\u00f3sfera evocadora y misteriosa.","robots":{"index":"index","follow":"follow","max-snippet":"max-snippet:-1","max-image-preview":"max-image-preview:large","max-video-preview":"max-video-preview:-1"},"canonical":"https:\/\/bartart.it\/es\/detalles-frankenstein\/","og_locale":"es_ES","og_type":"article","og_title":"Detalles Frankenstein | Bartart","og_description":"Portavelas con forma de cabeza de Frankenstein, de estilo g\u00f3tico. Un objeto decorativo de tem\u00e1tica terror\u00edfica que ilumina la estancia, creando una atm\u00f3sfera evocadora y misteriosa.","og_url":"https:\/\/bartart.it\/es\/detalles-frankenstein\/","og_site_name":"Bartart","article_publisher":"https:\/\/www.facebook.com\/profile.php?id=61582712773000&sk=photos","article_modified_time":"2026-05-05T10:42:26+00:00","og_image":[{"width":896,"height":1152,"url":"https:\/\/bartart.it\/wp-content\/uploads\/2025\/10\/freepik__the-style-is-candid-image-photography-with-natural__46614.jpeg","type":"image\/jpeg"}],"twitter_card":"summary_large_image","twitter_misc":{"Tiempo de lectura":"2 minutos"},"schema":{"@context":"https:\/\/schema.org","@graph":[{"@type":"WebPage","@id":"https:\/\/bartart.it\/es\/detalles-frankenstein\/","url":"https:\/\/bartart.it\/es\/detalles-frankenstein\/","name":"Detalles Frankenstein | Bartart","isPartOf":{"@id":"https:\/\/bartart.it\/es\/#website"},"datePublished":"2025-05-19T15:59:40+00:00","dateModified":"2026-05-05T10:42:26+00:00","description":"Portavelas con forma de cabeza de Frankenstein, de estilo g\u00f3tico. Un objeto decorativo de tem\u00e1tica terror\u00edfica que ilumina la estancia, creando una atm\u00f3sfera evocadora y misteriosa.","breadcrumb":{"@id":"https:\/\/bartart.it\/es\/detalles-frankenstein\/#breadcrumb"},"inLanguage":"es","potentialAction":[{"@type":"ReadAction","target":["https:\/\/bartart.it\/es\/detalles-frankenstein\/"]}]},{"@type":"BreadcrumbList","@id":"https:\/\/bartart.it\/es\/detalles-frankenstein\/#breadcrumb","itemListElement":[{"@type":"ListItem","position":1,"name":"Home","item":"https:\/\/bartart.it\/es\/"},{"@type":"ListItem","position":2,"name":"Detalles de la obra de arte de Frankenstein"}]},{"@type":"WebSite","@id":"https:\/\/bartart.it\/es\/#website","url":"https:\/\/bartart.it\/es\/","name":"bArtArt","description":"Scultura in Creta su Misura","publisher":{"@id":"https:\/\/bartart.it\/es\/#\/schema\/person\/9b4776c2ef49b485779b948861bbfcaf"},"alternateName":"Sculture in Creta Personalizzate | bArtArt","potentialAction":[{"@type":"SearchAction","target":{"@type":"EntryPoint","urlTemplate":"https:\/\/bartart.it\/es\/?s={search_term_string}"},"query-input":{"@type":"PropertyValueSpecification","valueRequired":true,"valueName":"search_term_string"}}],"inLanguage":"es"},{"@type":["Person","Organization"],"@id":"https:\/\/bartart.it\/es\/#\/schema\/person\/9b4776c2ef49b485779b948861bbfcaf","name":"Daniele Bartoli","image":{"@type":"ImageObject","inLanguage":"es","@id":"https:\/\/bartart.it\/es\/#\/schema\/person\/image\/","url":"https:\/\/bartart.it\/wp-content\/uploads\/2025\/05\/Logo200x200ca-3.jpg","contentUrl":"https:\/\/bartart.it\/wp-content\/uploads\/2025\/05\/Logo200x200ca-3.jpg","width":180,"height":76,"caption":"Daniele Bartoli"},"logo":{"@id":"https:\/\/bartart.it\/es\/#\/schema\/person\/image\/"},"sameAs":["http:\/\/bartart.it","https:\/\/www.facebook.com\/profile.php?id=61582712773000&sk=photos","https:\/\/www.instagram.com\/bartoli.daniele\/","https:\/\/it.pinterest.com\/bartartscultureincretapersonal\/","https:\/\/studio.youtube.com\/channel\/UC6ShOq_jGblxgQFWzYJNbrQ"]}]}},"_links":{"self":[{"href":"https:\/\/bartart.it\/es\/wp-json\/wp\/v2\/pages\/7756","targetHints":{"allow":["GET"]}}],"collection":[{"href":"https:\/\/bartart.it\/es\/wp-json\/wp\/v2\/pages"}],"about":[{"href":"https:\/\/bartart.it\/es\/wp-json\/wp\/v2\/types\/page"}],"author":[{"embeddable":true,"href":"https:\/\/bartart.it\/es\/wp-json\/wp\/v2\/users\/2"}],"replies":[{"embeddable":true,"href":"https:\/\/bartart.it\/es\/wp-json\/wp\/v2\/comments?post=7756"}],"version-history":[{"count":5,"href":"https:\/\/bartart.it\/es\/wp-json\/wp\/v2\/pages\/7756\/revisions"}],"predecessor-version":[{"id":8081,"href":"https:\/\/bartart.it\/es\/wp-json\/wp\/v2\/pages\/7756\/revisions\/8081"}],"wp:attachment":[{"href":"https:\/\/bartart.it\/es\/wp-json\/wp\/v2\/media?parent=7756"}],"curies":[{"name":"wp","href":"https:\/\/api.w.org\/{rel}","templated":true}]}}