{"id":7768,"date":"2026-04-07T12:45:56","date_gmt":"2026-04-07T10:45:56","guid":{"rendered":"https:\/\/bartart.it\/detalles-de-grendizer\/"},"modified":"2026-04-29T16:28:28","modified_gmt":"2026-04-29T14:28:28","slug":"detalles-de-grendizer","status":"publish","type":"page","link":"https:\/\/bartart.it\/es\/detalles-de-grendizer\/","title":{"rendered":"Detalles de Grendizer"},"content":{"rendered":"<div class=\"wpb-content-wrapper\"><p>[vc_row full_width=\u00bbstretch_row\u00bb css=\u00bb.vc_custom_1761839615022{padding-top: 20px !important;padding-right: 20% !important;padding-bottom: 20px !important;padding-left: 20% !important;background-color: #000000 !important;}\u00bb][vc_column css=\u00bb.vc_custom_1761822807202{background-color: #000000 !important;}\u00bb][vc_custom_heading text=\u00bbEscultura de arcilla de Goldrake\u00bb font_container=\u00bbtag:h1|text_align:left\u00bb css=\u00bb\u00bb el_class=\u00bbvisually-hidden\u00bb][vc_empty_space][vc_single_image image=\u00bb7766&#8243; img_size=\u00bbfull\u00bb alignment=\u00bbcenter\u00bb onclick=\u00bblink_image\u00bb css_animation=\u00bbfadeIn\u00bb css=\u00bb.vc_custom_1775556927618{background-color: #000000 !important;}\u00bb title=\u00bbGoldrake\u00bb][vc_empty_space][vc_column_text css=\u00bb.vc_custom_1775556778633{background-color: #000000 !important;}\u00bb]Esta escultura reinterpreta la figura de Grendizer, s\u00edmbolo de fuerza y \u200b\u200bsalvaci\u00f3n, transform\u00e1ndola en una imagen de decadencia y verdad oculta. El casco, a\u00fan intacto en su grandeza mec\u00e1nica, ya no protege a un h\u00e9roe, sino que revela lo que queda: una calavera, silenciosa y definitiva.<\/p>\n<p>La luz que emerge del interior no es energ\u00eda, sino memoria, un resplandor que ilumina la ausencia en lugar de la vida.<\/p>\n<p>Actarus ya no conduce el coche: se ha convertido en parte de \u00e9l, consumido, vaciado, reducido a una presencia residual. La obra cuestiona el mito de la invencibilidad, mostrando el momento en que el h\u00e9roe se desvanece y la estructura contin\u00faa existiendo sin \u00e9l. El espectador puede elegir si ver una ruina, un naufragio o una forma de supervivencia. Pero en cualquier caso, lo que queda es una pregunta: \u00bfqu\u00e9 queda del h\u00e9roe cuando su rostro desaparece?[\/vc_column_text][\/vc_column][\/vc_row][vc_row][vc_column][\/vc_column][\/vc_row][vc_row full_width=\u00bbstretch_row\u00bb css=\u00bb.vc_custom_1762761426908{background-color: #000000 !important;}\u00bb][vc_column width=\u00bb1\/2&#8243;][vc_raw_html css=\u00bb\u00bb]PHVsIHN0eWxlPSJmb250LXNpemU6IDIwcHg7IHdpZHRoOiBmaXQtY29udGVudDsgbWFyZ2luOiAwIGF1dG87IHBhZGRpbmctbGVmdDogMDsiPgogIDxsaT5OT01CUkU6IEdvbGRyYWtlPC9saT4KICA8bGk+RkVDSEE6IE1hcnpvIGRlIDIwMjY8L2xpPgogIDxsaT5NQVRFUklBTEVTOiBBcmNpbGxhL01hZGVyYTwvbGk+CiAgPGxpPjxzdHJvbmc+UEVTTzo8L3N0cm9uZz4gJmd0Ozcga2c8L2xpPgogIDxsaT5BbHR1cmE6IDMwIGNtPC9saT4KICA8bGk+UHJvZnVuZGlkYWQ6IDE3IGNtPC9saT4KICA8bGk+R3Jvc29yOiAzNCBjbTwvbGk+CjwvdWw+[\/vc_raw_html][\/vc_column][vc_column width=\u00bb1\/2&#8243;][vc_btn title=\u00bbDocumento PDF de esta obra: no disponible.\u00bb align=\u00bbright\u00bb css=\u00bb.vc_custom_1775558726169{border-bottom-width: 40px !important;padding-top: 40px !important;}\u00bb link=\u00bbtarget:_blank|\u00bb][\/vc_column][\/vc_row][vc_row][vc_column][\/vc_column][\/vc_row][vc_row full_width=\u00bbstretch_row\u00bb css=\u00bb.vc_custom_1769178015808{background-color: #000000 !important;border-color: #000000 !important;}\u00bb][vc_column css=\u00bb.vc_custom_1769176157551{background-color: #000000 !important;border-color: #000000 !important;}\u00bb][vc_single_image image=\u00bb7767&#8243; img_size=\u00bbfull\u00bb alignment=\u00bbcenter\u00bb css=\u00bb.vc_custom_1775556965192{background-color: #000000 !important;border-color: #000000 !important;}\u00bb][\/vc_column][\/vc_row]<\/p>\n<\/div>","protected":false},"excerpt":{"rendered":"<p>[vc_row full_width=\u00bbstretch_row\u00bb css=\u00bb.vc_custom_1761839615022{padding-top: 20px !important;padding-right: 20% !important;padding-bottom: 20px !important;padding-left: 20% !important;background-color: #000000 !important;}\u00bb][vc_column css=\u00bb.vc_custom_1761822807202{background-color: #000000 !important;}\u00bb][vc_custom_heading text=\u00bbEscultura de arcilla de Goldrake\u00bb font_container=\u00bbtag:h1|text_align:left\u00bb css=\u00bb\u00bb el_class=\u00bbvisually-hidden\u00bb][vc_empty_space][vc_single_image image=\u00bb7766&#8243; img_size=\u00bbfull\u00bb alignment=\u00bbcenter\u00bb onclick=\u00bblink_image\u00bb css_animation=\u00bbfadeIn\u00bb css=\u00bb.vc_custom_1775556927618{background-color: #000000 !important;}\u00bb title=\u00bbGoldrake\u00bb][vc_empty_space][vc_column_text css=\u00bb.vc_custom_1775556778633{background-color: #000000 !important;}\u00bb]Esta escultura reinterpreta la figura de Grendizer, s\u00edmbolo de fuerza y \u200b\u200bsalvaci\u00f3n, transform\u00e1ndola en una imagen de decadencia y verdad [&hellip;]<\/p>\n","protected":false},"author":2,"featured_media":0,"parent":0,"menu_order":3,"comment_status":"closed","ping_status":"closed","template":"","meta":{"footnotes":""},"class_list":["post-7768","page","type-page","status-publish","hentry"],"yoast_head":"<!-- This site is optimized with the Yoast SEO plugin v26.8 - https:\/\/yoast.com\/product\/yoast-seo-wordpress\/ -->\n<title>Detalles de Grendizer | Bartart<\/title>\n<meta name=\"description\" content=\"Escultura artesanal de la cabeza de Grendizer en arcilla, inspirada en el ic\u00f3nico robot de los a\u00f1os 70. Modelada con meticuloso detalle y acabada con pintura negra para un aspecto oscuro y desgastado. Tambi\u00e9n disponible en una versi\u00f3n sin pulir para mostrar la textura natural de la arcilla. Perfecta para los fans nost\u00e1lgicos y los entusiastas del manga y el anime.\" \/>\n<meta name=\"robots\" content=\"index, follow, max-snippet:-1, max-image-preview:large, max-video-preview:-1\" \/>\n<link rel=\"canonical\" href=\"https:\/\/bartart.it\/es\/detalles-de-grendizer\/\" \/>\n<meta property=\"og:locale\" content=\"es_ES\" \/>\n<meta property=\"og:type\" content=\"article\" \/>\n<meta property=\"og:title\" content=\"Detalles de Grendizer | Bartart\" \/>\n<meta property=\"og:description\" content=\"Escultura artesanal de la cabeza de Grendizer en arcilla, inspirada en el ic\u00f3nico robot de los a\u00f1os 70. Modelada con meticuloso detalle y acabada con pintura negra para un aspecto oscuro y desgastado. Tambi\u00e9n disponible en una versi\u00f3n sin pulir para mostrar la textura natural de la arcilla. Perfecta para los fans nost\u00e1lgicos y los entusiastas del manga y el anime.\" \/>\n<meta property=\"og:url\" content=\"https:\/\/bartart.it\/es\/detalles-de-grendizer\/\" \/>\n<meta property=\"og:site_name\" content=\"Bartart\" \/>\n<meta property=\"article:publisher\" content=\"https:\/\/www.facebook.com\/profile.php?id=61582712773000&amp;sk=photos\" \/>\n<meta property=\"article:modified_time\" content=\"2026-04-29T14:28:28+00:00\" \/>\n<meta property=\"og:image\" content=\"https:\/\/bartart.it\/wp-content\/uploads\/2025\/10\/freepik__the-style-is-candid-image-photography-with-natural__46614.jpeg\" \/>\n\t<meta property=\"og:image:width\" content=\"896\" \/>\n\t<meta property=\"og:image:height\" content=\"1152\" \/>\n\t<meta property=\"og:image:type\" content=\"image\/jpeg\" \/>\n<meta name=\"twitter:card\" content=\"summary_large_image\" \/>\n<meta name=\"twitter:label1\" content=\"Tiempo de lectura\" \/>\n\t<meta name=\"twitter:data1\" content=\"2 minutos\" \/>\n<script type=\"application\/ld+json\" class=\"yoast-schema-graph\">{\"@context\":\"https:\/\/schema.org\",\"@graph\":[{\"@type\":\"WebPage\",\"@id\":\"https:\/\/bartart.it\/es\/detalles-de-grendizer\/\",\"url\":\"https:\/\/bartart.it\/es\/detalles-de-grendizer\/\",\"name\":\"Detalles de Grendizer | Bartart\",\"isPartOf\":{\"@id\":\"https:\/\/bartart.it\/es\/#website\"},\"datePublished\":\"2026-04-07T10:45:56+00:00\",\"dateModified\":\"2026-04-29T14:28:28+00:00\",\"description\":\"Escultura artesanal de la cabeza de Grendizer en arcilla, inspirada en el ic\u00f3nico robot de los a\u00f1os 70. Modelada con meticuloso detalle y acabada con pintura negra para un aspecto oscuro y desgastado. Tambi\u00e9n disponible en una versi\u00f3n sin pulir para mostrar la textura natural de la arcilla. Perfecta para los fans nost\u00e1lgicos y los entusiastas del manga y el anime.\",\"breadcrumb\":{\"@id\":\"https:\/\/bartart.it\/es\/detalles-de-grendizer\/#breadcrumb\"},\"inLanguage\":\"es\",\"potentialAction\":[{\"@type\":\"ReadAction\",\"target\":[\"https:\/\/bartart.it\/es\/detalles-de-grendizer\/\"]}]},{\"@type\":\"BreadcrumbList\",\"@id\":\"https:\/\/bartart.it\/es\/detalles-de-grendizer\/#breadcrumb\",\"itemListElement\":[{\"@type\":\"ListItem\",\"position\":1,\"name\":\"Home\",\"item\":\"https:\/\/bartart.it\/es\/\"},{\"@type\":\"ListItem\",\"position\":2,\"name\":\"Detalles de Grendizer\"}]},{\"@type\":\"WebSite\",\"@id\":\"https:\/\/bartart.it\/es\/#website\",\"url\":\"https:\/\/bartart.it\/es\/\",\"name\":\"bArtArt\",\"description\":\"Scultura in Creta su Misura\",\"publisher\":{\"@id\":\"https:\/\/bartart.it\/es\/#\/schema\/person\/9b4776c2ef49b485779b948861bbfcaf\"},\"alternateName\":\"Sculture in Creta Personalizzate | bArtArt\",\"potentialAction\":[{\"@type\":\"SearchAction\",\"target\":{\"@type\":\"EntryPoint\",\"urlTemplate\":\"https:\/\/bartart.it\/es\/?s={search_term_string}\"},\"query-input\":{\"@type\":\"PropertyValueSpecification\",\"valueRequired\":true,\"valueName\":\"search_term_string\"}}],\"inLanguage\":\"es\"},{\"@type\":[\"Person\",\"Organization\"],\"@id\":\"https:\/\/bartart.it\/es\/#\/schema\/person\/9b4776c2ef49b485779b948861bbfcaf\",\"name\":\"Daniele Bartoli\",\"image\":{\"@type\":\"ImageObject\",\"inLanguage\":\"es\",\"@id\":\"https:\/\/bartart.it\/es\/#\/schema\/person\/image\/\",\"url\":\"https:\/\/bartart.it\/wp-content\/uploads\/2025\/05\/Logo200x200ca-3.jpg\",\"contentUrl\":\"https:\/\/bartart.it\/wp-content\/uploads\/2025\/05\/Logo200x200ca-3.jpg\",\"width\":180,\"height\":76,\"caption\":\"Daniele Bartoli\"},\"logo\":{\"@id\":\"https:\/\/bartart.it\/es\/#\/schema\/person\/image\/\"},\"sameAs\":[\"http:\/\/bartart.it\",\"https:\/\/www.facebook.com\/profile.php?id=61582712773000&sk=photos\",\"https:\/\/www.instagram.com\/bartoli.daniele\/\",\"https:\/\/it.pinterest.com\/bartartscultureincretapersonal\/\",\"https:\/\/studio.youtube.com\/channel\/UC6ShOq_jGblxgQFWzYJNbrQ\"]}]}<\/script>\n<!-- \/ Yoast SEO plugin. -->","yoast_head_json":{"title":"Detalles de Grendizer | Bartart","description":"Escultura artesanal de la cabeza de Grendizer en arcilla, inspirada en el ic\u00f3nico robot de los a\u00f1os 70. Modelada con meticuloso detalle y acabada con pintura negra para un aspecto oscuro y desgastado. Tambi\u00e9n disponible en una versi\u00f3n sin pulir para mostrar la textura natural de la arcilla. Perfecta para los fans nost\u00e1lgicos y los entusiastas del manga y el anime.","robots":{"index":"index","follow":"follow","max-snippet":"max-snippet:-1","max-image-preview":"max-image-preview:large","max-video-preview":"max-video-preview:-1"},"canonical":"https:\/\/bartart.it\/es\/detalles-de-grendizer\/","og_locale":"es_ES","og_type":"article","og_title":"Detalles de Grendizer | Bartart","og_description":"Escultura artesanal de la cabeza de Grendizer en arcilla, inspirada en el ic\u00f3nico robot de los a\u00f1os 70. Modelada con meticuloso detalle y acabada con pintura negra para un aspecto oscuro y desgastado. Tambi\u00e9n disponible en una versi\u00f3n sin pulir para mostrar la textura natural de la arcilla. Perfecta para los fans nost\u00e1lgicos y los entusiastas del manga y el anime.","og_url":"https:\/\/bartart.it\/es\/detalles-de-grendizer\/","og_site_name":"Bartart","article_publisher":"https:\/\/www.facebook.com\/profile.php?id=61582712773000&sk=photos","article_modified_time":"2026-04-29T14:28:28+00:00","og_image":[{"width":896,"height":1152,"url":"https:\/\/bartart.it\/wp-content\/uploads\/2025\/10\/freepik__the-style-is-candid-image-photography-with-natural__46614.jpeg","type":"image\/jpeg"}],"twitter_card":"summary_large_image","twitter_misc":{"Tiempo de lectura":"2 minutos"},"schema":{"@context":"https:\/\/schema.org","@graph":[{"@type":"WebPage","@id":"https:\/\/bartart.it\/es\/detalles-de-grendizer\/","url":"https:\/\/bartart.it\/es\/detalles-de-grendizer\/","name":"Detalles de Grendizer | Bartart","isPartOf":{"@id":"https:\/\/bartart.it\/es\/#website"},"datePublished":"2026-04-07T10:45:56+00:00","dateModified":"2026-04-29T14:28:28+00:00","description":"Escultura artesanal de la cabeza de Grendizer en arcilla, inspirada en el ic\u00f3nico robot de los a\u00f1os 70. Modelada con meticuloso detalle y acabada con pintura negra para un aspecto oscuro y desgastado. Tambi\u00e9n disponible en una versi\u00f3n sin pulir para mostrar la textura natural de la arcilla. Perfecta para los fans nost\u00e1lgicos y los entusiastas del manga y el anime.","breadcrumb":{"@id":"https:\/\/bartart.it\/es\/detalles-de-grendizer\/#breadcrumb"},"inLanguage":"es","potentialAction":[{"@type":"ReadAction","target":["https:\/\/bartart.it\/es\/detalles-de-grendizer\/"]}]},{"@type":"BreadcrumbList","@id":"https:\/\/bartart.it\/es\/detalles-de-grendizer\/#breadcrumb","itemListElement":[{"@type":"ListItem","position":1,"name":"Home","item":"https:\/\/bartart.it\/es\/"},{"@type":"ListItem","position":2,"name":"Detalles de Grendizer"}]},{"@type":"WebSite","@id":"https:\/\/bartart.it\/es\/#website","url":"https:\/\/bartart.it\/es\/","name":"bArtArt","description":"Scultura in Creta su Misura","publisher":{"@id":"https:\/\/bartart.it\/es\/#\/schema\/person\/9b4776c2ef49b485779b948861bbfcaf"},"alternateName":"Sculture in Creta Personalizzate | bArtArt","potentialAction":[{"@type":"SearchAction","target":{"@type":"EntryPoint","urlTemplate":"https:\/\/bartart.it\/es\/?s={search_term_string}"},"query-input":{"@type":"PropertyValueSpecification","valueRequired":true,"valueName":"search_term_string"}}],"inLanguage":"es"},{"@type":["Person","Organization"],"@id":"https:\/\/bartart.it\/es\/#\/schema\/person\/9b4776c2ef49b485779b948861bbfcaf","name":"Daniele Bartoli","image":{"@type":"ImageObject","inLanguage":"es","@id":"https:\/\/bartart.it\/es\/#\/schema\/person\/image\/","url":"https:\/\/bartart.it\/wp-content\/uploads\/2025\/05\/Logo200x200ca-3.jpg","contentUrl":"https:\/\/bartart.it\/wp-content\/uploads\/2025\/05\/Logo200x200ca-3.jpg","width":180,"height":76,"caption":"Daniele Bartoli"},"logo":{"@id":"https:\/\/bartart.it\/es\/#\/schema\/person\/image\/"},"sameAs":["http:\/\/bartart.it","https:\/\/www.facebook.com\/profile.php?id=61582712773000&sk=photos","https:\/\/www.instagram.com\/bartoli.daniele\/","https:\/\/it.pinterest.com\/bartartscultureincretapersonal\/","https:\/\/studio.youtube.com\/channel\/UC6ShOq_jGblxgQFWzYJNbrQ"]}]}},"_links":{"self":[{"href":"https:\/\/bartart.it\/es\/wp-json\/wp\/v2\/pages\/7768","targetHints":{"allow":["GET"]}}],"collection":[{"href":"https:\/\/bartart.it\/es\/wp-json\/wp\/v2\/pages"}],"about":[{"href":"https:\/\/bartart.it\/es\/wp-json\/wp\/v2\/types\/page"}],"author":[{"embeddable":true,"href":"https:\/\/bartart.it\/es\/wp-json\/wp\/v2\/users\/2"}],"replies":[{"embeddable":true,"href":"https:\/\/bartart.it\/es\/wp-json\/wp\/v2\/comments?post=7768"}],"version-history":[{"count":7,"href":"https:\/\/bartart.it\/es\/wp-json\/wp\/v2\/pages\/7768\/revisions"}],"predecessor-version":[{"id":8053,"href":"https:\/\/bartart.it\/es\/wp-json\/wp\/v2\/pages\/7768\/revisions\/8053"}],"wp:attachment":[{"href":"https:\/\/bartart.it\/es\/wp-json\/wp\/v2\/media?parent=7768"}],"curies":[{"name":"wp","href":"https:\/\/api.w.org\/{rel}","templated":true}]}}