{"id":7788,"date":"2025-10-17T10:14:06","date_gmt":"2025-10-17T08:14:06","guid":{"rendered":"https:\/\/bartart.it\/detalles-del-caracol\/"},"modified":"2026-05-05T12:37:24","modified_gmt":"2026-05-05T10:37:24","slug":"detalles-del-caracol","status":"publish","type":"page","link":"https:\/\/bartart.it\/es\/detalles-del-caracol\/","title":{"rendered":"Detalles del caracol"},"content":{"rendered":"<div class=\"wpb-content-wrapper\"><p>[vc_row full_width=\u00bbstretch_row\u00bb css=\u00bb.vc_custom_1761840482487{padding-top: 20px !important;padding-right: 20% !important;padding-bottom: 20px !important;padding-left: 20% !important;background-color: #000000 !important;}\u00bb][vc_column][vc_custom_heading text=\u00bbCaracol, una obra hecha de arcilla.\u00bb font_container=\u00bbtag:h1|text_align:center\u00bb google_fonts=\u00bbfont_family:ABeeZee%3Aregular%2Citalic|font_style:400%20regular%3A400%3Anormal\u00bb css=\u00bb\u00bb][vc_empty_space][vc_single_image image=\u00bb7786&#8243; img_size=\u00bbfull\u00bb alignment=\u00bbcenter\u00bb onclick=\u00bblink_image\u00bb css_animation=\u00bbfadeIn\u00bb css=\u00bb\u00bb title=\u00bbSiLENtium IGNis (el silencio del fuego)\u00bb][vc_empty_space][vc_column_text css_animation=\u00bbnone\u00bb css=\u00bb\u00bb]<\/p>\n<p style=\"text-align: justify;\">Con Luce dal Buio (Luz desde la oscuridad), la contemplativa lentitud del caracol se transforma en una pesadilla po\u00e9tica. A primera vista, la criatura parece la t\u00edpica figura pl\u00e1cida y humilde de jard\u00edn, pero al observarla con detenimiento, se revela lo inesperado: una boca abierta y atroz, llena de afilados dientes, que destroza la imagen de serenidad y la transforma en una reflexi\u00f3n visual sobre el doble, la alteraci\u00f3n, el miedo que acecha en la vida cotidiana. La obra se inspira en las pinturas de mi amiga Roberta Betti, explorando el tema de la creaci\u00f3n que escapa al control de su autor.<br \/>\nPero Luce dal Buio va m\u00e1s all\u00e1: puede albergar hasta dos velas o peque\u00f1os LED, transform\u00e1ndose en una fuente de luz suave que intensifica a\u00fan m\u00e1s el contraste: la monstruosidad que, parad\u00f3jicamente, se convierte en luz y calor.<\/p>\n<p>Una pieza de artesan\u00eda contempor\u00e1nea que une <strong>dise\u00f1o, simbolismo e inquietud<\/strong>, perfecto para aquellos que aman las obras que pueden desorientar, hacer pensar y\u2026 fascinar.[\/vc_column_text][\/vc_column][\/vc_row][vc_row][vc_column][\/vc_column][\/vc_row][vc_row full_width=\u00bbstretch_row\u00bb css=\u00bb.vc_custom_1762763496844{background-color: #000000 !important;}\u00bb][vc_column width=\u00bb1\/2&#8243;][vc_raw_html css=\u00bb\u00bb]PHVsIHN0eWxlPSJmb250LXNpemU6IDIwcHg7IHdpZHRoOiBmaXQtY29udGVudDsgbWFyZ2luOiAwIGF1dG87IHBhZGRpbmctbGVmdDogMDsiPgogIDxsaT5Ob21icmUgZGUgbGEgb2JyYTogU2lsZW50aXVtIElnbmlzIChFbCBzaWxlbmNpbyBkZWwgZnVlZ28pPC9saT4KICA8bGk+QW5jaG86IDE5IGNtPC9saT4KICA8bGk+QWx0dXJhOiAxNSBjbTwvbGk+CiAgPGxpPlByb2Z1bmRpZGFkOiAzMyBjbTwvbGk+CiAgPGxpPjxzdHJvbmc+UGVzbzo8L3N0cm9uZz4gMiw2IEtnPC9saT4KICA8bGk+RmVjaGE6IHNlcHRpZW1icmUgZGUgMjAyNTwvbGk+CjwvdWw+Cg==[\/vc_raw_html][\/vc_column][vc_column width=\u00bb1\/2&#8243;][vc_btn title=\u00bbNo se encuentra disponible el documento PDF de esta obra.\u00bb align=\u00bbright\u00bb css=\u00bb.vc_custom_1765461189100{border-bottom-width: 40px !important;padding-top: 40px !important;}\u00bb link=\u00bburl:https%3A%2F%2Fbartart.it%2Fwp-content%2Fuploads%2F2025%2F12%2FTeast_Scheda_SiLENtium-IGNis-_V.0.5.pdf|target:_blank|\u00bb][\/vc_column][\/vc_row][vc_row][vc_column][\/vc_column][\/vc_row][vc_row full_width=\u00bbstretch_row\u00bb css=\u00bb.vc_custom_1769177111865{background-color: #000000 !important;border-color: #000000 !important;}\u00bb][vc_column][vc_single_image image=\u00bb7787&#8243; img_size=\u00bbfull\u00bb alignment=\u00bbcenter\u00bb css=\u00bb\u00bb][\/vc_column][\/vc_row]<\/p>\n<\/div>","protected":false},"excerpt":{"rendered":"<p>[vc_row full_width=\u00bbstretch_row\u00bb css=\u00bb.vc_custom_1761840482487{padding-top: 20px !important;padding-right: 20% !important;padding-bottom: 20px !important;padding-left: 20% !important;background-color: #000000 !important;}\u00bb][vc_column][vc_custom_heading text=\u00bbCaracol, una obra hecha de arcilla.\u00bb font_container=\u00bbtag:h1|text_align:center\u00bb google_fonts=\u00bbfont_family:ABeeZee%3Aregular%2Citalic|font_style:400%20regular%3A400%3Anormal\u00bb css=\u00bb\u00bb][vc_empty_space][vc_single_image image=\u00bb7786&#8243; img_size=\u00bbfull\u00bb alignment=\u00bbcenter\u00bb onclick=\u00bblink_image\u00bb css_animation=\u00bbfadeIn\u00bb css=\u00bb\u00bb title=\u00bbSiLENtium IGNis (el silencio del fuego)\u00bb][vc_empty_space][vc_column_text css_animation=\u00bbnone\u00bb css=\u00bb\u00bb] Con Luce dal Buio (Luz desde la oscuridad), la contemplativa lentitud del caracol se transforma en una pesadilla po\u00e9tica. [&hellip;]<\/p>\n","protected":false},"author":2,"featured_media":0,"parent":0,"menu_order":3,"comment_status":"closed","ping_status":"closed","template":"","meta":{"footnotes":""},"class_list":["post-7788","page","type-page","status-publish","hentry"],"yoast_head":"<!-- This site is optimized with the Yoast SEO plugin v26.8 - https:\/\/yoast.com\/product\/yoast-seo-wordpress\/ -->\n<title>Detalles del caracol | Bartart<\/title>\n<meta name=\"description\" content=\"Un caracol de arcilla esculpido a mano, una escultura independiente que puede usarse como l\u00e1mpara con un gran impacto visual. Un ejemplo de c\u00f3mo una obra de arte puede adaptarse a un contexto, como una pintura de la artista Roberta Betti; ideal para espacios modernos y de dise\u00f1o.\" \/>\n<meta name=\"robots\" content=\"index, follow, max-snippet:-1, max-image-preview:large, max-video-preview:-1\" \/>\n<link rel=\"canonical\" href=\"https:\/\/bartart.it\/es\/detalles-del-caracol\/\" \/>\n<meta property=\"og:locale\" content=\"es_ES\" \/>\n<meta property=\"og:type\" content=\"article\" \/>\n<meta property=\"og:title\" content=\"Detalles del caracol | Bartart\" \/>\n<meta property=\"og:description\" content=\"Un caracol de arcilla esculpido a mano, una escultura independiente que puede usarse como l\u00e1mpara con un gran impacto visual. Un ejemplo de c\u00f3mo una obra de arte puede adaptarse a un contexto, como una pintura de la artista Roberta Betti; ideal para espacios modernos y de dise\u00f1o.\" \/>\n<meta property=\"og:url\" content=\"https:\/\/bartart.it\/es\/detalles-del-caracol\/\" \/>\n<meta property=\"og:site_name\" content=\"Bartart\" \/>\n<meta property=\"article:publisher\" content=\"https:\/\/www.facebook.com\/profile.php?id=61582712773000&amp;sk=photos\" \/>\n<meta property=\"article:modified_time\" content=\"2026-05-05T10:37:24+00:00\" \/>\n<meta property=\"og:image\" content=\"https:\/\/bartart.it\/wp-content\/uploads\/2025\/10\/freepik__the-style-is-candid-image-photography-with-natural__46614.jpeg\" \/>\n\t<meta property=\"og:image:width\" content=\"896\" \/>\n\t<meta property=\"og:image:height\" content=\"1152\" \/>\n\t<meta property=\"og:image:type\" content=\"image\/jpeg\" \/>\n<meta name=\"twitter:card\" content=\"summary_large_image\" \/>\n<meta name=\"twitter:label1\" content=\"Tiempo de lectura\" \/>\n\t<meta name=\"twitter:data1\" content=\"2 minutos\" \/>\n<script type=\"application\/ld+json\" class=\"yoast-schema-graph\">{\"@context\":\"https:\/\/schema.org\",\"@graph\":[{\"@type\":\"WebPage\",\"@id\":\"https:\/\/bartart.it\/es\/detalles-del-caracol\/\",\"url\":\"https:\/\/bartart.it\/es\/detalles-del-caracol\/\",\"name\":\"Detalles del caracol | Bartart\",\"isPartOf\":{\"@id\":\"https:\/\/bartart.it\/es\/#website\"},\"datePublished\":\"2025-10-17T08:14:06+00:00\",\"dateModified\":\"2026-05-05T10:37:24+00:00\",\"description\":\"Un caracol de arcilla esculpido a mano, una escultura independiente que puede usarse como l\u00e1mpara con un gran impacto visual. Un ejemplo de c\u00f3mo una obra de arte puede adaptarse a un contexto, como una pintura de la artista Roberta Betti; ideal para espacios modernos y de dise\u00f1o.\",\"breadcrumb\":{\"@id\":\"https:\/\/bartart.it\/es\/detalles-del-caracol\/#breadcrumb\"},\"inLanguage\":\"es\",\"potentialAction\":[{\"@type\":\"ReadAction\",\"target\":[\"https:\/\/bartart.it\/es\/detalles-del-caracol\/\"]}]},{\"@type\":\"BreadcrumbList\",\"@id\":\"https:\/\/bartart.it\/es\/detalles-del-caracol\/#breadcrumb\",\"itemListElement\":[{\"@type\":\"ListItem\",\"position\":1,\"name\":\"Home\",\"item\":\"https:\/\/bartart.it\/es\/\"},{\"@type\":\"ListItem\",\"position\":2,\"name\":\"Obra Caracol\"}]},{\"@type\":\"WebSite\",\"@id\":\"https:\/\/bartart.it\/es\/#website\",\"url\":\"https:\/\/bartart.it\/es\/\",\"name\":\"bArtArt\",\"description\":\"Scultura in Creta su Misura\",\"publisher\":{\"@id\":\"https:\/\/bartart.it\/es\/#\/schema\/person\/9b4776c2ef49b485779b948861bbfcaf\"},\"alternateName\":\"Sculture in Creta Personalizzate | bArtArt\",\"potentialAction\":[{\"@type\":\"SearchAction\",\"target\":{\"@type\":\"EntryPoint\",\"urlTemplate\":\"https:\/\/bartart.it\/es\/?s={search_term_string}\"},\"query-input\":{\"@type\":\"PropertyValueSpecification\",\"valueRequired\":true,\"valueName\":\"search_term_string\"}}],\"inLanguage\":\"es\"},{\"@type\":[\"Person\",\"Organization\"],\"@id\":\"https:\/\/bartart.it\/es\/#\/schema\/person\/9b4776c2ef49b485779b948861bbfcaf\",\"name\":\"Daniele Bartoli\",\"image\":{\"@type\":\"ImageObject\",\"inLanguage\":\"es\",\"@id\":\"https:\/\/bartart.it\/es\/#\/schema\/person\/image\/\",\"url\":\"https:\/\/bartart.it\/wp-content\/uploads\/2025\/05\/Logo200x200ca-3.jpg\",\"contentUrl\":\"https:\/\/bartart.it\/wp-content\/uploads\/2025\/05\/Logo200x200ca-3.jpg\",\"width\":180,\"height\":76,\"caption\":\"Daniele Bartoli\"},\"logo\":{\"@id\":\"https:\/\/bartart.it\/es\/#\/schema\/person\/image\/\"},\"sameAs\":[\"http:\/\/bartart.it\",\"https:\/\/www.facebook.com\/profile.php?id=61582712773000&sk=photos\",\"https:\/\/www.instagram.com\/bartoli.daniele\/\",\"https:\/\/it.pinterest.com\/bartartscultureincretapersonal\/\",\"https:\/\/studio.youtube.com\/channel\/UC6ShOq_jGblxgQFWzYJNbrQ\"]}]}<\/script>\n<!-- \/ Yoast SEO plugin. -->","yoast_head_json":{"title":"Detalles del caracol | Bartart","description":"Un caracol de arcilla esculpido a mano, una escultura independiente que puede usarse como l\u00e1mpara con un gran impacto visual. Un ejemplo de c\u00f3mo una obra de arte puede adaptarse a un contexto, como una pintura de la artista Roberta Betti; ideal para espacios modernos y de dise\u00f1o.","robots":{"index":"index","follow":"follow","max-snippet":"max-snippet:-1","max-image-preview":"max-image-preview:large","max-video-preview":"max-video-preview:-1"},"canonical":"https:\/\/bartart.it\/es\/detalles-del-caracol\/","og_locale":"es_ES","og_type":"article","og_title":"Detalles del caracol | Bartart","og_description":"Un caracol de arcilla esculpido a mano, una escultura independiente que puede usarse como l\u00e1mpara con un gran impacto visual. Un ejemplo de c\u00f3mo una obra de arte puede adaptarse a un contexto, como una pintura de la artista Roberta Betti; ideal para espacios modernos y de dise\u00f1o.","og_url":"https:\/\/bartart.it\/es\/detalles-del-caracol\/","og_site_name":"Bartart","article_publisher":"https:\/\/www.facebook.com\/profile.php?id=61582712773000&sk=photos","article_modified_time":"2026-05-05T10:37:24+00:00","og_image":[{"width":896,"height":1152,"url":"https:\/\/bartart.it\/wp-content\/uploads\/2025\/10\/freepik__the-style-is-candid-image-photography-with-natural__46614.jpeg","type":"image\/jpeg"}],"twitter_card":"summary_large_image","twitter_misc":{"Tiempo de lectura":"2 minutos"},"schema":{"@context":"https:\/\/schema.org","@graph":[{"@type":"WebPage","@id":"https:\/\/bartart.it\/es\/detalles-del-caracol\/","url":"https:\/\/bartart.it\/es\/detalles-del-caracol\/","name":"Detalles del caracol | Bartart","isPartOf":{"@id":"https:\/\/bartart.it\/es\/#website"},"datePublished":"2025-10-17T08:14:06+00:00","dateModified":"2026-05-05T10:37:24+00:00","description":"Un caracol de arcilla esculpido a mano, una escultura independiente que puede usarse como l\u00e1mpara con un gran impacto visual. Un ejemplo de c\u00f3mo una obra de arte puede adaptarse a un contexto, como una pintura de la artista Roberta Betti; ideal para espacios modernos y de dise\u00f1o.","breadcrumb":{"@id":"https:\/\/bartart.it\/es\/detalles-del-caracol\/#breadcrumb"},"inLanguage":"es","potentialAction":[{"@type":"ReadAction","target":["https:\/\/bartart.it\/es\/detalles-del-caracol\/"]}]},{"@type":"BreadcrumbList","@id":"https:\/\/bartart.it\/es\/detalles-del-caracol\/#breadcrumb","itemListElement":[{"@type":"ListItem","position":1,"name":"Home","item":"https:\/\/bartart.it\/es\/"},{"@type":"ListItem","position":2,"name":"Obra Caracol"}]},{"@type":"WebSite","@id":"https:\/\/bartart.it\/es\/#website","url":"https:\/\/bartart.it\/es\/","name":"bArtArt","description":"Scultura in Creta su Misura","publisher":{"@id":"https:\/\/bartart.it\/es\/#\/schema\/person\/9b4776c2ef49b485779b948861bbfcaf"},"alternateName":"Sculture in Creta Personalizzate | bArtArt","potentialAction":[{"@type":"SearchAction","target":{"@type":"EntryPoint","urlTemplate":"https:\/\/bartart.it\/es\/?s={search_term_string}"},"query-input":{"@type":"PropertyValueSpecification","valueRequired":true,"valueName":"search_term_string"}}],"inLanguage":"es"},{"@type":["Person","Organization"],"@id":"https:\/\/bartart.it\/es\/#\/schema\/person\/9b4776c2ef49b485779b948861bbfcaf","name":"Daniele Bartoli","image":{"@type":"ImageObject","inLanguage":"es","@id":"https:\/\/bartart.it\/es\/#\/schema\/person\/image\/","url":"https:\/\/bartart.it\/wp-content\/uploads\/2025\/05\/Logo200x200ca-3.jpg","contentUrl":"https:\/\/bartart.it\/wp-content\/uploads\/2025\/05\/Logo200x200ca-3.jpg","width":180,"height":76,"caption":"Daniele Bartoli"},"logo":{"@id":"https:\/\/bartart.it\/es\/#\/schema\/person\/image\/"},"sameAs":["http:\/\/bartart.it","https:\/\/www.facebook.com\/profile.php?id=61582712773000&sk=photos","https:\/\/www.instagram.com\/bartoli.daniele\/","https:\/\/it.pinterest.com\/bartartscultureincretapersonal\/","https:\/\/studio.youtube.com\/channel\/UC6ShOq_jGblxgQFWzYJNbrQ"]}]}},"_links":{"self":[{"href":"https:\/\/bartart.it\/es\/wp-json\/wp\/v2\/pages\/7788","targetHints":{"allow":["GET"]}}],"collection":[{"href":"https:\/\/bartart.it\/es\/wp-json\/wp\/v2\/pages"}],"about":[{"href":"https:\/\/bartart.it\/es\/wp-json\/wp\/v2\/types\/page"}],"author":[{"embeddable":true,"href":"https:\/\/bartart.it\/es\/wp-json\/wp\/v2\/users\/2"}],"replies":[{"embeddable":true,"href":"https:\/\/bartart.it\/es\/wp-json\/wp\/v2\/comments?post=7788"}],"version-history":[{"count":5,"href":"https:\/\/bartart.it\/es\/wp-json\/wp\/v2\/pages\/7788\/revisions"}],"predecessor-version":[{"id":8062,"href":"https:\/\/bartart.it\/es\/wp-json\/wp\/v2\/pages\/7788\/revisions\/8062"}],"wp:attachment":[{"href":"https:\/\/bartart.it\/es\/wp-json\/wp\/v2\/media?parent=7788"}],"curies":[{"name":"wp","href":"https:\/\/api.w.org\/{rel}","templated":true}]}}