{"id":7794,"date":"2025-11-07T18:04:19","date_gmt":"2025-11-07T17:04:19","guid":{"rendered":"https:\/\/bartart.it\/detalles-del-lobo\/"},"modified":"2026-05-05T12:40:28","modified_gmt":"2026-05-05T10:40:28","slug":"detalles-del-lobo","status":"publish","type":"page","link":"https:\/\/bartart.it\/es\/detalles-del-lobo\/","title":{"rendered":"Detalles del lobo"},"content":{"rendered":"<div class=\"wpb-content-wrapper\"><p>[vc_row full_width=\u00bbstretch_row\u00bb css=\u00bb.vc_custom_1762536433838{background-color: #000000 !important;}\u00bb][vc_column css=\u00bb.vc_custom_1762595819249{background-color: #000000 !important;}\u00bb][vc_custom_heading text=\u00bbL\u00e1mpara art\u00edstica, cabeza de lobo de arcilla\u00bb font_container=\u00bbtag:h1|text_align:center\u00bb google_fonts=\u00bbfont_family:ABeeZee%3Aregular%2Citalic|font_style:400%20regular%3A400%3Anormal\u00bb css=\u00bb\u00bb][vc_empty_space css=\u00bb.vc_custom_1762536440524{background-color: #000000 !important;}\u00bb][vc_single_image image=\u00bb7728&#8243; img_size=\u00bbfull\u00bb alignment=\u00bbcenter\u00bb onclick=\u00bblink_image\u00bb css_animation=\u00bbfadeIn\u00bb css=\u00bb.vc_custom_1762595918185{background-color: #000000 !important;}\u00bb title=\u00bbMiedos y luces nocturnas\u00bb][vc_empty_space css=\u00bb.vc_custom_1762536457164{background-color: #000000 !important;}\u00bb][vc_column_text css=\u00bb.vc_custom_1768908151392{background-color: #000000 !important;}\u00bb]<\/p>\n<p style=\"text-align: justify;\">El lobo es un animal fascinante y peligroso a la vez. No pertenece al reino de la fantas\u00eda: a\u00fan habita nuestras tierras y nuestros sue\u00f1os. Es nocturno, cauteloso y sociable. Figura ancestral del miedo, lo encontramos en los cuentos de hadas desde la infancia, siempre entre los \u00abmalos\u00bb. En esta escultura, el lobo se transforma literalmente en una luz nocturna. Su boca abierta, congelada en el tiempo, cobra vida al caer la noche, convirti\u00e9ndose en una presencia viva. As\u00ed, su coto de caza \u2014la noche\u2014 entra en nuestros hogares, en un contraste que une miedo y belleza, ferocidad y quietud. El lobo es una presencia ancestral, fascinante y temida. No pertenece al reino de la fantas\u00eda: a\u00fan habita nuestras tierras y, como siempre, nuestros sue\u00f1os. Es una criatura nocturna, cautelosa y sociable, una sombra que se mueve silenciosamente al borde de la luz. Figura ancestral del miedo, el lobo nos ha acompa\u00f1ado desde la infancia, donde en los cuentos de hadas desempe\u00f1a el papel del \u00abmalo\u00bb. En esta escultura, sin embargo, su papel se transforma: la materia se convierte en luz, la bestia en linterna. Al caer la noche, su boca abierta se ilumina y su esp\u00edritu salvaje se cuela en nuestros hogares. Es un retorno simb\u00f3lico a la noche, al lado instintivo e irracional que todos llevamos dentro. Un fr\u00e1gil equilibrio entre el miedo y la belleza, entre la sombra y la luz.<\/p>\n<p>[\/vc_column_text][\/vc_column][\/vc_row][vc_row][vc_column][\/vc_column][\/vc_row][vc_row full_width=\u00bbstretch_row\u00bb css=\u00bb.vc_custom_1762763568285{background-color: #000000 !important;}\u00bb][vc_column width=\u00bb1\/2&#8243;][vc_raw_html css=\u00bb\u00bb]PHVsIHN0eWxlPSJmb250LXNpemU6IDIwcHg7IHdpZHRoOiBmaXQtY29udGVudDsgbWFyZ2luOiAwIGF1dG87IHBhZGRpbmctbGVmdDogMDsiPgogIDxsaT5Ob21icmUgZGVsIFRyYWJham86IExvYm88L2xpPgogIDxsaT5BbmNobzogMjAgY208L2xpPgogIDxsaT5BbHR1cmE6IDIwIGNtPC9saT4KICA8bGk+PHN0cm9uZz5Qcm9mdW5kaWRhZDogMjcgY208L3N0cm9uZz4gPC9saT4KICA8bGk+PHN0cm9uZz5QZXNvOiAyLDUgS2c8L3N0cm9uZz4gPC9saT4KICA8bGk+RmVjaGE6IG9jdHVicmUgZGUgMjAyNTwvbGk+CjwvdWw+Cg==[\/vc_raw_html][\/vc_column][vc_column width=\u00bb1\/2&#8243;][vc_btn title=\u00bbNo se encuentra disponible el documento PDF de esta obra.\u00bb align=\u00bbright\u00bb css=\u00bb.vc_custom_1765461264899{padding-top: 40px !important;padding-bottom: 40px !important;}\u00bb link=\u00bburl:https%3A%2F%2Fbartart.it%2Fwp-content%2Fuploads%2F2025%2F12%2FTeast_Scheda_Lupo_V.0.5.pdf|target:_blank|\u00bb][\/vc_column][\/vc_row][vc_row][vc_column][\/vc_column][\/vc_row][vc_row full_width=\u00bbstretch_row\u00bb css=\u00bb.vc_custom_1769177264017{background-color: #000000 !important;border-color: #000000 !important;}\u00bb][vc_column][vc_single_image image=\u00bb7792&#8243; img_size=\u00bbfull\u00bb alignment=\u00bbcenter\u00bb css=\u00bb\u00bb][\/vc_column][\/vc_row]<\/p>\n<\/div>","protected":false},"excerpt":{"rendered":"<p>[vc_row full_width=\u00bbstretch_row\u00bb css=\u00bb.vc_custom_1762536433838{background-color: #000000 !important;}\u00bb][vc_column css=\u00bb.vc_custom_1762595819249{background-color: #000000 !important;}\u00bb][vc_custom_heading text=\u00bbL\u00e1mpara art\u00edstica, cabeza de lobo de arcilla\u00bb font_container=\u00bbtag:h1|text_align:center\u00bb google_fonts=\u00bbfont_family:ABeeZee%3Aregular%2Citalic|font_style:400%20regular%3A400%3Anormal\u00bb css=\u00bb\u00bb][vc_empty_space css=\u00bb.vc_custom_1762536440524{background-color: #000000 !important;}\u00bb][vc_single_image image=\u00bb7728&#8243; img_size=\u00bbfull\u00bb alignment=\u00bbcenter\u00bb onclick=\u00bblink_image\u00bb css_animation=\u00bbfadeIn\u00bb css=\u00bb.vc_custom_1762595918185{background-color: #000000 !important;}\u00bb title=\u00bbMiedos y luces nocturnas\u00bb][vc_empty_space css=\u00bb.vc_custom_1762536457164{background-color: #000000 !important;}\u00bb][vc_column_text css=\u00bb.vc_custom_1768908151392{background-color: #000000 !important;}\u00bb] El lobo es un animal fascinante y peligroso a la vez. No pertenece al reino de [&hellip;]<\/p>\n","protected":false},"author":2,"featured_media":0,"parent":0,"menu_order":3,"comment_status":"closed","ping_status":"closed","template":"","meta":{"footnotes":""},"class_list":["post-7794","page","type-page","status-publish","hentry"],"yoast_head":"<!-- This site is optimized with the Yoast SEO plugin v26.8 - https:\/\/yoast.com\/product\/yoast-seo-wordpress\/ -->\n<title>Detalles del lobo | Bartart<\/title>\n<meta name=\"description\" content=\"Escultura con forma de cabeza de lobo e iluminaci\u00f3n integrada. Una pieza decorativa de pared visualmente impactante, ideal como luz nocturna de dise\u00f1o.\" \/>\n<meta name=\"robots\" content=\"index, follow, max-snippet:-1, max-image-preview:large, max-video-preview:-1\" \/>\n<link rel=\"canonical\" href=\"https:\/\/bartart.it\/es\/detalles-del-lobo\/\" \/>\n<meta property=\"og:locale\" content=\"es_ES\" \/>\n<meta property=\"og:type\" content=\"article\" \/>\n<meta property=\"og:title\" content=\"Detalles del lobo | Bartart\" \/>\n<meta property=\"og:description\" content=\"Escultura con forma de cabeza de lobo e iluminaci\u00f3n integrada. Una pieza decorativa de pared visualmente impactante, ideal como luz nocturna de dise\u00f1o.\" \/>\n<meta property=\"og:url\" content=\"https:\/\/bartart.it\/es\/detalles-del-lobo\/\" \/>\n<meta property=\"og:site_name\" content=\"Bartart\" \/>\n<meta property=\"article:publisher\" content=\"https:\/\/www.facebook.com\/profile.php?id=61582712773000&amp;sk=photos\" \/>\n<meta property=\"article:modified_time\" content=\"2026-05-05T10:40:28+00:00\" \/>\n<meta property=\"og:image\" content=\"https:\/\/bartart.it\/wp-content\/uploads\/2025\/10\/freepik__the-style-is-candid-image-photography-with-natural__46614.jpeg\" \/>\n\t<meta property=\"og:image:width\" content=\"896\" \/>\n\t<meta property=\"og:image:height\" content=\"1152\" \/>\n\t<meta property=\"og:image:type\" content=\"image\/jpeg\" \/>\n<meta name=\"twitter:card\" content=\"summary_large_image\" \/>\n<meta name=\"twitter:label1\" content=\"Tiempo de lectura\" \/>\n\t<meta name=\"twitter:data1\" content=\"2 minutos\" \/>\n<script type=\"application\/ld+json\" class=\"yoast-schema-graph\">{\"@context\":\"https:\/\/schema.org\",\"@graph\":[{\"@type\":\"WebPage\",\"@id\":\"https:\/\/bartart.it\/es\/detalles-del-lobo\/\",\"url\":\"https:\/\/bartart.it\/es\/detalles-del-lobo\/\",\"name\":\"Detalles del lobo | Bartart\",\"isPartOf\":{\"@id\":\"https:\/\/bartart.it\/es\/#website\"},\"datePublished\":\"2025-11-07T17:04:19+00:00\",\"dateModified\":\"2026-05-05T10:40:28+00:00\",\"description\":\"Escultura con forma de cabeza de lobo e iluminaci\u00f3n integrada. Una pieza decorativa de pared visualmente impactante, ideal como luz nocturna de dise\u00f1o.\",\"breadcrumb\":{\"@id\":\"https:\/\/bartart.it\/es\/detalles-del-lobo\/#breadcrumb\"},\"inLanguage\":\"es\",\"potentialAction\":[{\"@type\":\"ReadAction\",\"target\":[\"https:\/\/bartart.it\/es\/detalles-del-lobo\/\"]}]},{\"@type\":\"BreadcrumbList\",\"@id\":\"https:\/\/bartart.it\/es\/detalles-del-lobo\/#breadcrumb\",\"itemListElement\":[{\"@type\":\"ListItem\",\"position\":1,\"name\":\"Home\",\"item\":\"https:\/\/bartart.it\/es\/\"},{\"@type\":\"ListItem\",\"position\":2,\"name\":\"Lobo \u2013 Escultura en Arcilla Hecha a Mano\"}]},{\"@type\":\"WebSite\",\"@id\":\"https:\/\/bartart.it\/es\/#website\",\"url\":\"https:\/\/bartart.it\/es\/\",\"name\":\"bArtArt\",\"description\":\"Scultura in Creta su Misura\",\"publisher\":{\"@id\":\"https:\/\/bartart.it\/es\/#\/schema\/person\/9b4776c2ef49b485779b948861bbfcaf\"},\"alternateName\":\"Sculture in Creta Personalizzate | bArtArt\",\"potentialAction\":[{\"@type\":\"SearchAction\",\"target\":{\"@type\":\"EntryPoint\",\"urlTemplate\":\"https:\/\/bartart.it\/es\/?s={search_term_string}\"},\"query-input\":{\"@type\":\"PropertyValueSpecification\",\"valueRequired\":true,\"valueName\":\"search_term_string\"}}],\"inLanguage\":\"es\"},{\"@type\":[\"Person\",\"Organization\"],\"@id\":\"https:\/\/bartart.it\/es\/#\/schema\/person\/9b4776c2ef49b485779b948861bbfcaf\",\"name\":\"Daniele Bartoli\",\"image\":{\"@type\":\"ImageObject\",\"inLanguage\":\"es\",\"@id\":\"https:\/\/bartart.it\/es\/#\/schema\/person\/image\/\",\"url\":\"https:\/\/bartart.it\/wp-content\/uploads\/2025\/05\/Logo200x200ca-3.jpg\",\"contentUrl\":\"https:\/\/bartart.it\/wp-content\/uploads\/2025\/05\/Logo200x200ca-3.jpg\",\"width\":180,\"height\":76,\"caption\":\"Daniele Bartoli\"},\"logo\":{\"@id\":\"https:\/\/bartart.it\/es\/#\/schema\/person\/image\/\"},\"sameAs\":[\"http:\/\/bartart.it\",\"https:\/\/www.facebook.com\/profile.php?id=61582712773000&sk=photos\",\"https:\/\/www.instagram.com\/bartoli.daniele\/\",\"https:\/\/it.pinterest.com\/bartartscultureincretapersonal\/\",\"https:\/\/studio.youtube.com\/channel\/UC6ShOq_jGblxgQFWzYJNbrQ\"]}]}<\/script>\n<!-- \/ Yoast SEO plugin. -->","yoast_head_json":{"title":"Detalles del lobo | Bartart","description":"Escultura con forma de cabeza de lobo e iluminaci\u00f3n integrada. Una pieza decorativa de pared visualmente impactante, ideal como luz nocturna de dise\u00f1o.","robots":{"index":"index","follow":"follow","max-snippet":"max-snippet:-1","max-image-preview":"max-image-preview:large","max-video-preview":"max-video-preview:-1"},"canonical":"https:\/\/bartart.it\/es\/detalles-del-lobo\/","og_locale":"es_ES","og_type":"article","og_title":"Detalles del lobo | Bartart","og_description":"Escultura con forma de cabeza de lobo e iluminaci\u00f3n integrada. Una pieza decorativa de pared visualmente impactante, ideal como luz nocturna de dise\u00f1o.","og_url":"https:\/\/bartart.it\/es\/detalles-del-lobo\/","og_site_name":"Bartart","article_publisher":"https:\/\/www.facebook.com\/profile.php?id=61582712773000&sk=photos","article_modified_time":"2026-05-05T10:40:28+00:00","og_image":[{"width":896,"height":1152,"url":"https:\/\/bartart.it\/wp-content\/uploads\/2025\/10\/freepik__the-style-is-candid-image-photography-with-natural__46614.jpeg","type":"image\/jpeg"}],"twitter_card":"summary_large_image","twitter_misc":{"Tiempo de lectura":"2 minutos"},"schema":{"@context":"https:\/\/schema.org","@graph":[{"@type":"WebPage","@id":"https:\/\/bartart.it\/es\/detalles-del-lobo\/","url":"https:\/\/bartart.it\/es\/detalles-del-lobo\/","name":"Detalles del lobo | Bartart","isPartOf":{"@id":"https:\/\/bartart.it\/es\/#website"},"datePublished":"2025-11-07T17:04:19+00:00","dateModified":"2026-05-05T10:40:28+00:00","description":"Escultura con forma de cabeza de lobo e iluminaci\u00f3n integrada. Una pieza decorativa de pared visualmente impactante, ideal como luz nocturna de dise\u00f1o.","breadcrumb":{"@id":"https:\/\/bartart.it\/es\/detalles-del-lobo\/#breadcrumb"},"inLanguage":"es","potentialAction":[{"@type":"ReadAction","target":["https:\/\/bartart.it\/es\/detalles-del-lobo\/"]}]},{"@type":"BreadcrumbList","@id":"https:\/\/bartart.it\/es\/detalles-del-lobo\/#breadcrumb","itemListElement":[{"@type":"ListItem","position":1,"name":"Home","item":"https:\/\/bartart.it\/es\/"},{"@type":"ListItem","position":2,"name":"Lobo \u2013 Escultura en Arcilla Hecha a Mano"}]},{"@type":"WebSite","@id":"https:\/\/bartart.it\/es\/#website","url":"https:\/\/bartart.it\/es\/","name":"bArtArt","description":"Scultura in Creta su Misura","publisher":{"@id":"https:\/\/bartart.it\/es\/#\/schema\/person\/9b4776c2ef49b485779b948861bbfcaf"},"alternateName":"Sculture in Creta Personalizzate | bArtArt","potentialAction":[{"@type":"SearchAction","target":{"@type":"EntryPoint","urlTemplate":"https:\/\/bartart.it\/es\/?s={search_term_string}"},"query-input":{"@type":"PropertyValueSpecification","valueRequired":true,"valueName":"search_term_string"}}],"inLanguage":"es"},{"@type":["Person","Organization"],"@id":"https:\/\/bartart.it\/es\/#\/schema\/person\/9b4776c2ef49b485779b948861bbfcaf","name":"Daniele Bartoli","image":{"@type":"ImageObject","inLanguage":"es","@id":"https:\/\/bartart.it\/es\/#\/schema\/person\/image\/","url":"https:\/\/bartart.it\/wp-content\/uploads\/2025\/05\/Logo200x200ca-3.jpg","contentUrl":"https:\/\/bartart.it\/wp-content\/uploads\/2025\/05\/Logo200x200ca-3.jpg","width":180,"height":76,"caption":"Daniele Bartoli"},"logo":{"@id":"https:\/\/bartart.it\/es\/#\/schema\/person\/image\/"},"sameAs":["http:\/\/bartart.it","https:\/\/www.facebook.com\/profile.php?id=61582712773000&sk=photos","https:\/\/www.instagram.com\/bartoli.daniele\/","https:\/\/it.pinterest.com\/bartartscultureincretapersonal\/","https:\/\/studio.youtube.com\/channel\/UC6ShOq_jGblxgQFWzYJNbrQ"]}]}},"_links":{"self":[{"href":"https:\/\/bartart.it\/es\/wp-json\/wp\/v2\/pages\/7794","targetHints":{"allow":["GET"]}}],"collection":[{"href":"https:\/\/bartart.it\/es\/wp-json\/wp\/v2\/pages"}],"about":[{"href":"https:\/\/bartart.it\/es\/wp-json\/wp\/v2\/types\/page"}],"author":[{"embeddable":true,"href":"https:\/\/bartart.it\/es\/wp-json\/wp\/v2\/users\/2"}],"replies":[{"embeddable":true,"href":"https:\/\/bartart.it\/es\/wp-json\/wp\/v2\/comments?post=7794"}],"version-history":[{"count":5,"href":"https:\/\/bartart.it\/es\/wp-json\/wp\/v2\/pages\/7794\/revisions"}],"predecessor-version":[{"id":8068,"href":"https:\/\/bartart.it\/es\/wp-json\/wp\/v2\/pages\/7794\/revisions\/8068"}],"wp:attachment":[{"href":"https:\/\/bartart.it\/es\/wp-json\/wp\/v2\/media?parent=7794"}],"curies":[{"name":"wp","href":"https:\/\/api.w.org\/{rel}","templated":true}]}}