{"id":7807,"date":"2025-05-19T17:49:42","date_gmt":"2025-05-19T15:49:42","guid":{"rendered":"https:\/\/bartart.it\/detalles-del-depredador\/"},"modified":"2026-05-05T12:38:36","modified_gmt":"2026-05-05T10:38:36","slug":"detalles-del-depredador","status":"publish","type":"page","link":"https:\/\/bartart.it\/es\/detalles-del-depredador\/","title":{"rendered":"Detalles del depredador"},"content":{"rendered":"<div class=\"wpb-content-wrapper\"><p>[vc_row full_width=\u00bbstretch_row\u00bb css=\u00bb.vc_custom_1761839940890{padding-top: 20px !important;padding-right: 20% !important;padding-bottom: 20px !important;padding-left: 20% !important;background-color: #000000 !important;}\u00bb][vc_column][vc_custom_heading text=\u00bbDepredador, escultura de arcilla modelada y pintada a mano.\u00bb font_container=\u00bbtag:h1|text_align:center\u00bb google_fonts=\u00bbfont_family:ABeeZee%3Aregular%2Citalic|font_style:400%20regular%3A400%3Anormal\u00bb css=\u00bb\u00bb][vc_empty_space][vc_single_image image=\u00bb7805&#8243; img_size=\u00bbfull\u00bb alignment=\u00bbcenter\u00bb onclick=\u00bblink_image\u00bb css_animation=\u00bbfadeIn\u00bb css=\u00bb\u00bb title=\u00bbPreDaTOr\u00bb][vc_empty_space][vc_column_text css=\u00bb\u00bb]<\/p>\n<p style=\"text-align: justify;\">Esta escultura representa una impresionante reinterpretaci\u00f3n del temible Depredador, uno de los personajes m\u00e1s ic\u00f3nicos y queridos del cine de ciencia ficci\u00f3n de los a\u00f1os 90. Cada detalle de la cabeza ha sido meticulosamente esculpido a mano para reproducir fielmente los rasgos \u00fanicos de esta misteriosa y peligrosa criatura. El resultado es una obra que captura no solo la apariencia del Depredador, sino tambi\u00e9n la inquietante presencia que lo hizo famoso en el mundo del cine. Fue dise\u00f1ada para exhibirse como una instalaci\u00f3n vertical, montada en una pared, con un impacto visual inmediato. El proceso de pintura se llev\u00f3 a cabo con la intenci\u00f3n de darle a la obra una apariencia extremadamente realista. El resultado final, como una escultura que parece cobrar vida, es tan preciso y detallado como la pintura, reproduciendo fielmente los tonos y texturas del personaje cinematogr\u00e1fico. La cabeza fue pintada con un realismo extraordinario, con colores y matices que imitan a la perfecci\u00f3n la piel y los detalles del \u00abrostro\u00bb del Depredador, otorg\u00e1ndole a la obra una cualidad casi hiperrealista. Se ha cuidado hasta el m\u00e1s m\u00ednimo detalle, desde los rasgos de las mand\u00edbulas hasta las cuencas de los ojos, para que la imagen sea lo m\u00e1s parecida posible al personaje ic\u00f3nico de la pel\u00edcula.<br \/>\nEs posible recibir este tipo de creaciones sin pintar, conservando el encanto primigenio de la arcilla cruda, lo que le confiere un aspecto m\u00e1s escult\u00f3rico y resalta la artesan\u00eda y la textura original del material.<\/p>\n<p>Esta escultura no es solo un homenaje al personaje de la pel\u00edcula, sino una demostraci\u00f3n de pasi\u00f3n y dedicaci\u00f3n, donde cada detalle refleja el compromiso y las horas de trabajo necesarias para lograr una representaci\u00f3n tan realista y precisa. Una obra que fascina y atrapa, transportando al observador directamente al mundo del Depredador.[\/vc_column_text][\/vc_column][\/vc_row][vc_row][vc_column][\/vc_column][\/vc_row][vc_row full_width=\u00bbstretch_row\u00bb css=\u00bb.vc_custom_1762763348204{background-color: #000000 !important;}\u00bb][vc_column width=\u00bb1\/2&#8243;][vc_raw_html css=\u00bb\u00bb]PHVsIHN0eWxlPSJmb250LXNpemU6IDIwcHg7IHdpZHRoOiBmaXQtY29udGVudDsgbWFyZ2luOiAwIGF1dG87IHBhZGRpbmctbGVmdDogMDsiPgogIDxsaT5Ob21icmUgZGUgbGEgb2JyYTogRGVwcmVkYWRvcjwvbGk+CiAgPGxpPkFuY2hvOiAxNyBjbTwvbGk+CiAgPGxpPkFsdHVyYTogMjEgY208L2xpPgogIDxsaT5Qcm9mdW5kaWRhZDogMjAgY208L2xpPgogIDxsaT5QZXNvOiAmZ3Q7MyBrZzwvbGk+CiAgPGxpPkZlY2hhOiBub3ZpZW1icmUgZGUgMjAyMzwvbGk+CjwvdWw+Cg==[\/vc_raw_html][\/vc_column][vc_column width=\u00bb1\/2&#8243;][vc_btn title=\u00bbNo se encuentra disponible el documento PDF de esta obra.\u00bb align=\u00bbright\u00bb css=\u00bb.vc_custom_1765461392284{padding-top: 40px !important;padding-bottom: 40px !important;}\u00bb link=\u00bburl:https%3A%2F%2Fbartart.it%2Fwp-content%2Fuploads%2F2025%2F12%2FTeast_Scheda_Predator_V.0.5.pdf|target:_blank|\u00bb][\/vc_column][\/vc_row][vc_row][vc_column][\/vc_column][\/vc_row][vc_row full_width=\u00bbstretch_row\u00bb css=\u00bb.vc_custom_1769177562492{background-color: #000000 !important;border-color: #000000 !important;}\u00bb][vc_column][vc_single_image image=\u00bb7806&#8243; img_size=\u00bbfull\u00bb alignment=\u00bbcenter\u00bb css=\u00bb\u00bb][\/vc_column][\/vc_row]<\/p>\n<\/div>","protected":false},"excerpt":{"rendered":"<p>[vc_row full_width=\u00bbstretch_row\u00bb css=\u00bb.vc_custom_1761839940890{padding-top: 20px !important;padding-right: 20% !important;padding-bottom: 20px !important;padding-left: 20% !important;background-color: #000000 !important;}\u00bb][vc_column][vc_custom_heading text=\u00bbDepredador, escultura de arcilla modelada y pintada a mano.\u00bb font_container=\u00bbtag:h1|text_align:center\u00bb google_fonts=\u00bbfont_family:ABeeZee%3Aregular%2Citalic|font_style:400%20regular%3A400%3Anormal\u00bb css=\u00bb\u00bb][vc_empty_space][vc_single_image image=\u00bb7805&#8243; img_size=\u00bbfull\u00bb alignment=\u00bbcenter\u00bb onclick=\u00bblink_image\u00bb css_animation=\u00bbfadeIn\u00bb css=\u00bb\u00bb title=\u00bbPreDaTOr\u00bb][vc_empty_space][vc_column_text css=\u00bb\u00bb] Esta escultura representa una impresionante reinterpretaci\u00f3n del temible Depredador, uno de los personajes m\u00e1s ic\u00f3nicos y queridos del cine de ciencia ficci\u00f3n [&hellip;]<\/p>\n","protected":false},"author":2,"featured_media":0,"parent":0,"menu_order":3,"comment_status":"closed","ping_status":"closed","template":"","meta":{"footnotes":""},"class_list":["post-7807","page","type-page","status-publish","hentry"],"yoast_head":"<!-- This site is optimized with the Yoast SEO plugin v26.8 - https:\/\/yoast.com\/product\/yoast-seo-wordpress\/ -->\n<title>Detalles del depredador | Bartart<\/title>\n<meta name=\"description\" content=\"Cabeza alien\u00edgena inspirada en las pel\u00edculas de ciencia ficci\u00f3n de los a\u00f1os 90, esculpida y pintada a mano con detalles hiperrealistas. Instalaci\u00f3n mural con un fuerte impacto esc\u00e9nico.\" \/>\n<meta name=\"robots\" content=\"index, follow, max-snippet:-1, max-image-preview:large, max-video-preview:-1\" \/>\n<link rel=\"canonical\" href=\"https:\/\/bartart.it\/es\/detalles-del-depredador\/\" \/>\n<meta property=\"og:locale\" content=\"es_ES\" \/>\n<meta property=\"og:type\" content=\"article\" \/>\n<meta property=\"og:title\" content=\"Detalles del depredador | Bartart\" \/>\n<meta property=\"og:description\" content=\"Cabeza alien\u00edgena inspirada en las pel\u00edculas de ciencia ficci\u00f3n de los a\u00f1os 90, esculpida y pintada a mano con detalles hiperrealistas. Instalaci\u00f3n mural con un fuerte impacto esc\u00e9nico.\" \/>\n<meta property=\"og:url\" content=\"https:\/\/bartart.it\/es\/detalles-del-depredador\/\" \/>\n<meta property=\"og:site_name\" content=\"Bartart\" \/>\n<meta property=\"article:publisher\" content=\"https:\/\/www.facebook.com\/profile.php?id=61582712773000&amp;sk=photos\" \/>\n<meta property=\"article:modified_time\" content=\"2026-05-05T10:38:36+00:00\" \/>\n<meta property=\"og:image\" content=\"https:\/\/bartart.it\/wp-content\/uploads\/2025\/10\/freepik__the-style-is-candid-image-photography-with-natural__46614.jpeg\" \/>\n\t<meta property=\"og:image:width\" content=\"896\" \/>\n\t<meta property=\"og:image:height\" content=\"1152\" \/>\n\t<meta property=\"og:image:type\" content=\"image\/jpeg\" \/>\n<meta name=\"twitter:card\" content=\"summary_large_image\" \/>\n<meta name=\"twitter:label1\" content=\"Tiempo de lectura\" \/>\n\t<meta name=\"twitter:data1\" content=\"2 minutos\" \/>\n<script type=\"application\/ld+json\" class=\"yoast-schema-graph\">{\"@context\":\"https:\/\/schema.org\",\"@graph\":[{\"@type\":\"WebPage\",\"@id\":\"https:\/\/bartart.it\/es\/detalles-del-depredador\/\",\"url\":\"https:\/\/bartart.it\/es\/detalles-del-depredador\/\",\"name\":\"Detalles del depredador | Bartart\",\"isPartOf\":{\"@id\":\"https:\/\/bartart.it\/es\/#website\"},\"datePublished\":\"2025-05-19T15:49:42+00:00\",\"dateModified\":\"2026-05-05T10:38:36+00:00\",\"description\":\"Cabeza alien\u00edgena inspirada en las pel\u00edculas de ciencia ficci\u00f3n de los a\u00f1os 90, esculpida y pintada a mano con detalles hiperrealistas. Instalaci\u00f3n mural con un fuerte impacto esc\u00e9nico.\",\"breadcrumb\":{\"@id\":\"https:\/\/bartart.it\/es\/detalles-del-depredador\/#breadcrumb\"},\"inLanguage\":\"es\",\"potentialAction\":[{\"@type\":\"ReadAction\",\"target\":[\"https:\/\/bartart.it\/es\/detalles-del-depredador\/\"]}]},{\"@type\":\"BreadcrumbList\",\"@id\":\"https:\/\/bartart.it\/es\/detalles-del-depredador\/#breadcrumb\",\"itemListElement\":[{\"@type\":\"ListItem\",\"position\":1,\"name\":\"Home\",\"item\":\"https:\/\/bartart.it\/es\/\"},{\"@type\":\"ListItem\",\"position\":2,\"name\":\"Predator \u2013 Escultura en Arcilla Hecha a Mano\"}]},{\"@type\":\"WebSite\",\"@id\":\"https:\/\/bartart.it\/es\/#website\",\"url\":\"https:\/\/bartart.it\/es\/\",\"name\":\"bArtArt\",\"description\":\"Scultura in Creta su Misura\",\"publisher\":{\"@id\":\"https:\/\/bartart.it\/es\/#\/schema\/person\/9b4776c2ef49b485779b948861bbfcaf\"},\"alternateName\":\"Sculture in Creta Personalizzate | bArtArt\",\"potentialAction\":[{\"@type\":\"SearchAction\",\"target\":{\"@type\":\"EntryPoint\",\"urlTemplate\":\"https:\/\/bartart.it\/es\/?s={search_term_string}\"},\"query-input\":{\"@type\":\"PropertyValueSpecification\",\"valueRequired\":true,\"valueName\":\"search_term_string\"}}],\"inLanguage\":\"es\"},{\"@type\":[\"Person\",\"Organization\"],\"@id\":\"https:\/\/bartart.it\/es\/#\/schema\/person\/9b4776c2ef49b485779b948861bbfcaf\",\"name\":\"Daniele Bartoli\",\"image\":{\"@type\":\"ImageObject\",\"inLanguage\":\"es\",\"@id\":\"https:\/\/bartart.it\/es\/#\/schema\/person\/image\/\",\"url\":\"https:\/\/bartart.it\/wp-content\/uploads\/2025\/05\/Logo200x200ca-3.jpg\",\"contentUrl\":\"https:\/\/bartart.it\/wp-content\/uploads\/2025\/05\/Logo200x200ca-3.jpg\",\"width\":180,\"height\":76,\"caption\":\"Daniele Bartoli\"},\"logo\":{\"@id\":\"https:\/\/bartart.it\/es\/#\/schema\/person\/image\/\"},\"sameAs\":[\"http:\/\/bartart.it\",\"https:\/\/www.facebook.com\/profile.php?id=61582712773000&sk=photos\",\"https:\/\/www.instagram.com\/bartoli.daniele\/\",\"https:\/\/it.pinterest.com\/bartartscultureincretapersonal\/\",\"https:\/\/studio.youtube.com\/channel\/UC6ShOq_jGblxgQFWzYJNbrQ\"]}]}<\/script>\n<!-- \/ Yoast SEO plugin. -->","yoast_head_json":{"title":"Detalles del depredador | Bartart","description":"Cabeza alien\u00edgena inspirada en las pel\u00edculas de ciencia ficci\u00f3n de los a\u00f1os 90, esculpida y pintada a mano con detalles hiperrealistas. Instalaci\u00f3n mural con un fuerte impacto esc\u00e9nico.","robots":{"index":"index","follow":"follow","max-snippet":"max-snippet:-1","max-image-preview":"max-image-preview:large","max-video-preview":"max-video-preview:-1"},"canonical":"https:\/\/bartart.it\/es\/detalles-del-depredador\/","og_locale":"es_ES","og_type":"article","og_title":"Detalles del depredador | Bartart","og_description":"Cabeza alien\u00edgena inspirada en las pel\u00edculas de ciencia ficci\u00f3n de los a\u00f1os 90, esculpida y pintada a mano con detalles hiperrealistas. Instalaci\u00f3n mural con un fuerte impacto esc\u00e9nico.","og_url":"https:\/\/bartart.it\/es\/detalles-del-depredador\/","og_site_name":"Bartart","article_publisher":"https:\/\/www.facebook.com\/profile.php?id=61582712773000&sk=photos","article_modified_time":"2026-05-05T10:38:36+00:00","og_image":[{"width":896,"height":1152,"url":"https:\/\/bartart.it\/wp-content\/uploads\/2025\/10\/freepik__the-style-is-candid-image-photography-with-natural__46614.jpeg","type":"image\/jpeg"}],"twitter_card":"summary_large_image","twitter_misc":{"Tiempo de lectura":"2 minutos"},"schema":{"@context":"https:\/\/schema.org","@graph":[{"@type":"WebPage","@id":"https:\/\/bartart.it\/es\/detalles-del-depredador\/","url":"https:\/\/bartart.it\/es\/detalles-del-depredador\/","name":"Detalles del depredador | Bartart","isPartOf":{"@id":"https:\/\/bartart.it\/es\/#website"},"datePublished":"2025-05-19T15:49:42+00:00","dateModified":"2026-05-05T10:38:36+00:00","description":"Cabeza alien\u00edgena inspirada en las pel\u00edculas de ciencia ficci\u00f3n de los a\u00f1os 90, esculpida y pintada a mano con detalles hiperrealistas. Instalaci\u00f3n mural con un fuerte impacto esc\u00e9nico.","breadcrumb":{"@id":"https:\/\/bartart.it\/es\/detalles-del-depredador\/#breadcrumb"},"inLanguage":"es","potentialAction":[{"@type":"ReadAction","target":["https:\/\/bartart.it\/es\/detalles-del-depredador\/"]}]},{"@type":"BreadcrumbList","@id":"https:\/\/bartart.it\/es\/detalles-del-depredador\/#breadcrumb","itemListElement":[{"@type":"ListItem","position":1,"name":"Home","item":"https:\/\/bartart.it\/es\/"},{"@type":"ListItem","position":2,"name":"Predator \u2013 Escultura en Arcilla Hecha a Mano"}]},{"@type":"WebSite","@id":"https:\/\/bartart.it\/es\/#website","url":"https:\/\/bartart.it\/es\/","name":"bArtArt","description":"Scultura in Creta su Misura","publisher":{"@id":"https:\/\/bartart.it\/es\/#\/schema\/person\/9b4776c2ef49b485779b948861bbfcaf"},"alternateName":"Sculture in Creta Personalizzate | bArtArt","potentialAction":[{"@type":"SearchAction","target":{"@type":"EntryPoint","urlTemplate":"https:\/\/bartart.it\/es\/?s={search_term_string}"},"query-input":{"@type":"PropertyValueSpecification","valueRequired":true,"valueName":"search_term_string"}}],"inLanguage":"es"},{"@type":["Person","Organization"],"@id":"https:\/\/bartart.it\/es\/#\/schema\/person\/9b4776c2ef49b485779b948861bbfcaf","name":"Daniele Bartoli","image":{"@type":"ImageObject","inLanguage":"es","@id":"https:\/\/bartart.it\/es\/#\/schema\/person\/image\/","url":"https:\/\/bartart.it\/wp-content\/uploads\/2025\/05\/Logo200x200ca-3.jpg","contentUrl":"https:\/\/bartart.it\/wp-content\/uploads\/2025\/05\/Logo200x200ca-3.jpg","width":180,"height":76,"caption":"Daniele Bartoli"},"logo":{"@id":"https:\/\/bartart.it\/es\/#\/schema\/person\/image\/"},"sameAs":["http:\/\/bartart.it","https:\/\/www.facebook.com\/profile.php?id=61582712773000&sk=photos","https:\/\/www.instagram.com\/bartoli.daniele\/","https:\/\/it.pinterest.com\/bartartscultureincretapersonal\/","https:\/\/studio.youtube.com\/channel\/UC6ShOq_jGblxgQFWzYJNbrQ"]}]}},"_links":{"self":[{"href":"https:\/\/bartart.it\/es\/wp-json\/wp\/v2\/pages\/7807","targetHints":{"allow":["GET"]}}],"collection":[{"href":"https:\/\/bartart.it\/es\/wp-json\/wp\/v2\/pages"}],"about":[{"href":"https:\/\/bartart.it\/es\/wp-json\/wp\/v2\/types\/page"}],"author":[{"embeddable":true,"href":"https:\/\/bartart.it\/es\/wp-json\/wp\/v2\/users\/2"}],"replies":[{"embeddable":true,"href":"https:\/\/bartart.it\/es\/wp-json\/wp\/v2\/comments?post=7807"}],"version-history":[{"count":5,"href":"https:\/\/bartart.it\/es\/wp-json\/wp\/v2\/pages\/7807\/revisions"}],"predecessor-version":[{"id":8064,"href":"https:\/\/bartart.it\/es\/wp-json\/wp\/v2\/pages\/7807\/revisions\/8064"}],"wp:attachment":[{"href":"https:\/\/bartart.it\/es\/wp-json\/wp\/v2\/media?parent=7807"}],"curies":[{"name":"wp","href":"https:\/\/api.w.org\/{rel}","templated":true}]}}